{"id":963,"date":"2024-03-26T13:20:28","date_gmt":"2024-03-26T17:20:28","guid":{"rendered":"https:\/\/www.distrocan.ca\/product\/20-x-25-drain-de-plancher\/"},"modified":"2025-03-08T18:17:27","modified_gmt":"2025-03-08T23:17:27","slug":"20-x-25-drain-de-plancher","status":"publish","type":"product","link":"https:\/\/www.distrocan.ca\/fr\/produit\/20-x-25-drain-de-plancher\/","title":{"rendered":"Drain de Plancher &#8211; 18&#8221; x 24&#8221; x 25&#8221;"},"content":{"rendered":"<p>Accessoire de drainage en PEHD con\u00e7u pour diverses applications de drainage, principalement utilis\u00e9 comme fosse de pompe de puisard \u00e0 l&#8217;\u00e9preuve du radon.<\/p>\n<p>Couvercle non inclus (\u00e0 l&#8217;\u00e9preuve du radon)<br \/>\nRaccords HDPE<\/p>\n","protected":false},"excerpt":{"rendered":"","protected":false},"featured_media":962,"template":"","meta":[],"product_brand":[],"product_cat":[71,151],"product_tag":[],"class_list":{"0":"post-963","1":"product","2":"type-product","3":"status-publish","4":"has-post-thumbnail","6":"product_cat-boites-de-drainage","7":"product_cat-plastique","8":"no-featured-image-padding","10":"first","11":"instock","12":"shipping-taxable","13":"product-type-simple"},"_links":{"self":[{"href":"https:\/\/www.distrocan.ca\/fr\/wp-json\/wp\/v2\/product\/963","targetHints":{"allow":["GET"]}}],"collection":[{"href":"https:\/\/www.distrocan.ca\/fr\/wp-json\/wp\/v2\/product"}],"about":[{"href":"https:\/\/www.distrocan.ca\/fr\/wp-json\/wp\/v2\/types\/product"}],"wp:featuredmedia":[{"embeddable":true,"href":"https:\/\/www.distrocan.ca\/fr\/wp-json\/wp\/v2\/media\/962"}],"wp:attachment":[{"href":"https:\/\/www.distrocan.ca\/fr\/wp-json\/wp\/v2\/media?parent=963"}],"wp:term":[{"taxonomy":"product_brand","embeddable":true,"href":"https:\/\/www.distrocan.ca\/fr\/wp-json\/wp\/v2\/product_brand?post=963"},{"taxonomy":"product_cat","embeddable":true,"href":"https:\/\/www.distrocan.ca\/fr\/wp-json\/wp\/v2\/product_cat?post=963"},{"taxonomy":"product_tag","embeddable":true,"href":"https:\/\/www.distrocan.ca\/fr\/wp-json\/wp\/v2\/product_tag?post=963"}],"curies":[{"name":"wp","href":"https:\/\/api.w.org\/{rel}","templated":true}]}}