{"id":784,"date":"2023-06-02T13:12:19","date_gmt":"2023-06-02T17:12:19","guid":{"rendered":"https:\/\/www.distrocan.ca\/product\/delta-sealant\/"},"modified":"2026-03-20T17:21:05","modified_gmt":"2026-03-20T21:21:05","slug":"delta-sealant","status":"publish","type":"product","link":"https:\/\/www.distrocan.ca\/fr\/produit\/delta-sealant\/","title":{"rendered":"Delta Sealant"},"content":{"rendered":"<p class=\"p1\"><span class=\"s1\">Le DELTA\u00ae-SEALANT est un compos\u00e9 de mastic \u00e9lastique destin\u00e9 \u00e0 l\u2019installation du DELTA\u00ae-MS et du DELTA\u00ae-DRAIN.<\/span><\/p>\n<p class=\"p1\"><span class=\"s1\">Le produit est une formulation de mastic noir qui permet de sceller herm\u00e9tiquement la languette plate et les chevauchements entre les membranes pendant le processus d\u2019installation. Le mastic permet \u00e9galement de sceller les espaces dans la membrane cr\u00e9\u00e9s lors des installations d\u2019angles int\u00e9rieurs et ext\u00e9rieurs o\u00f9 il est impossible de l\u2019ajuster avec pr\u00e9cision.<\/span><\/p>\n<p><a href=\"https:\/\/www.distrocan.ca\/wp-content\/uploads\/2026\/03\/DELTA-SEALANT-FDS-FR.pdf\" target=\"_blank\" rel=\"noopener\">Fiche de donn\u00e9es de s\u00e9curit\u00e9<\/a><br \/>\n<a href=\"https:\/\/www.distrocan.ca\/wp-content\/uploads\/2023\/06\/DELTA-SEALANT-Technical-Data.pdf\" target=\"_blank\" rel=\"noopener\">Fiche technique<\/a><\/p>\n","protected":false},"excerpt":{"rendered":"","protected":false},"featured_media":803,"template":"","meta":[],"product_brand":[],"product_cat":[150,149,65],"product_tag":[],"class_list":{"0":"post-784","1":"product","2":"type-product","3":"status-publish","4":"has-post-thumbnail","6":"product_cat-accessoires-produits-delta","7":"product_cat-produits-delta","8":"product_cat-tous","9":"no-featured-image-padding","10":"resize-featured-image","12":"first","13":"instock","14":"shipping-taxable","15":"product-type-simple"},"_links":{"self":[{"href":"https:\/\/www.distrocan.ca\/fr\/wp-json\/wp\/v2\/product\/784","targetHints":{"allow":["GET"]}}],"collection":[{"href":"https:\/\/www.distrocan.ca\/fr\/wp-json\/wp\/v2\/product"}],"about":[{"href":"https:\/\/www.distrocan.ca\/fr\/wp-json\/wp\/v2\/types\/product"}],"wp:featuredmedia":[{"embeddable":true,"href":"https:\/\/www.distrocan.ca\/fr\/wp-json\/wp\/v2\/media\/803"}],"wp:attachment":[{"href":"https:\/\/www.distrocan.ca\/fr\/wp-json\/wp\/v2\/media?parent=784"}],"wp:term":[{"taxonomy":"product_brand","embeddable":true,"href":"https:\/\/www.distrocan.ca\/fr\/wp-json\/wp\/v2\/product_brand?post=784"},{"taxonomy":"product_cat","embeddable":true,"href":"https:\/\/www.distrocan.ca\/fr\/wp-json\/wp\/v2\/product_cat?post=784"},{"taxonomy":"product_tag","embeddable":true,"href":"https:\/\/www.distrocan.ca\/fr\/wp-json\/wp\/v2\/product_tag?post=784"}],"curies":[{"name":"wp","href":"https:\/\/api.w.org\/{rel}","templated":true}]}}