{"id":782,"date":"2023-06-02T13:11:36","date_gmt":"2023-06-02T17:11:36","guid":{"rendered":"https:\/\/www.distrocan.ca\/product\/delta-mold-strip\/"},"modified":"2026-03-03T15:38:29","modified_gmt":"2026-03-03T20:38:29","slug":"delta-mold-strip","status":"publish","type":"product","link":"https:\/\/www.distrocan.ca\/fr\/produit\/delta-mold-strip\/","title":{"rendered":"Delta Mold Strip"},"content":{"rendered":"<p class=\"p1\">DELTA\u00ae-MOLD STRIP est une bande moul\u00e9e destin\u00e9e \u00e0 la finition de l&#8217;installation des membranes DELTA\u00ae-MS et DELTA\u00ae-DRAIN, autour des fen\u00eatres et des portes, ainsi qu\u2019au niveau du sol et aux changements de niveau dans les fondations. Cette bande se fixe au moyen de clous \u00e0 b\u00e9ton.<\/p>\n","protected":false},"excerpt":{"rendered":"","protected":false},"featured_media":804,"template":"","meta":[],"product_brand":[],"product_cat":[150,149,65],"product_tag":[],"class_list":{"0":"post-782","1":"product","2":"type-product","3":"status-publish","4":"has-post-thumbnail","6":"product_cat-accessoires-produits-delta","7":"product_cat-produits-delta","8":"product_cat-tous","9":"no-featured-image-padding","10":"resize-featured-image","12":"first","13":"instock","14":"shipping-taxable","15":"product-type-simple"},"_links":{"self":[{"href":"https:\/\/www.distrocan.ca\/fr\/wp-json\/wp\/v2\/product\/782","targetHints":{"allow":["GET"]}}],"collection":[{"href":"https:\/\/www.distrocan.ca\/fr\/wp-json\/wp\/v2\/product"}],"about":[{"href":"https:\/\/www.distrocan.ca\/fr\/wp-json\/wp\/v2\/types\/product"}],"wp:featuredmedia":[{"embeddable":true,"href":"https:\/\/www.distrocan.ca\/fr\/wp-json\/wp\/v2\/media\/804"}],"wp:attachment":[{"href":"https:\/\/www.distrocan.ca\/fr\/wp-json\/wp\/v2\/media?parent=782"}],"wp:term":[{"taxonomy":"product_brand","embeddable":true,"href":"https:\/\/www.distrocan.ca\/fr\/wp-json\/wp\/v2\/product_brand?post=782"},{"taxonomy":"product_cat","embeddable":true,"href":"https:\/\/www.distrocan.ca\/fr\/wp-json\/wp\/v2\/product_cat?post=782"},{"taxonomy":"product_tag","embeddable":true,"href":"https:\/\/www.distrocan.ca\/fr\/wp-json\/wp\/v2\/product_tag?post=782"}],"curies":[{"name":"wp","href":"https:\/\/api.w.org\/{rel}","templated":true}]}}