{"id":780,"date":"2023-06-02T13:10:53","date_gmt":"2023-06-02T17:10:53","guid":{"rendered":"https:\/\/www.distrocan.ca\/product\/delta-fastner\/"},"modified":"2026-03-03T15:38:31","modified_gmt":"2026-03-03T20:38:31","slug":"delta-fastner","status":"publish","type":"product","link":"https:\/\/www.distrocan.ca\/fr\/produit\/delta-fastner\/","title":{"rendered":"Delta Fastner"},"content":{"rendered":"<p class=\"p1\">Le DELTA\u00ae-FAST&#8217;ner est un dispositif de fixation \u00e0 crampons multiples permettant de fixer solidement les membranes DELTA\u00ae-MS et DELTA\u00ae-DRAIN au mur de fondation. Il offre une force de maintien sup\u00e9rieure qui pr\u00e9vient les risques de d\u00e9chirures aux points de fixation au moment du remblayage.<\/p>\n","protected":false},"excerpt":{"rendered":"","protected":false},"featured_media":806,"template":"","meta":[],"product_brand":[],"product_cat":[150,149,65],"product_tag":[],"class_list":{"0":"post-780","1":"product","2":"type-product","3":"status-publish","4":"has-post-thumbnail","6":"product_cat-accessoires-produits-delta","7":"product_cat-produits-delta","8":"product_cat-tous","9":"no-featured-image-padding","10":"resize-featured-image","12":"first","13":"instock","14":"shipping-taxable","15":"product-type-simple"},"_links":{"self":[{"href":"https:\/\/www.distrocan.ca\/fr\/wp-json\/wp\/v2\/product\/780","targetHints":{"allow":["GET"]}}],"collection":[{"href":"https:\/\/www.distrocan.ca\/fr\/wp-json\/wp\/v2\/product"}],"about":[{"href":"https:\/\/www.distrocan.ca\/fr\/wp-json\/wp\/v2\/types\/product"}],"wp:featuredmedia":[{"embeddable":true,"href":"https:\/\/www.distrocan.ca\/fr\/wp-json\/wp\/v2\/media\/806"}],"wp:attachment":[{"href":"https:\/\/www.distrocan.ca\/fr\/wp-json\/wp\/v2\/media?parent=780"}],"wp:term":[{"taxonomy":"product_brand","embeddable":true,"href":"https:\/\/www.distrocan.ca\/fr\/wp-json\/wp\/v2\/product_brand?post=780"},{"taxonomy":"product_cat","embeddable":true,"href":"https:\/\/www.distrocan.ca\/fr\/wp-json\/wp\/v2\/product_cat?post=780"},{"taxonomy":"product_tag","embeddable":true,"href":"https:\/\/www.distrocan.ca\/fr\/wp-json\/wp\/v2\/product_tag?post=780"}],"curies":[{"name":"wp","href":"https:\/\/api.w.org\/{rel}","templated":true}]}}