{"id":772,"date":"2023-06-02T13:04:35","date_gmt":"2023-06-02T17:04:35","guid":{"rendered":"https:\/\/www.distrocan.ca\/product\/delta-ms\/"},"modified":"2026-03-20T17:23:29","modified_gmt":"2026-03-20T21:23:29","slug":"delta-ms","status":"publish","type":"product","link":"https:\/\/www.distrocan.ca\/fr\/produit\/delta-ms\/","title":{"rendered":"Delta MS"},"content":{"rendered":"<p class=\"p1\">Prot\u00e9ger vos fondations contre l&#8217;eau et l&#8217;humidit\u00e9 est essentiel. DELTA\u00ae-MS est une membrane \u00e0 bosses qui utilise la technologie exclusive de la lame d&#8217;air pour garantir la durabilit\u00e9 et la s\u00e9cheresse de vos sous-sols. Fabriqu\u00e9 \u00e0 partir de 60% de mat\u00e9riaux recycl\u00e9s et de 40% de mat\u00e9riaux vierges, le processus de co-extrusion et les bosses d\u00e9cal\u00e9es de DELTA\u00ae-MS lui conf\u00e8rent une r\u00e9sistance \u00e0 la compression et aux chocs accrue, assurant ainsi une performance et une protection durables, notamment par rapport aux autres membranes g\u00e9n\u00e9ralement fabriqu\u00e9es \u00e0 partir de 100% de mat\u00e9riaux recycl\u00e9s et de<br \/>\npulv\u00e9risations.<\/p>\n<p class=\"p1\"><span class=\"s1\">\u2022<\/span><span class=\"s2\"><span class=\"Apple-converted-space\">\u00a0 <\/span>Membrane alv\u00e9olaire en poly\u00e9thyl\u00e8ne haute densit\u00e9 (PEHD)<br \/>\n<\/span><span class=\"s1\">\u2022<\/span><span class=\"s2\"><span class=\"Apple-converted-space\">\u00a0 <\/span>Un produit co-extrud\u00e9 &#8211; 60 % de PEHD recycl\u00e9 et 40 % de PEHD vierge<br \/>\n<\/span><span class=\"s1\">\u2022<\/span><span class=\"s2\"><span class=\"Apple-converted-space\">\u00a0 <\/span>La couche ext\u00e9rieure en PEHD vierge et le noyau en PEHD recycl\u00e9 en font la membrane alv\u00e9olaire la plus durable du march\u00e9<br \/>\n<\/span><span class=\"s1\">\u2022<\/span><span class=\"s2\"><span class=\"Apple-converted-space\">\u00a0 <\/span>Les alv\u00e9oles form\u00e9es sous vide permettent \u00e0 l&#8217;eau de s&#8217;\u00e9couler dans le drain de la fondation<br \/>\n<\/span><span class=\"s1\">\u2022<\/span><span class=\"s2\"><span class=\"Apple-converted-space\">\u00a0 <\/span>Disponible en plusieurs tailles pour une installation facile sur des fondations de diff\u00e9rentes hauteurs<br \/>\n<\/span><span class=\"s1\">\u2022<\/span><span class=\"s2\"><span class=\"Apple-converted-space\">\u00a0 <\/span>Imperm\u00e9able \u00e0 l&#8217;eau et \u00e0 la vapeur d&#8217;eau, ce qui permet de garder les sous-sols secs<br \/>\n<\/span><span class=\"s1\">\u2022<\/span><span class=\"s2\"><span class=\"Apple-converted-space\">\u00a0 <\/span>Conforme \u00e0 toutes les exigences du code du b\u00e2timent aux \u00c9tats-Unis et au Canada<br \/>\n<\/span><span class=\"s1\">\u2022<\/span><span class=\"s2\"><span class=\"Apple-converted-space\">\u00a0 <\/span>Deux lignes de d\u00e9fense contre l&#8217;intrusion d&#8217;eau : la membrane alv\u00e9olaire assure une coupure capillaire; la lame d&#8217;air permet \u00e0 l&#8217;eau de s&#8217;\u00e9couler librement par gravit\u00e9<br \/>\n<\/span><span class=\"s1\">\u2022<\/span><span class=\"s2\"><span class=\"Apple-converted-space\">\u00a0 <\/span>\u00c9limine l&#8217;humidit\u00e9 int\u00e9rieure et les odeurs de moisi<br \/>\n<\/span><span class=\"s1\">\u2022<\/span><span class=\"s2\"><span class=\"Apple-converted-space\">\u00a0 <\/span>Comble de mani\u00e8re fiable les fissures de fondation et d\u00e9vie l&#8217;humidit\u00e9 du sol, contrairement aux applications en a\u00e9rosol bitumineuses<br \/>\n<\/span><span class=\"s1\">\u2022<\/span><span class=\"s2\"><span class=\"Apple-converted-space\">\u00a0 <\/span>Continue \u00e0 fonctionner m\u00eame si les fondations se d\u00e9placent ou se fissurent<br \/>\n<\/span><span class=\"s1\">\u2022<\/span><span class=\"s2\"><span class=\"Apple-converted-space\">\u00a0 <\/span>Pas d&#8217;odeurs chimiques d\u00e9sagr\u00e9ables ni de COV dangereux<br \/>\n<\/span><span class=\"s1\">\u2022<\/span><span class=\"s2\"><span class=\"Apple-converted-space\">\u00a0 <\/span>R\u00e9siste aux dommages caus\u00e9s par les remblais, comme les pierres et les d\u00e9bris<br \/>\n<\/span><span class=\"s1\">\u2022<\/span><span class=\"s2\"><span class=\"Apple-converted-space\">\u00a0 <\/span>S&#8217;installe en toute saison<br \/>\n<\/span><span class=\"s1\">\u2022<\/span><span class=\"s2\"><span class=\"Apple-converted-space\">\u00a0 <\/span>D\u00e9clarer l&#8217;\u00e9tiquette : Liste rouge gratuite<\/span><\/p>\n<p><a href=\"https:\/\/www.distrocan.ca\/wp-content\/uploads\/2026\/03\/DELTA-MS-SDS-EN.pdf\" target=\"_blank\" rel=\"noopener\">Fiche de donn\u00e9es de s\u00e9curit\u00e9<\/a><br \/>\n<a href=\"https:\/\/www.distrocan.ca\/wp-content\/uploads\/2023\/06\/DELTA-MS-Technical-Data.pdf\" target=\"_blank\" rel=\"noopener\">Fiche technique<\/a><\/p>\n","protected":false},"excerpt":{"rendered":"","protected":false},"featured_media":769,"template":"","meta":[],"product_brand":[],"product_cat":[98,149,65],"product_tag":[],"class_list":{"0":"post-772","1":"product","2":"type-product","3":"status-publish","4":"has-post-thumbnail","6":"product_cat-membranes","7":"product_cat-produits-delta","8":"product_cat-tous","9":"no-featured-image-padding","11":"first","12":"instock","13":"shipping-taxable","14":"product-type-simple"},"_links":{"self":[{"href":"https:\/\/www.distrocan.ca\/fr\/wp-json\/wp\/v2\/product\/772","targetHints":{"allow":["GET"]}}],"collection":[{"href":"https:\/\/www.distrocan.ca\/fr\/wp-json\/wp\/v2\/product"}],"about":[{"href":"https:\/\/www.distrocan.ca\/fr\/wp-json\/wp\/v2\/types\/product"}],"wp:featuredmedia":[{"embeddable":true,"href":"https:\/\/www.distrocan.ca\/fr\/wp-json\/wp\/v2\/media\/769"}],"wp:attachment":[{"href":"https:\/\/www.distrocan.ca\/fr\/wp-json\/wp\/v2\/media?parent=772"}],"wp:term":[{"taxonomy":"product_brand","embeddable":true,"href":"https:\/\/www.distrocan.ca\/fr\/wp-json\/wp\/v2\/product_brand?post=772"},{"taxonomy":"product_cat","embeddable":true,"href":"https:\/\/www.distrocan.ca\/fr\/wp-json\/wp\/v2\/product_cat?post=772"},{"taxonomy":"product_tag","embeddable":true,"href":"https:\/\/www.distrocan.ca\/fr\/wp-json\/wp\/v2\/product_tag?post=772"}],"curies":[{"name":"wp","href":"https:\/\/api.w.org\/{rel}","templated":true}]}}