{"id":766,"date":"2023-06-02T12:58:10","date_gmt":"2023-06-02T16:58:10","guid":{"rendered":"https:\/\/www.distrocan.ca\/product\/delta-dry-lath\/"},"modified":"2026-03-20T17:24:51","modified_gmt":"2026-03-20T21:24:51","slug":"delta-dry-lath","status":"publish","type":"product","link":"https:\/\/www.distrocan.ca\/fr\/produit\/delta-dry-lath\/","title":{"rendered":"Delta Dry &#038; Lath"},"content":{"rendered":"<p class=\"p1\">L&#8217;installation s\u00e9par\u00e9e d&#8217;un \u00e9cran pare-pluie et d&#8217;une latte n\u00e9cessite des fixations suppl\u00e9mentaires et augmente les co\u00fbts de main-d&#8217;\u0153uvre. Le DELTA\u00ae-DRY &amp; LATH est un produit 2-en-1 qui combine la technologie \u00e9prouv\u00e9e de l&#8217;\u00e9cran pare-pluie DELTA\u00ae-DRY avec une latte en fibre de verre innovante, offrant ainsi un syst\u00e8me complet de contr\u00f4le de l&#8217;humidit\u00e9 et de support en une seule \u00e9tape<span class=\"s1\">.<\/span><\/p>\n<p class=\"p1\"><span class=\"s1\">\u2022<\/span> Pare-pluie ventil\u00e9e avec latte de verre pr\u00e9-install\u00e9e pour les rev\u00eatements en pierre manufactur\u00e9e et en stuc conventionnel<br \/>\n\u2022 Membrane pare-pluie avec technologie d\u2019entrefer, fabriqu\u00e9e \u00e0 partir d&#8217;un poly\u00e9thyl\u00e8ne haute densit\u00e9 (PEHD) sp\u00e9cial<br \/>\n\u2022 Latte de verre r\u00e9sistant aux alcalis qui remplace la latte m\u00e9tallique pour l&#8217;application du ragr\u00e9age<br \/>\n\u2022 Drainage et ventilation sur deux c\u00f4t\u00e9s gr\u00e2ce \u00e0 une conception unique d\u2019alv\u00e9oles et de rainures<br \/>\n\u2022 Le DELTA\u00ae-DRY &amp; LATH est facile, s\u00fbr et rapide \u00e0 installer<br \/>\n\u2022 La solution 2 en 1 r\u00e9duit les co\u00fbts de main-d&#8217;\u0153uvre lorsqu&#8217;elle est utilis\u00e9e avec des rev\u00eatements n\u00e9cessitant du ragr\u00e9age<br \/>\n\u2022 Le DELTA\u00ae-DRY &amp; LATH est dot\u00e9 d&#8217;une latte de verre pr\u00e9install\u00e9e le rendant ainsi id\u00e9al pour l&#8217;installation de rev\u00eatements absorbants<br \/>\n\u2022 Drainage et ventilation par l\u2019entrefer sur les c\u00f4t\u00e9s int\u00e9rieur et ext\u00e9rieur de la membrane<br \/>\n\u2022 Int\u00e9grit\u00e9 structurelle \u00e0 long terme en raison d&#8217;un potentiel r\u00e9duit d&#8217;infiltration d&#8217;eau<br \/>\n\u2022 La latte de verre pr\u00e9install\u00e9e, r\u00e9sistante aux alcalis, est conforme \u00e0 la norme ICC-ES AC 275 (exigences MVMA).<br \/>\n\u2022 R\u00e9pond \u00e0 la norme ASTM E2925-17 (Sp\u00e9cification standard pour les mat\u00e9riaux polym\u00e8res manufactur\u00e9s de drainage et de ventilation utilis\u00e9s pour assurer une fonction de pare-pluie)<\/p>\n<p><a href=\"https:\/\/www.distrocan.ca\/wp-content\/uploads\/2023\/06\/DELTA-DRY-LATH-Technical-data-2023.pdf\" target=\"_blank\" rel=\"noopener\">Fiche technique<\/a><\/p>\n","protected":false},"excerpt":{"rendered":"","protected":false},"featured_media":761,"template":"","meta":[],"product_brand":[],"product_cat":[98,149,65],"product_tag":[],"class_list":{"0":"post-766","1":"product","2":"type-product","3":"status-publish","4":"has-post-thumbnail","6":"product_cat-membranes","7":"product_cat-produits-delta","8":"product_cat-tous","9":"no-featured-image-padding","11":"first","12":"instock","13":"shipping-taxable","14":"product-type-simple"},"_links":{"self":[{"href":"https:\/\/www.distrocan.ca\/fr\/wp-json\/wp\/v2\/product\/766","targetHints":{"allow":["GET"]}}],"collection":[{"href":"https:\/\/www.distrocan.ca\/fr\/wp-json\/wp\/v2\/product"}],"about":[{"href":"https:\/\/www.distrocan.ca\/fr\/wp-json\/wp\/v2\/types\/product"}],"wp:featuredmedia":[{"embeddable":true,"href":"https:\/\/www.distrocan.ca\/fr\/wp-json\/wp\/v2\/media\/761"}],"wp:attachment":[{"href":"https:\/\/www.distrocan.ca\/fr\/wp-json\/wp\/v2\/media?parent=766"}],"wp:term":[{"taxonomy":"product_brand","embeddable":true,"href":"https:\/\/www.distrocan.ca\/fr\/wp-json\/wp\/v2\/product_brand?post=766"},{"taxonomy":"product_cat","embeddable":true,"href":"https:\/\/www.distrocan.ca\/fr\/wp-json\/wp\/v2\/product_cat?post=766"},{"taxonomy":"product_tag","embeddable":true,"href":"https:\/\/www.distrocan.ca\/fr\/wp-json\/wp\/v2\/product_tag?post=766"}],"curies":[{"name":"wp","href":"https:\/\/api.w.org\/{rel}","templated":true}]}}