{"id":758,"date":"2023-06-02T12:34:27","date_gmt":"2023-06-02T16:34:27","guid":{"rendered":"https:\/\/www.distrocan.ca\/product\/delta-vent-sa\/"},"modified":"2026-03-20T17:25:16","modified_gmt":"2026-03-20T21:25:16","slug":"delta-vent-sa","status":"publish","type":"product","link":"https:\/\/www.distrocan.ca\/fr\/produit\/delta-vent-sa\/","title":{"rendered":"Delta Vent SA"},"content":{"rendered":"<p>Offrant des performances exceptionnelles, DELTA\u00ae-VENT SA est une barri\u00e8re imperm\u00e9able \u00e0 l&#8217;eau et un pare-air \u00e0 trois couches. Gr\u00e2ce \u00e0 sa haute perm\u00e9abilit\u00e9, \u00e0 sa construction \u00e9tanche \u00e0 l&#8217;eau et \u00e0 ses fortes propri\u00e9t\u00e9s auto-adh\u00e9sives, ce produit garantit une protection efficace contre la pluie pouss\u00e9e par le vent.<\/p>\n<p>DELTA\u00ae-VENT SA est une membrane r\u00e9sistante \u00e0 l&#8217;eau et \u00e0 l&#8217;air \u00e0 haute performance, compos\u00e9e de 3 couches. Hautement perm\u00e9able, \u00e9tanche \u00e0 l&#8217;eau et dot\u00e9e d&#8217;une adh\u00e9rence exceptionnelle, ce produit assure une protection contre les pluies battantes.<\/p>\n<p>\u2022 Deux couches ext\u00e9rieures sont constitu\u00e9es d&#8217;un tissu en polypropyl\u00e8ne fil\u00e9-li\u00e9 \u00e0 haute r\u00e9sistance.<br \/>\n\u2022 Les couches ext\u00e9rieures sont thermiquement li\u00e9es \u00e0 une couche interm\u00e9diaire polym\u00e9rique hautement perm\u00e9able \u00e0 la vapeur et \u00e9tanche \u00e0 l&#8217;eau.<br \/>\n\u2022 L&#8217;adh\u00e9sif est appliqu\u00e9 sur la couche inf\u00e9rieure de polypropyl\u00e8ne.<br \/>\n\u2022\u00a0D\u00e9passe largement les exigences les plus strictes de l&#8217;ABAA (Air Barrier Association of America) sur la base des r\u00e9sultats de l&#8217;ASTM E2357 &#8211; 11 Standard Test Method for Determining Air Leakage of Air Barrier Assemblies (M\u00e9thode de test standard pour d\u00e9terminer la fuite d&#8217;air des assemblages de barri\u00e8res d&#8217;air)<br \/>\n\u2022\u00a0D\u00e9passe les exigences d&#8217;un papier de construction de grade D de 60 minutes.<br \/>\n\u2022\u00a0R\u00e9ussit le test ASTM D1970 Nail Sealability pour l&#8217;\u00e9tanch\u00e9it\u00e9 autour des fixations.<br \/>\n\u2022\u00a0Classement au feu de classe A<br \/>\n\u2022\u00a0Tailles offertes : 4&#8242; 11&#8243; x 115&#8242; (1,5 m x 35 m), 9,75 &#8221; x 115&#8242; (0,25 m x 35 m), 19,5&#8243; x 115&#8242; (0,5 m x 35 m)<br \/>\n\u2022\u00a0Perm\u00e9able \u00e0 la vapeur d&#8217;eau ; l&#8217;humidit\u00e9 \u00e0 l&#8217;int\u00e9rieur de l&#8217;enceinte du b\u00e2timent peut s&#8217;\u00e9chapper \u00e0 travers la membrane par diffusion.<br \/>\n\u2022\u00a0Enti\u00e8rement coll\u00e9e au support, aucune fixation n&#8217;est n\u00e9cessaire, ce qui \u00e9limine les fuites et am\u00e9liore les performances de l&#8217;enveloppe du b\u00e2timent gr\u00e2ce \u00e0 une meilleure \u00e9tanch\u00e9it\u00e9 \u00e0 l&#8217;air, ce qui en fait un produit id\u00e9al pour les constructions \u00e0 haut rendement \u00e9nerg\u00e9tique.<br \/>\n\u2022 L\u00e9g\u00e8re et r\u00e9sistante \u00e0 la d\u00e9chirure, la membrane r\u00e9siste aux rigueurs des chantiers, ainsi qu&#8217;aux vents et aux intemp\u00e9ries.<br \/>\n\u2022 Le seul WRB et pare-air auto-adh\u00e9sif avec la s\u00e9curit\u00e9 d&#8217;un recouvrement de bord auto-adh\u00e9sif, permettant une installation facile.<br \/>\n\u2022 Install\u00e9 \u00e0 l&#8217;ext\u00e9rieur du rev\u00eatement avant l&#8217;application du syst\u00e8me de rev\u00eatement final.<br \/>\n\u2022 Peut \u00eatre coll\u00e9 sur du b\u00e9ton, de la ma\u00e7onnerie, des panneaux OSB, du contreplaqu\u00e9 ou des cloisons s\u00e8ches ext\u00e9rieures.<br \/>\n\u2022 Si n\u00e9cessaire, le DELTA\u00ae Primer LVC ou le DELTA\u00ae-ADHESIVE sont disponibles.<\/p>\n<p><a href=\"https:\/\/www.distrocan.ca\/wp-content\/uploads\/2023\/06\/DELTA-VENT-SA-Technical-Data.pdf\" target=\"_blank\" rel=\"noopener\">Fiche technique<\/a><\/p>\n","protected":false},"excerpt":{"rendered":"","protected":false},"featured_media":755,"template":"","meta":[],"product_brand":[],"product_cat":[98,149,65],"product_tag":[],"class_list":{"0":"post-758","1":"product","2":"type-product","3":"status-publish","4":"has-post-thumbnail","6":"product_cat-membranes","7":"product_cat-produits-delta","8":"product_cat-tous","9":"no-featured-image-padding","11":"first","12":"instock","13":"shipping-taxable","14":"product-type-simple"},"_links":{"self":[{"href":"https:\/\/www.distrocan.ca\/fr\/wp-json\/wp\/v2\/product\/758","targetHints":{"allow":["GET"]}}],"collection":[{"href":"https:\/\/www.distrocan.ca\/fr\/wp-json\/wp\/v2\/product"}],"about":[{"href":"https:\/\/www.distrocan.ca\/fr\/wp-json\/wp\/v2\/types\/product"}],"wp:featuredmedia":[{"embeddable":true,"href":"https:\/\/www.distrocan.ca\/fr\/wp-json\/wp\/v2\/media\/755"}],"wp:attachment":[{"href":"https:\/\/www.distrocan.ca\/fr\/wp-json\/wp\/v2\/media?parent=758"}],"wp:term":[{"taxonomy":"product_brand","embeddable":true,"href":"https:\/\/www.distrocan.ca\/fr\/wp-json\/wp\/v2\/product_brand?post=758"},{"taxonomy":"product_cat","embeddable":true,"href":"https:\/\/www.distrocan.ca\/fr\/wp-json\/wp\/v2\/product_cat?post=758"},{"taxonomy":"product_tag","embeddable":true,"href":"https:\/\/www.distrocan.ca\/fr\/wp-json\/wp\/v2\/product_tag?post=758"}],"curies":[{"name":"wp","href":"https:\/\/api.w.org\/{rel}","templated":true}]}}