{"id":752,"date":"2023-06-02T12:23:49","date_gmt":"2023-06-02T16:23:49","guid":{"rendered":"https:\/\/www.distrocan.ca\/product\/delta-vent-s\/"},"modified":"2026-03-20T17:25:49","modified_gmt":"2026-03-20T21:25:49","slug":"delta-vent-s","status":"publish","type":"product","link":"https:\/\/www.distrocan.ca\/fr\/produit\/delta-vent-s\/","title":{"rendered":"Delta Vent S"},"content":{"rendered":"<p class=\"p1\">De plus en plus de structures sont construites avec des membranes de haute performance pour am\u00e9liorer l&#8217;\u00e9tanch\u00e9it\u00e9 \u00e0 l&#8217;air. Les barri\u00e8res les plus performantes sont des feuilles enti\u00e8rement adh\u00e9rentes, dot\u00e9es d&#8217;un mat\u00e9riau sup\u00e9rieur ainsi que d&#8217;une installation infaillible.<\/p>\n<p class=\"p1\">DELTA\u00ae-VENT S est une barri\u00e8re r\u00e9sistante \u00e0 l&#8217;eau et \u00e0 l&#8217;air, hautement perm\u00e9able et robuste.<\/p>\n<p class=\"p1\"><span class=\"s1\">\u2022<\/span><span class=\"s2\"><span class=\"Apple-converted-space\">\u00a0 <\/span>Barri\u00e8re imperm\u00e9able \u00e0 haute performance<br \/>\n<\/span><span class=\"s1\">\u2022<\/span><span class=\"s2\"><span class=\"Apple-converted-space\">\u00a0 <\/span>Deux couches ext\u00e9rieures sont constitu\u00e9es d&#8217;un polypropyl\u00e8ne non tiss\u00e9 \u00e0 haute r\u00e9sistance, thermoli\u00e9 \u00e0 une couche interm\u00e9diaire polym\u00e8re \u00e9tanche et hautement &#8211; perm\u00e9able \u00e0 la vapeur, surmontant une couche de tissu de protection<br \/>\n<\/span><span class=\"s1\">\u2022<\/span><span class=\"s2\"><span class=\"Apple-converted-space\">\u00a0 <\/span>Perm\u00e9abilit\u00e9 \u00e9lev\u00e9e<br \/>\n<\/span><span class=\"s1\">\u2022<\/span><span class=\"s2\"><span class=\"Apple-converted-space\">\u00a0 <\/span>Imperm\u00e9able, r\u00e9sistant au passage de la masse d\u2019eau provenant de la pluie et de la neige pouss\u00e9es par le vent<br \/>\n<\/span><span class=\"s1\">\u2022<\/span><span class=\"s2\"><span class=\"Apple-converted-space\">\u00a0 <\/span>Perm\u00e9abilit\u00e9 \u00e9lev\u00e9e : l&#8217;humidit\u00e9 accumul\u00e9e dans la structure peut s&#8217;\u00e9chapper par diffusion<br \/>\n<\/span><span class=\"s1\">\u2022<\/span><span class=\"s2\"><span class=\"Apple-converted-space\">\u00a0 <\/span>Maximise l&#8217;\u00e9tanch\u00e9it\u00e9 \u00e0 l&#8217;air le rendant ainsi id\u00e9al pour les constructions \u00e0 haut rendement \u00e9nerg\u00e9tique<br \/>\n<\/span><span class=\"s1\">\u2022<\/span><span class=\"s2\"><span class=\"Apple-converted-space\">\u00a0 <\/span>La couche de tissu sur la face inf\u00e9rieure prot\u00e8ge la barri\u00e8re \u00e9tanche \u00e0 l\u2019eau contre les dommages (par exemple, un rev\u00eatement brut de sciage)<br \/>\n<\/span><span class=\"s1\">\u2022<\/span><span class=\"s2\"><span class=\"Apple-converted-space\">\u00a0 <\/span>Noir mat; \u00e9vite l\u2019\u00e9blouissement pendant l&#8217;installation<br \/>\n<\/span><span class=\"s1\">\u2022<\/span><span class=\"s2\"><span class=\"Apple-converted-space\">\u00a0 <\/span>L\u00e9ger, facile \u00e0 aligner et \u00e0 d\u00e9rouler<br \/>\n<\/span><span class=\"s1\">\u2022<\/span><span class=\"s2\"><span class=\"Apple-converted-space\">\u00a0 <\/span>La grande taille du rouleau simplifie l&#8217;installation, tout en minimisant les chevauchements et en maximisant la productivit\u00e9<\/span><\/p>\n<p><a href=\"https:\/\/www.distrocan.ca\/wp-content\/uploads\/2023\/06\/DELTA-VENT-S_WRB-Technical-Data.pdf\" target=\"_blank\" rel=\"noopener\">Fiche technique<\/a><\/p>\n","protected":false},"excerpt":{"rendered":"","protected":false},"featured_media":747,"template":"","meta":[],"product_brand":[],"product_cat":[98,65],"product_tag":[],"class_list":{"0":"post-752","1":"product","2":"type-product","3":"status-publish","4":"has-post-thumbnail","6":"product_cat-membranes","7":"product_cat-tous","8":"no-featured-image-padding","10":"first","11":"instock","12":"shipping-taxable","13":"product-type-simple"},"_links":{"self":[{"href":"https:\/\/www.distrocan.ca\/fr\/wp-json\/wp\/v2\/product\/752","targetHints":{"allow":["GET"]}}],"collection":[{"href":"https:\/\/www.distrocan.ca\/fr\/wp-json\/wp\/v2\/product"}],"about":[{"href":"https:\/\/www.distrocan.ca\/fr\/wp-json\/wp\/v2\/types\/product"}],"wp:featuredmedia":[{"embeddable":true,"href":"https:\/\/www.distrocan.ca\/fr\/wp-json\/wp\/v2\/media\/747"}],"wp:attachment":[{"href":"https:\/\/www.distrocan.ca\/fr\/wp-json\/wp\/v2\/media?parent=752"}],"wp:term":[{"taxonomy":"product_brand","embeddable":true,"href":"https:\/\/www.distrocan.ca\/fr\/wp-json\/wp\/v2\/product_brand?post=752"},{"taxonomy":"product_cat","embeddable":true,"href":"https:\/\/www.distrocan.ca\/fr\/wp-json\/wp\/v2\/product_cat?post=752"},{"taxonomy":"product_tag","embeddable":true,"href":"https:\/\/www.distrocan.ca\/fr\/wp-json\/wp\/v2\/product_tag?post=752"}],"curies":[{"name":"wp","href":"https:\/\/api.w.org\/{rel}","templated":true}]}}