{"id":692,"date":"2023-02-17T14:36:31","date_gmt":"2023-02-17T19:36:31","guid":{"rendered":"https:\/\/www.distrocan.ca\/product\/double-flotteur-controleur-standard\/"},"modified":"2024-03-22T16:29:48","modified_gmt":"2024-03-22T20:29:48","slug":"double-flotteur-controleur-standard","status":"publish","type":"product","link":"https:\/\/www.distrocan.ca\/fr\/produit\/double-flotteur-controleur-standard\/","title":{"rendered":"Double Flotteur \u2013 Contr\u00f4leur Standard"},"content":{"rendered":"<ul class=\"ul1\">\n<li class=\"li1\"><span class=\"s2\">Deux flotteurs activ\u00e9s par micro-anche pour une fiabilit\u00e9 accrue<\/span><\/li>\n<li class=\"li1\"><span class=\"s3\">La cage de protection emp\u00eache les d\u00e9bris d&#8217;interf\u00e9rer avec les flotteurs<\/span><\/li>\n<li class=\"li2\"><span class=\"s4\">Installation facile<\/span><\/li>\n<li class=\"li3\"><span class=\"s5\">Le dessus solide emp\u00eache le sable et la salet\u00e9 d&#8217;entrer<\/span><\/li>\n<li class=\"li4\"><span class=\"s6\">Le fond ventil\u00e9 et incurv\u00e9 emp\u00eache l&#8217;accumulation de d\u00e9bris sous le flotteur<\/span><\/li>\n<li class=\"li5\"><span class=\"s7\">Se monte sur le tuyau de refoulement avec le collier de serrage en acier inoxydable inclus<\/span><\/li>\n<li class=\"li6\">Niveau d&#8217;activation r\u00e9glable<\/li>\n<\/ul>\n","protected":false},"excerpt":{"rendered":"","protected":false},"featured_media":633,"template":"","meta":[],"product_brand":[],"product_cat":[169,91,65],"product_tag":[],"class_list":{"0":"post-692","1":"product","2":"type-product","3":"status-publish","4":"has-post-thumbnail","6":"product_cat-accessoires-pompes-de-puisard","7":"product_cat-systemes-de-pompes-de-puisard","8":"product_cat-tous","9":"no-featured-image-padding","11":"first","12":"instock","13":"shipping-taxable","14":"product-type-simple"},"_links":{"self":[{"href":"https:\/\/www.distrocan.ca\/fr\/wp-json\/wp\/v2\/product\/692","targetHints":{"allow":["GET"]}}],"collection":[{"href":"https:\/\/www.distrocan.ca\/fr\/wp-json\/wp\/v2\/product"}],"about":[{"href":"https:\/\/www.distrocan.ca\/fr\/wp-json\/wp\/v2\/types\/product"}],"wp:featuredmedia":[{"embeddable":true,"href":"https:\/\/www.distrocan.ca\/fr\/wp-json\/wp\/v2\/media\/633"}],"wp:attachment":[{"href":"https:\/\/www.distrocan.ca\/fr\/wp-json\/wp\/v2\/media?parent=692"}],"wp:term":[{"taxonomy":"product_brand","embeddable":true,"href":"https:\/\/www.distrocan.ca\/fr\/wp-json\/wp\/v2\/product_brand?post=692"},{"taxonomy":"product_cat","embeddable":true,"href":"https:\/\/www.distrocan.ca\/fr\/wp-json\/wp\/v2\/product_cat?post=692"},{"taxonomy":"product_tag","embeddable":true,"href":"https:\/\/www.distrocan.ca\/fr\/wp-json\/wp\/v2\/product_tag?post=692"}],"curies":[{"name":"wp","href":"https:\/\/api.w.org\/{rel}","templated":true}]}}