{"id":691,"date":"2023-02-17T14:14:00","date_gmt":"2023-02-17T19:14:00","guid":{"rendered":"https:\/\/www.distrocan.ca\/product\/pompe-combinee-de-secours-page\/"},"modified":"2026-03-03T15:38:49","modified_gmt":"2026-03-03T20:38:49","slug":"pompe-combinee-de-secours","status":"publish","type":"product","link":"https:\/\/www.distrocan.ca\/fr\/produit\/pompe-combinee-de-secours\/","title":{"rendered":"Pompe Combin\u00e9e de Secours"},"content":{"rendered":"<p><strong>\u00a0 <img loading=\"lazy\" decoding=\"async\" src=\"https:\/\/www.distrocan.ca\/wp-content\/uploads\/2023\/02\/3.png\" alt=\"\" width=\"114\" height=\"63\" \/> Garantie 3 ans <\/strong><\/p>\n<p><strong>Caract\u00e9ristiques<\/strong><\/p>\n<ul>\n<li>ST1033 Primaire \u2013 2770 GPH \u00e0 10 pieds<\/li>\n<li>PHCC-1850 Pompe de secours \u2013 1850 GPH \u00e0 10 pieds<\/li>\n<\/ul>\n<p><strong>Le nouveau design des syst\u00e8mes combin\u00e9s<\/strong><\/p>\n<ul>\n<li>Permet une installation dans des fosses plus petites et un r\u00e9glage facile des flotteurs<\/li>\n<li>Abaisse la hauteur du &#8220;Y&#8221; pour accueillir des fosses plus courtes<\/li>\n<li>Mont\u00e9 les deux interrupteurs \u00e0 flotteur sur le flotteur, un tuyau de \u00be de pouce est inclus dans la bo\u00eete<\/li>\n<li>Con\u00e7u pour \u00eatre utilis\u00e9 avec des batteries humides ou sans entretien<\/li>\n<li>Peut accueillir deux batteries de secours pour doubler la dur\u00e9e de fonctionnement<\/li>\n<li>Interrupteurs \u00e0 double flotteur \u00e0 douille pour plus de fiabilit\u00e9 et de facilit\u00e9 d&#8217;installation<\/li>\n<li>Le contr\u00f4leur de surveillance unique 24 heures sur 24 \u00e9met une alarme si un entretien est n\u00e9cessaire et fait fonctionner la pompe chaque semaine pour tester son bon fonctionnement.<\/li>\n<li>Le port de donn\u00e9es USB et les bornes \u00e0 distance se connectent \u00e0 des appareils externes tels que les modules CONNECT des pompes de la s\u00e9rie Pro, les syst\u00e8mes domotiques et d&#8217;autres appareils pour la notification \u00e0 distance<\/li>\n<li>Cordon OPTIONNEL de 20 pieds disponible pour la pompe de secours, le contr\u00f4leur et les interrupteurs \u00e0 flotteur<\/li>\n<\/ul>\n<p><strong>ST1033 Sp\u00e9cifications<\/strong><\/p>\n<table cellspacing=\"0\" cellpadding=\"0\">\n<tbody>\n<tr>\n<td>Puissance moteur HP<\/td>\n<td>1\/3 HP<\/td>\n<\/tr>\n<tr>\n<td>GPM @ 10 Pieds<\/td>\n<td>46<\/td>\n<\/tr>\n<tr>\n<td>GPH @ 10 Pieds<\/td>\n<td>2770<\/td>\n<\/tr>\n<tr>\n<td>Max Head<\/td>\n<td>29 pi \/ 8.8 m<\/td>\n<\/tr>\n<tr>\n<td>D\u00e9charge<\/td>\n<td>1.5 po \/ 3.8 cm<\/td>\n<\/tr>\n<tr>\n<td>Amps @ 10 Pieds<\/td>\n<td>3.8<\/td>\n<\/tr>\n<tr>\n<td>Poids<\/td>\n<td>17 lbs \/ 7.7 kg<\/td>\n<\/tr>\n<tr>\n<td>Largeur<\/td>\n<td>7.5 po \/ 19.1 cm<\/td>\n<\/tr>\n<tr>\n<td>Profondeur<\/td>\n<td>5 po \/ 12.8 cm<\/td>\n<\/tr>\n<tr>\n<td>Hauteur<\/td>\n<td>13.8 po \/ 34.9 cm<\/td>\n<\/tr>\n<\/tbody>\n<\/table>\n<p><strong>PHCC \u2013 1850 Sp\u00e9cifications<\/strong><\/p>\n<table cellspacing=\"0\" cellpadding=\"0\">\n<tbody>\n<tr>\n<td>Puissance moteur HP<\/td>\n<td>1\/3 HP<\/td>\n<\/tr>\n<tr>\n<td>GPM @ 10 Pieds<\/td>\n<td>30<\/td>\n<\/tr>\n<tr>\n<td>GPH @ 10 Pieds<\/td>\n<td>1850<\/td>\n<\/tr>\n<tr>\n<td>Amps @ 10 Pieds<\/td>\n<td>12<\/td>\n<\/tr>\n<tr>\n<td><\/td>\n<td><\/td>\n<\/tr>\n<tr>\n<td>Dimensions<\/td>\n<td><\/td>\n<\/tr>\n<tr>\n<td>Poids<\/td>\n<td>32 lbs \/ 14.5 kg<\/td>\n<\/tr>\n<tr>\n<td>Largeur<\/td>\n<td>8.9 po \/ 22.6 cm<\/td>\n<\/tr>\n<tr>\n<td>Profondeur<\/td>\n<td>11.0 po \/ 27.9 cm<\/td>\n<\/tr>\n<tr>\n<td>Hauteur<\/td>\n<td>26.8 po \/ 60.2 cm<\/td>\n<\/tr>\n<\/tbody>\n<\/table>\n","protected":false},"excerpt":{"rendered":"","protected":false},"featured_media":631,"template":"","meta":[],"product_brand":[],"product_cat":[168,91,65],"product_tag":[],"class_list":{"0":"post-691","1":"product","2":"type-product","3":"status-publish","4":"has-post-thumbnail","6":"product_cat-pompes","7":"product_cat-systemes-de-pompes-de-puisard","8":"product_cat-tous","9":"no-featured-image-padding","11":"first","12":"instock","13":"shipping-taxable","14":"product-type-simple"},"_links":{"self":[{"href":"https:\/\/www.distrocan.ca\/fr\/wp-json\/wp\/v2\/product\/691","targetHints":{"allow":["GET"]}}],"collection":[{"href":"https:\/\/www.distrocan.ca\/fr\/wp-json\/wp\/v2\/product"}],"about":[{"href":"https:\/\/www.distrocan.ca\/fr\/wp-json\/wp\/v2\/types\/product"}],"wp:featuredmedia":[{"embeddable":true,"href":"https:\/\/www.distrocan.ca\/fr\/wp-json\/wp\/v2\/media\/631"}],"wp:attachment":[{"href":"https:\/\/www.distrocan.ca\/fr\/wp-json\/wp\/v2\/media?parent=691"}],"wp:term":[{"taxonomy":"product_brand","embeddable":true,"href":"https:\/\/www.distrocan.ca\/fr\/wp-json\/wp\/v2\/product_brand?post=691"},{"taxonomy":"product_cat","embeddable":true,"href":"https:\/\/www.distrocan.ca\/fr\/wp-json\/wp\/v2\/product_cat?post=691"},{"taxonomy":"product_tag","embeddable":true,"href":"https:\/\/www.distrocan.ca\/fr\/wp-json\/wp\/v2\/product_tag?post=691"}],"curies":[{"name":"wp","href":"https:\/\/api.w.org\/{rel}","templated":true}]}}