{"id":690,"date":"2023-02-17T14:47:52","date_gmt":"2023-02-17T19:47:52","guid":{"rendered":"https:\/\/www.distrocan.ca\/product\/module-wi-fi\/"},"modified":"2026-03-03T15:38:45","modified_gmt":"2026-03-03T20:38:45","slug":"module-wi-fi","status":"publish","type":"product","link":"https:\/\/www.distrocan.ca\/fr\/produit\/module-wi-fi\/","title":{"rendered":"Module Wi-Fi"},"content":{"rendered":"<ul class=\"ul1\">\n<li class=\"li1\">Envoie des e-mails, des SMS ou des notifications dans l&#8217;application \u00e0 votre t\u00e9l\u00e9phone, tablette ou ordinateur<\/li>\n<li class=\"li1\">Application Apple et Android GRATUITE disponible<\/li>\n<li class=\"li1\">Pas de frais mensuels<\/li>\n<li class=\"li1\">Configuration simple<\/li>\n<\/ul>\n","protected":false},"excerpt":{"rendered":"","protected":false},"featured_media":645,"template":"","meta":[],"product_brand":[],"product_cat":[169,91,65],"product_tag":[],"class_list":{"0":"post-690","1":"product","2":"type-product","3":"status-publish","4":"has-post-thumbnail","6":"product_cat-accessoires-pompes-de-puisard","7":"product_cat-systemes-de-pompes-de-puisard","8":"product_cat-tous","9":"no-featured-image-padding","11":"first","12":"instock","13":"shipping-taxable","14":"product-type-simple"},"_links":{"self":[{"href":"https:\/\/www.distrocan.ca\/fr\/wp-json\/wp\/v2\/product\/690","targetHints":{"allow":["GET"]}}],"collection":[{"href":"https:\/\/www.distrocan.ca\/fr\/wp-json\/wp\/v2\/product"}],"about":[{"href":"https:\/\/www.distrocan.ca\/fr\/wp-json\/wp\/v2\/types\/product"}],"wp:featuredmedia":[{"embeddable":true,"href":"https:\/\/www.distrocan.ca\/fr\/wp-json\/wp\/v2\/media\/645"}],"wp:attachment":[{"href":"https:\/\/www.distrocan.ca\/fr\/wp-json\/wp\/v2\/media?parent=690"}],"wp:term":[{"taxonomy":"product_brand","embeddable":true,"href":"https:\/\/www.distrocan.ca\/fr\/wp-json\/wp\/v2\/product_brand?post=690"},{"taxonomy":"product_cat","embeddable":true,"href":"https:\/\/www.distrocan.ca\/fr\/wp-json\/wp\/v2\/product_cat?post=690"},{"taxonomy":"product_tag","embeddable":true,"href":"https:\/\/www.distrocan.ca\/fr\/wp-json\/wp\/v2\/product_tag?post=690"}],"curies":[{"name":"wp","href":"https:\/\/api.w.org\/{rel}","templated":true}]}}