{"id":689,"date":"2023-02-17T13:25:12","date_gmt":"2023-02-17T18:25:12","guid":{"rendered":"https:\/\/www.distrocan.ca\/product\/margelles\/"},"modified":"2026-03-30T11:10:22","modified_gmt":"2026-03-30T15:10:22","slug":"margelles","status":"publish","type":"product","link":"https:\/\/www.distrocan.ca\/fr\/produit\/margelles\/","title":{"rendered":"Margelles Ondul\u00e9s"},"content":{"rendered":"<p><strong>Caract\u00e9ristiques<\/strong><\/p>\n<ul>\n<li>Brides \u00e0 joint plat<\/li>\n<li>Bords sup\u00e9rieurs pli\u00e9s pour plus de solidit\u00e9 et de s\u00e9curit\u00e9<\/li>\n<li>Fabriqu\u00e9 en acier galvanis\u00e9 r\u00e9sistant \u00e0 la corrosion<\/li>\n<\/ul>\n<p><strong>Tailles disponibles<\/strong><\/p>\n<p>MG241222 &#8211; 24&#8221; x 12&#8221; x 22&#8221;<br \/>\nMG361222 &#8211; 36&#8221; x 12&#8221; x 22&#8221;<br \/>\nMG363022 &#8211; 36&#8221; x 30&#8221; x 22&#8221;<br \/>\nMG421222 &#8211; 42&#8221; x 12&#8221; x 22&#8221;<br \/>\nMG422222 &#8211; 42&#8221; x 22&#8221; x 22&#8221;<br \/>\nMG423022 &#8211; 42&#8221; x 30&#8221; x 22&#8221;<br \/>\nMG492222 &#8211; 49&#8221; x 22&#8221; x 22&#8221;<br \/>\nMG493022 &#8211; 49&#8221; x 30&#8221; x 22&#8221;<br \/>\nMG542222 &#8211; 54&#8221; x 22&#8221; x 22&#8221;<br \/>\nMG543022 &#8211; 54&#8221; x 30&#8221; x 22&#8221;<br \/>\nMG622222 &#8211; 62&#8221; x 22&#8221; x 22&#8221;<br \/>\nMG623022 &#8211; 62&#8221; x 30&#8221; x 22&#8221;<br \/>\nMG702222 &#8211; 70&#8221; x 22&#8221; x 22&#8221;<br \/>\nMG703022 &#8211; 70&#8221; x 30&#8221; x 22&#8221;<br \/>\nMG742222 &#8211; 74&#8221; x 22&#8221; x 22&#8221;<br \/>\nMG842222 &#8211; 84&#8221; x 22&#8221; x 22&#8221;<br \/>\nMG902222 &#8211; 90&#8221; x 22&#8221; x 22&#8221;<br \/>\nMG962222 &#8211; 96&#8221; x 22&#8221; x 22&#8221;<br \/>\nMG1082222 &#8211; 108&#8221; x 22&#8221; x 22&#8221;<br \/>\nMG1202222 &#8211; 120&#8221; x 22&#8221; x 22&#8221;<\/p>\n","protected":false},"excerpt":{"rendered":"","protected":false},"featured_media":647,"template":"","meta":[],"product_brand":[],"product_cat":[96,65],"product_tag":[],"class_list":{"0":"post-689","1":"product","2":"type-product","3":"status-publish","4":"has-post-thumbnail","6":"product_cat-margelles","7":"product_cat-tous","8":"no-featured-image-padding","10":"first","11":"instock","12":"shipping-taxable","13":"product-type-simple"},"_links":{"self":[{"href":"https:\/\/www.distrocan.ca\/fr\/wp-json\/wp\/v2\/product\/689","targetHints":{"allow":["GET"]}}],"collection":[{"href":"https:\/\/www.distrocan.ca\/fr\/wp-json\/wp\/v2\/product"}],"about":[{"href":"https:\/\/www.distrocan.ca\/fr\/wp-json\/wp\/v2\/types\/product"}],"wp:featuredmedia":[{"embeddable":true,"href":"https:\/\/www.distrocan.ca\/fr\/wp-json\/wp\/v2\/media\/647"}],"wp:attachment":[{"href":"https:\/\/www.distrocan.ca\/fr\/wp-json\/wp\/v2\/media?parent=689"}],"wp:term":[{"taxonomy":"product_brand","embeddable":true,"href":"https:\/\/www.distrocan.ca\/fr\/wp-json\/wp\/v2\/product_brand?post=689"},{"taxonomy":"product_cat","embeddable":true,"href":"https:\/\/www.distrocan.ca\/fr\/wp-json\/wp\/v2\/product_cat?post=689"},{"taxonomy":"product_tag","embeddable":true,"href":"https:\/\/www.distrocan.ca\/fr\/wp-json\/wp\/v2\/product_tag?post=689"}],"curies":[{"name":"wp","href":"https:\/\/api.w.org\/{rel}","templated":true}]}}