{"id":685,"date":"2023-02-17T14:06:13","date_gmt":"2023-02-17T19:06:13","guid":{"rendered":"https:\/\/www.distrocan.ca\/product\/pompe-en-fonte\/"},"modified":"2026-03-03T15:38:52","modified_gmt":"2026-03-03T20:38:52","slug":"pompe-en-fonte","status":"publish","type":"product","link":"https:\/\/www.distrocan.ca\/fr\/produit\/pompe-en-fonte\/","title":{"rendered":"Pompe en fonte"},"content":{"rendered":"<p><strong>\u00a0 <img loading=\"lazy\" decoding=\"async\" class=\"alignnone size-full wp-image-656\" src=\"https:\/\/www.distrocan.ca\/wp-content\/uploads\/2023\/02\/3.png\" alt=\"\" width=\"114\" height=\"63\" \/><br \/>\n<\/strong><strong>Garantie de 3 Ans<\/strong><\/p>\n<p class=\"p1\"><strong>Caract\u00e9ristiques<\/strong><\/p>\n<ul>\n<li class=\"p1\">Pompe de puisard\/effluent en fonte<\/li>\n<li class=\"p1\">Moteur \u00e0 condensateur permanent \u00e9co\u00e9nerg\u00e9tique (PSC)<\/li>\n<li class=\"p1\">Interrupteur vertical int\u00e9gr\u00e9<\/li>\n<li class=\"p1\">Roue \u00e0 aubes vortex en fonte<\/li>\n<li class=\"p1\">Roulements \u00e0 billes sup\u00e9rieurs et inf\u00e9rieurs<\/li>\n<li class=\"p1\">Joint c\u00e9ramique de carbone<\/li>\n<li class=\"p1\">Joint d&#8217;arbre Buna N<\/li>\n<li class=\"p1\">Protection thermique<\/li>\n<li class=\"p1\">Attaches en acier inoxydable<\/li>\n<li class=\"p1\">Peuvent traiter des solides jusqu&#8217;\u00e0 1\/2 pouce.<\/li>\n<li class=\"p1\">Filtre amovible<\/li>\n<li class=\"p1\">Cordon d&#8217;alimentation de 10 pieds<\/li>\n<li class=\"p1\">option 20-pieds aussi disponible<\/li>\n<\/ul>\n<table cellspacing=\"0\" cellpadding=\"0\">\n<tbody>\n<tr>\n<td valign=\"top\"><span style=\"color: #000000;\">Puissance moteur HP<\/span><\/td>\n<td valign=\"top\"><span style=\"color: #000000;\">1\/3 HP<\/span><\/td>\n<\/tr>\n<tr>\n<td valign=\"top\"><span style=\"color: #000000;\">GPM @ 10 Pieds<\/span><\/td>\n<td valign=\"top\"><span style=\"color: #000000;\">53<\/span><\/td>\n<\/tr>\n<tr>\n<td valign=\"top\"><span style=\"color: #000000;\">GPH @ 10 Pieds<\/span><\/td>\n<td valign=\"top\"><span style=\"color: #000000;\">3200<\/span><\/td>\n<\/tr>\n<tr>\n<td valign=\"top\"><span style=\"color: #000000;\">D\u00e9charge<\/span><\/td>\n<td valign=\"top\"><span style=\"color: #000000;\">1.5 po \/ 3.8 cm<\/span><\/td>\n<\/tr>\n<tr>\n<td valign=\"top\"><span style=\"color: #000000;\">Amps @ 10 Pieds<\/span><\/td>\n<td valign=\"top\"><span style=\"color: #000000;\">5<\/span><\/td>\n<\/tr>\n<tr>\n<td valign=\"top\"><span style=\"color: #000000;\">Poids<\/span><\/td>\n<td valign=\"top\"><span style=\"color: #000000;\">21.1 lbs \/ 9.6 kg<\/span><\/td>\n<\/tr>\n<tr>\n<td valign=\"top\"><span style=\"color: #000000;\">Largeur<\/span><\/td>\n<td valign=\"top\"><span style=\"color: #000000;\">9 po \/ 22.9 cm<\/span><\/td>\n<\/tr>\n<tr>\n<td valign=\"top\"><span style=\"color: #000000;\">Profondeur<\/span><\/td>\n<td valign=\"top\"><span style=\"color: #000000;\">6.5 po \/ 16.5 cm<\/span><\/td>\n<\/tr>\n<tr>\n<td valign=\"top\"><span style=\"color: #000000;\">Hauteur<\/span><\/td>\n<td valign=\"top\"><span style=\"color: #000000;\">11.75 po \/ 29.8 cm<\/span><\/td>\n<\/tr>\n<tr>\n<td valign=\"top\"><span style=\"color: #000000;\">Niveau d&#8217;activation<\/span><\/td>\n<td valign=\"top\"><span style=\"color: #000000;\">8.9 po \/ 22.5 cm<\/span><\/td>\n<\/tr>\n<tr>\n<td valign=\"top\"><span style=\"color: #000000;\">Niveau de d\u00e9sactivation<\/span><\/td>\n<td valign=\"top\"><span style=\"color: #000000;\">4 po \/ 10.2 cm<\/span><\/td>\n<\/tr>\n<\/tbody>\n<\/table>\n<p><a href=\"https:\/\/www.distrocan.ca\/wp-content\/uploads\/2024\/05\/cast-iron-sump-pump.pdf\">Fiche technique (anglais)<\/a><\/p>\n","protected":false},"excerpt":{"rendered":"","protected":false},"featured_media":623,"template":"","meta":[],"product_brand":[],"product_cat":[168,91,65],"product_tag":[],"class_list":{"0":"post-685","1":"product","2":"type-product","3":"status-publish","4":"has-post-thumbnail","6":"product_cat-pompes","7":"product_cat-systemes-de-pompes-de-puisard","8":"product_cat-tous","9":"no-featured-image-padding","11":"first","12":"instock","13":"shipping-taxable","14":"product-type-simple"},"_links":{"self":[{"href":"https:\/\/www.distrocan.ca\/fr\/wp-json\/wp\/v2\/product\/685","targetHints":{"allow":["GET"]}}],"collection":[{"href":"https:\/\/www.distrocan.ca\/fr\/wp-json\/wp\/v2\/product"}],"about":[{"href":"https:\/\/www.distrocan.ca\/fr\/wp-json\/wp\/v2\/types\/product"}],"wp:featuredmedia":[{"embeddable":true,"href":"https:\/\/www.distrocan.ca\/fr\/wp-json\/wp\/v2\/media\/623"}],"wp:attachment":[{"href":"https:\/\/www.distrocan.ca\/fr\/wp-json\/wp\/v2\/media?parent=685"}],"wp:term":[{"taxonomy":"product_brand","embeddable":true,"href":"https:\/\/www.distrocan.ca\/fr\/wp-json\/wp\/v2\/product_brand?post=685"},{"taxonomy":"product_cat","embeddable":true,"href":"https:\/\/www.distrocan.ca\/fr\/wp-json\/wp\/v2\/product_cat?post=685"},{"taxonomy":"product_tag","embeddable":true,"href":"https:\/\/www.distrocan.ca\/fr\/wp-json\/wp\/v2\/product_tag?post=685"}],"curies":[{"name":"wp","href":"https:\/\/api.w.org\/{rel}","templated":true}]}}