{"id":551,"date":"2023-02-17T13:28:43","date_gmt":"2023-02-17T18:28:43","guid":{"rendered":"https:\/\/www.distrocan.ca\/?post_type=product&#038;p=551"},"modified":"2026-03-03T15:38:55","modified_gmt":"2026-03-03T20:38:55","slug":"clous-en-acier-spirale","status":"publish","type":"product","link":"https:\/\/www.distrocan.ca\/fr\/produit\/clous-en-acier-spirale\/","title":{"rendered":"Clous de Paysagement \u2013 Spirale"},"content":{"rendered":"<ul>\n<li>Longueur : 10&#8243;<\/li>\n<li>\u00c9paisseur : 5\/16&#8243;<\/li>\n<li>250 clous par bo\u00eete<\/li>\n<\/ul>\n<p>***Quantit\u00e9 disponible limit\u00e9e.<\/p>\n<p>***Veuillez appeler pour conna\u00eetre les prix, ils varient en fonction de la quantit\u00e9 command\u00e9e.<\/p>\n","protected":false},"excerpt":{"rendered":"<p>Clou en acier 10&#8243;<br \/>\nDisponible en bo\u00eete de 50 lb<br \/>\n***Quantit\u00e9 disponible limit\u00e9e.<\/p>\n","protected":false},"featured_media":1852,"template":"","meta":[],"product_brand":[],"product_cat":[157,156,65],"product_tag":[],"class_list":{"0":"post-551","1":"product","2":"type-product","3":"status-publish","4":"has-post-thumbnail","6":"product_cat-accessoires-amenagement-paysager","7":"product_cat-amenagement-paysager","8":"product_cat-tous","9":"no-featured-image-padding","11":"first","12":"instock","13":"shipping-taxable","14":"product-type-simple"},"_links":{"self":[{"href":"https:\/\/www.distrocan.ca\/fr\/wp-json\/wp\/v2\/product\/551","targetHints":{"allow":["GET"]}}],"collection":[{"href":"https:\/\/www.distrocan.ca\/fr\/wp-json\/wp\/v2\/product"}],"about":[{"href":"https:\/\/www.distrocan.ca\/fr\/wp-json\/wp\/v2\/types\/product"}],"wp:featuredmedia":[{"embeddable":true,"href":"https:\/\/www.distrocan.ca\/fr\/wp-json\/wp\/v2\/media\/1852"}],"wp:attachment":[{"href":"https:\/\/www.distrocan.ca\/fr\/wp-json\/wp\/v2\/media?parent=551"}],"wp:term":[{"taxonomy":"product_brand","embeddable":true,"href":"https:\/\/www.distrocan.ca\/fr\/wp-json\/wp\/v2\/product_brand?post=551"},{"taxonomy":"product_cat","embeddable":true,"href":"https:\/\/www.distrocan.ca\/fr\/wp-json\/wp\/v2\/product_cat?post=551"},{"taxonomy":"product_tag","embeddable":true,"href":"https:\/\/www.distrocan.ca\/fr\/wp-json\/wp\/v2\/product_tag?post=551"}],"curies":[{"name":"wp","href":"https:\/\/api.w.org\/{rel}","templated":true}]}}