{"id":369,"date":"2022-02-17T16:42:22","date_gmt":"2022-02-17T21:42:23","guid":{"rendered":"https:\/\/www.distrocan.ca\/?post_type=product&#038;p=369"},"modified":"2025-08-21T13:20:44","modified_gmt":"2025-08-21T17:20:44","slug":"scie-cloche-tct","status":"publish","type":"product","link":"https:\/\/www.distrocan.ca\/fr\/produit\/scie-cloche-tct\/","title":{"rendered":"Scie Cloche TCT"},"content":{"rendered":"<p>Disponible en 3,25&#8243;, 3,75&#8243;, 4,25&#8243;, 5&#8221; de diam\u00e8tre<\/p>\n<ul>\n<li>Construit avec une pointe en carbure de tungst\u00e8ne de haute qualit\u00e9.<\/li>\n<li>Con\u00e7u pour couper le bois et l&#8217;acier.<\/li>\n<li>Embout pilote rempla\u00e7able.<\/li>\n<\/ul>\n<p>DISTROTCT325 &#8211; 3 1\/4&#8221;<br \/>\nDISTROTCT375 &#8211; 3 3\/4&#8221;<br \/>\nDISTROTCT425 &#8211; 4 1\/4&#8221;<br \/>\nDISTROTCT5 &#8211; 5&#8221;<\/p>\n<p>***Quantit\u00e9 disponible limit\u00e9e.<\/p>\n<p>***Veuillez appeler pour conna\u00eetre les prix, ils varient en fonction de la quantit\u00e9 command\u00e9e.<\/p>\n","protected":false},"excerpt":{"rendered":"<p>Disponible en 3,25&#8243;, 3,75&#8243; et 4,25&#8243; de diam\u00e8tre<\/p>\n<ul>\n<li>Construit avec une pointe en carbure de tungst\u00e8ne de haute qualit\u00e9.<\/li>\n<li>Con\u00e7u pour couper le bois et l&#8217;acier.<\/li>\n<li>Embout pilote rempla\u00e7able.<\/li>\n<\/ul>\n<p>***Quantit\u00e9 disponible limit\u00e9e.<\/p>\n","protected":false},"featured_media":423,"template":"","meta":[],"product_brand":[],"product_cat":[157,156,65],"product_tag":[],"class_list":{"0":"post-369","1":"product","2":"type-product","3":"status-publish","4":"has-post-thumbnail","6":"product_cat-accessoires-amenagement-paysager","7":"product_cat-amenagement-paysager","8":"product_cat-tous","9":"no-featured-image-padding","11":"first","12":"instock","13":"shipping-taxable","14":"product-type-simple"},"_links":{"self":[{"href":"https:\/\/www.distrocan.ca\/fr\/wp-json\/wp\/v2\/product\/369","targetHints":{"allow":["GET"]}}],"collection":[{"href":"https:\/\/www.distrocan.ca\/fr\/wp-json\/wp\/v2\/product"}],"about":[{"href":"https:\/\/www.distrocan.ca\/fr\/wp-json\/wp\/v2\/types\/product"}],"wp:featuredmedia":[{"embeddable":true,"href":"https:\/\/www.distrocan.ca\/fr\/wp-json\/wp\/v2\/media\/423"}],"wp:attachment":[{"href":"https:\/\/www.distrocan.ca\/fr\/wp-json\/wp\/v2\/media?parent=369"}],"wp:term":[{"taxonomy":"product_brand","embeddable":true,"href":"https:\/\/www.distrocan.ca\/fr\/wp-json\/wp\/v2\/product_brand?post=369"},{"taxonomy":"product_cat","embeddable":true,"href":"https:\/\/www.distrocan.ca\/fr\/wp-json\/wp\/v2\/product_cat?post=369"},{"taxonomy":"product_tag","embeddable":true,"href":"https:\/\/www.distrocan.ca\/fr\/wp-json\/wp\/v2\/product_tag?post=369"}],"curies":[{"name":"wp","href":"https:\/\/api.w.org\/{rel}","templated":true}]}}