{"id":347,"date":"2022-02-17T15:39:04","date_gmt":"2022-02-17T20:39:04","guid":{"rendered":"https:\/\/www.distrocan.ca\/?post_type=product&#038;p=347"},"modified":"2025-08-21T13:19:28","modified_gmt":"2025-08-21T17:19:28","slug":"bordure-en-plastique","status":"publish","type":"product","link":"https:\/\/www.distrocan.ca\/fr\/produit\/bordure-en-plastique\/","title":{"rendered":"Bordure en Plastique"},"content":{"rendered":"<ul>\n<li>Longueur unitaire &#8211; 7 pieds<\/li>\n<li>Bordure en plastique souple.<\/li>\n<\/ul>\n<p>***Veuillez appeler pour conna\u00eetre les prix, ils varient en fonction de la quantit\u00e9 command\u00e9e.<\/p>\n","protected":false},"excerpt":{"rendered":"","protected":false},"featured_media":349,"template":"","meta":[],"product_brand":[],"product_cat":[157,156,65],"product_tag":[],"class_list":{"0":"post-347","1":"product","2":"type-product","3":"status-publish","4":"has-post-thumbnail","6":"product_cat-accessoires-amenagement-paysager","7":"product_cat-amenagement-paysager","8":"product_cat-tous","9":"no-featured-image-padding","11":"first","12":"instock","13":"shipping-taxable","14":"product-type-simple"},"_links":{"self":[{"href":"https:\/\/www.distrocan.ca\/fr\/wp-json\/wp\/v2\/product\/347","targetHints":{"allow":["GET"]}}],"collection":[{"href":"https:\/\/www.distrocan.ca\/fr\/wp-json\/wp\/v2\/product"}],"about":[{"href":"https:\/\/www.distrocan.ca\/fr\/wp-json\/wp\/v2\/types\/product"}],"wp:featuredmedia":[{"embeddable":true,"href":"https:\/\/www.distrocan.ca\/fr\/wp-json\/wp\/v2\/media\/349"}],"wp:attachment":[{"href":"https:\/\/www.distrocan.ca\/fr\/wp-json\/wp\/v2\/media?parent=347"}],"wp:term":[{"taxonomy":"product_brand","embeddable":true,"href":"https:\/\/www.distrocan.ca\/fr\/wp-json\/wp\/v2\/product_brand?post=347"},{"taxonomy":"product_cat","embeddable":true,"href":"https:\/\/www.distrocan.ca\/fr\/wp-json\/wp\/v2\/product_cat?post=347"},{"taxonomy":"product_tag","embeddable":true,"href":"https:\/\/www.distrocan.ca\/fr\/wp-json\/wp\/v2\/product_tag?post=347"}],"curies":[{"name":"wp","href":"https:\/\/api.w.org\/{rel}","templated":true}]}}