{"id":329,"date":"2022-02-17T14:28:26","date_gmt":"2022-02-17T19:28:27","guid":{"rendered":"https:\/\/www.distrocan.ca\/?post_type=product&#038;p=329"},"modified":"2025-08-20T15:11:59","modified_gmt":"2025-08-20T19:11:59","slug":"boite-de-drainage-de-16po-x-16po","status":"publish","type":"product","link":"https:\/\/www.distrocan.ca\/fr\/produit\/boite-de-drainage-de-16po-x-16po\/","title":{"rendered":"Bo\u00eete de Drainage (Caniveau) &#8211; 16&#8243; x 16&#8243; x 12&#8221;"},"content":{"rendered":"<p>Longueur : 16 pouces<br \/>\nLargeur : 16 pouces<br \/>\nHauteur : 12 pouces<\/p>\n<ul>\n<li>Caniveau construit avec de l&#8217;acier galvanis\u00e9 Z275 de haute qualit\u00e9. (Niveau de rev\u00eatement de zinc de 275g\/m2).<\/li>\n<li>Les points de soudure sont recouverts d&#8217;une couche \u00e9paisse de zinc en spray pour \u00e9viter la rouille.<\/li>\n<li>Le couvercle de la plaque sup\u00e9rieure est construit en acier galvanis\u00e9 Z275 de haute qualit\u00e9 (niveau de rev\u00eatement en zinc de 275 g\/m2)<\/li>\n<\/ul>\n","protected":false},"excerpt":{"rendered":"<p>Longueur : 16 pouces<br \/>\nLargeur : 16 pouces<br \/>\nHauteur : 12 pouces<\/p>\n<ul>\n<li>Construit avec de l&#8217;acier galvanis\u00e9 Z275 de haute qualit\u00e9. (Niveau de rev\u00eatement de zinc de 275g\/m2).<\/li>\n<li>Les points de soudure sont recouverts d&#8217;une couche \u00e9paisse de zinc en spray pour \u00e9viter la rouille.<\/li>\n<li>Le couvercle du gril est galvanis\u00e9 par trempage \u00e0 chaud ~Z600 (niveau de rev\u00eatement en zinc de 600g\/m2).<\/li>\n<li>Le couvercle de la plaque sup\u00e9rieure est construit en acier galvanis\u00e9 Z275 de haute qualit\u00e9 (niveau de rev\u00eatement en zinc de 275 g\/m2)<\/li>\n<\/ul>\n","protected":false},"featured_media":331,"template":"","meta":[],"product_brand":[],"product_cat":[71,152,65],"product_tag":[],"class_list":{"0":"post-329","1":"product","2":"type-product","3":"status-publish","4":"has-post-thumbnail","6":"product_cat-boites-de-drainage","7":"product_cat-galvanise","8":"product_cat-tous","9":"no-featured-image-padding","11":"first","12":"instock","13":"shipping-taxable","14":"product-type-simple"},"_links":{"self":[{"href":"https:\/\/www.distrocan.ca\/fr\/wp-json\/wp\/v2\/product\/329","targetHints":{"allow":["GET"]}}],"collection":[{"href":"https:\/\/www.distrocan.ca\/fr\/wp-json\/wp\/v2\/product"}],"about":[{"href":"https:\/\/www.distrocan.ca\/fr\/wp-json\/wp\/v2\/types\/product"}],"wp:featuredmedia":[{"embeddable":true,"href":"https:\/\/www.distrocan.ca\/fr\/wp-json\/wp\/v2\/media\/331"}],"wp:attachment":[{"href":"https:\/\/www.distrocan.ca\/fr\/wp-json\/wp\/v2\/media?parent=329"}],"wp:term":[{"taxonomy":"product_brand","embeddable":true,"href":"https:\/\/www.distrocan.ca\/fr\/wp-json\/wp\/v2\/product_brand?post=329"},{"taxonomy":"product_cat","embeddable":true,"href":"https:\/\/www.distrocan.ca\/fr\/wp-json\/wp\/v2\/product_cat?post=329"},{"taxonomy":"product_tag","embeddable":true,"href":"https:\/\/www.distrocan.ca\/fr\/wp-json\/wp\/v2\/product_tag?post=329"}],"curies":[{"name":"wp","href":"https:\/\/api.w.org\/{rel}","templated":true}]}}