{"id":2371,"date":"2026-04-08T11:40:19","date_gmt":"2026-04-08T15:40:19","guid":{"rendered":"https:\/\/www.distrocan.ca\/product\/desoi-pompe-pour-gel-acrylate\/"},"modified":"2026-04-08T13:04:47","modified_gmt":"2026-04-08T17:04:47","slug":"desoi-pompe-pour-gel-acrylate","status":"publish","type":"product","link":"https:\/\/www.distrocan.ca\/fr\/produit\/desoi-pompe-pour-gel-acrylate\/","title":{"rendered":"Desoi &#8211; Pompe pour gel acrylate"},"content":{"rendered":"<p>Cette pompe \u00e0 piston alternatif est sp\u00e9cialement con\u00e7ue pour l\u2019injection de gel acrylate et assure un dosage pr\u00e9cis avec un ratio de m\u00e9lange de 1:1. \u00c9quip\u00e9e d\u2019un syst\u00e8me de commande forc\u00e9e, elle garantit une performance constante tout en \u00e9liminant les erreurs de m\u00e9lange par l\u2019utilisateur. Ses grandes soupapes de commande de haute pr\u00e9cision permettent d\u2019obtenir un d\u00e9bit \u00e9lev\u00e9 et une excellente pr\u00e9cision de m\u00e9lange. Gr\u00e2ce \u00e0 ses larges passages de mat\u00e9riau, \u00e0 ses composants en contact avec le produit enti\u00e8rement en acier inoxydable et \u00e0 sa conception facilitant l\u2019entretien, cette pompe constitue une solution durable, fiable et peu sujette \u00e0 l\u2019usure pour les applications d\u2019injection exigeantes.<\/p>\n<p><strong>Caract\u00e9ristiques principales :<\/strong><\/p>\n<ul>\n<li>Grands passages pour le mat\u00e9riau<\/li>\n<li>Entretien et r\u00e9paration faciles<\/li>\n<li>Ratio de m\u00e9lange fixe de 1:1 pour \u00e9viter les erreurs d\u2019utilisation<\/li>\n<li>D\u00e9bit \u00e9lev\u00e9 et grande pr\u00e9cision de m\u00e9lange<\/li>\n<li>Conception \u00e0 piston alternatif avec commande forc\u00e9e<\/li>\n<li>Construction \u00e0 faible usure<\/li>\n<li>Toutes les pi\u00e8ces en contact avec le mat\u00e9riau sont en acier inoxydable<\/li>\n<\/ul>\n<p><strong>Donn\u00e9es techniques :<\/strong><\/p>\n<ul>\n<li>Pression de service : variable en continu, de 10 \u00e0 100 bar<\/li>\n<li>D\u00e9bit : max. 8 L\/min<\/li>\n<li>Consommation d\u2019air : 1 m\u00b3\/min<\/li>\n<li>Pression d\u2019air : max. 8 bar<\/li>\n<li>Rapport de transmission : 1:13<\/li>\n<li>Ratio de m\u00e9lange : 1:1<\/li>\n<li>Poids : 29,3 kg<\/li>\n<li>Dimensions (L x l x H) : 78 x 39 x 80 cm<\/li>\n<\/ul>\n<p><strong>Consommation d\u2019air \/ d\u00e9bit \u00e0 100 bar de contre-pression (pression d\u2019injection) :<\/strong><\/p>\n<ul>\n<li>83 L\/min de consommation d\u2019air = 0,5 L\/min de d\u00e9bit<\/li>\n<li>166 L\/min de consommation d\u2019air = 1 L\/min de d\u00e9bit<\/li>\n<li>342 L\/min de consommation d\u2019air = 2 L\/min de d\u00e9bit<\/li>\n<li>433 L\/min de consommation d\u2019air = 3 L\/min de d\u00e9bit<\/li>\n<\/ul>\n<p><strong>Pompe de rin\u00e7age :<\/strong><\/p>\n<ul>\n<li>Pression de service : variable en continu, de 7 \u00e0 220 bar<\/li>\n<li>D\u00e9bit : 5 L\/min<\/li>\n<li>Rapport de transmission : 1:28<\/li>\n<\/ul>\n","protected":false},"excerpt":{"rendered":"","protected":false},"featured_media":2369,"template":"","meta":[],"product_brand":[],"product_cat":[225,227,65],"product_tag":[],"class_list":{"0":"post-2371","1":"product","2":"type-product","3":"status-publish","4":"has-post-thumbnail","6":"product_cat-equipement","7":"product_cat-pompes-fr","8":"product_cat-tous","9":"no-featured-image-padding","11":"first","12":"instock","13":"shipping-taxable","14":"product-type-simple"},"_links":{"self":[{"href":"https:\/\/www.distrocan.ca\/fr\/wp-json\/wp\/v2\/product\/2371","targetHints":{"allow":["GET"]}}],"collection":[{"href":"https:\/\/www.distrocan.ca\/fr\/wp-json\/wp\/v2\/product"}],"about":[{"href":"https:\/\/www.distrocan.ca\/fr\/wp-json\/wp\/v2\/types\/product"}],"wp:featuredmedia":[{"embeddable":true,"href":"https:\/\/www.distrocan.ca\/fr\/wp-json\/wp\/v2\/media\/2369"}],"wp:attachment":[{"href":"https:\/\/www.distrocan.ca\/fr\/wp-json\/wp\/v2\/media?parent=2371"}],"wp:term":[{"taxonomy":"product_brand","embeddable":true,"href":"https:\/\/www.distrocan.ca\/fr\/wp-json\/wp\/v2\/product_brand?post=2371"},{"taxonomy":"product_cat","embeddable":true,"href":"https:\/\/www.distrocan.ca\/fr\/wp-json\/wp\/v2\/product_cat?post=2371"},{"taxonomy":"product_tag","embeddable":true,"href":"https:\/\/www.distrocan.ca\/fr\/wp-json\/wp\/v2\/product_tag?post=2371"}],"curies":[{"name":"wp","href":"https:\/\/api.w.org\/{rel}","templated":true}]}}