{"id":2367,"date":"2026-04-08T11:37:29","date_gmt":"2026-04-08T15:37:29","guid":{"rendered":"https:\/\/www.distrocan.ca\/product\/desoi-pompe-airpower-s25-2c\/"},"modified":"2026-04-08T13:05:15","modified_gmt":"2026-04-08T17:05:15","slug":"desoi-pompe-airpower-s25-2c","status":"publish","type":"product","link":"https:\/\/www.distrocan.ca\/fr\/produit\/desoi-pompe-airpower-s25-2c\/","title":{"rendered":"Desoi \u2013 Pompe AirPower S25-2C"},"content":{"rendered":"<p>La DESOI AirPower S25-2C est une pompe pneumatique \u00e0 piston alternatif compacte, con\u00e7ue pour les r\u00e9sines d\u2019injection \u00e0 deux composants. Gr\u00e2ce \u00e0 ses larges passages de mat\u00e9riau, elle convient parfaitement aux produits \u00e0 haute viscosit\u00e9. Son ratio de m\u00e9lange fixe de 1:1 permet d\u2019\u00e9viter les erreurs d\u2019utilisation. Fiable et peu exigeante en entretien, cette unit\u00e9 combine haute capacit\u00e9, format compact et facilit\u00e9 de maintenance pour les applications d\u2019injection les plus exigeantes.<\/p>\n<p><strong>Caract\u00e9ristiques principales :<\/strong><\/p>\n<ul>\n<li>Grands passages pour mat\u00e9riaux \u00e0 haute viscosit\u00e9<\/li>\n<li>Ratio de m\u00e9lange fixe 1:1 pour une injection pr\u00e9cise \u00e0 deux composants<\/li>\n<li>Entretien et r\u00e9paration faciles<\/li>\n<li>Format compact avec haute capacit\u00e9 de d\u00e9bit<\/li>\n<li>Fonctionnement pneumatique n\u00e9cessitant peu d\u2019entretien<\/li>\n<\/ul>\n<p><strong>Donn\u00e9es techniques :<\/strong><\/p>\n<ul>\n<li>Pression de service : variable en continu, de 10 \u00e0 100 bar<\/li>\n<li>D\u00e9bit : max. 7,6 L\/min<\/li>\n<li>Consommation d\u2019air : 1 m\u00b3\/min<\/li>\n<li>Pression d\u2019air : max. 8 bar<\/li>\n<li>Rapport de transmission : 1:13<\/li>\n<li>Poids : 20,2 kg<\/li>\n<li>Dimensions (L x l x H) : 58 x 24 x 46 cm<\/li>\n<\/ul>\n<p><strong>Consommation d\u2019air \/ d\u00e9bit \u00e0 100 bar de contre-pression (pression d\u2019injection) :<\/strong><\/p>\n<ul>\n<li>75 L\/min de consommation d\u2019air = 0,5 L\/min de d\u00e9bit<\/li>\n<li>133 L\/min de consommation d\u2019air = 1 L\/min de d\u00e9bit<\/li>\n<li>283 L\/min de consommation d\u2019air = 2 L\/min de d\u00e9bit<\/li>\n<li>391 L\/min de consommation d\u2019air = 3 L\/min de d\u00e9bit<\/li>\n<\/ul>\n","protected":false},"excerpt":{"rendered":"","protected":false},"featured_media":2366,"template":"","meta":[],"product_brand":[],"product_cat":[225,227,65],"product_tag":[],"class_list":{"0":"post-2367","1":"product","2":"type-product","3":"status-publish","4":"has-post-thumbnail","6":"product_cat-equipement","7":"product_cat-pompes-fr","8":"product_cat-tous","9":"no-featured-image-padding","11":"first","12":"instock","13":"shipping-taxable","14":"product-type-simple"},"_links":{"self":[{"href":"https:\/\/www.distrocan.ca\/fr\/wp-json\/wp\/v2\/product\/2367","targetHints":{"allow":["GET"]}}],"collection":[{"href":"https:\/\/www.distrocan.ca\/fr\/wp-json\/wp\/v2\/product"}],"about":[{"href":"https:\/\/www.distrocan.ca\/fr\/wp-json\/wp\/v2\/types\/product"}],"wp:featuredmedia":[{"embeddable":true,"href":"https:\/\/www.distrocan.ca\/fr\/wp-json\/wp\/v2\/media\/2366"}],"wp:attachment":[{"href":"https:\/\/www.distrocan.ca\/fr\/wp-json\/wp\/v2\/media?parent=2367"}],"wp:term":[{"taxonomy":"product_brand","embeddable":true,"href":"https:\/\/www.distrocan.ca\/fr\/wp-json\/wp\/v2\/product_brand?post=2367"},{"taxonomy":"product_cat","embeddable":true,"href":"https:\/\/www.distrocan.ca\/fr\/wp-json\/wp\/v2\/product_cat?post=2367"},{"taxonomy":"product_tag","embeddable":true,"href":"https:\/\/www.distrocan.ca\/fr\/wp-json\/wp\/v2\/product_tag?post=2367"}],"curies":[{"name":"wp","href":"https:\/\/api.w.org\/{rel}","templated":true}]}}