{"id":2157,"date":"2026-03-11T15:53:34","date_gmt":"2026-03-11T19:53:34","guid":{"rendered":"https:\/\/www.distrocan.ca\/product\/dewalt-ac100-gold-systeme-dancrage-adhesif-en-vinylester\/"},"modified":"2026-03-30T13:13:08","modified_gmt":"2026-03-30T17:13:08","slug":"dewalt-ac100-gold-systeme-dancrage-adhesif-en-vinylester","status":"publish","type":"product","link":"https:\/\/www.distrocan.ca\/fr\/produit\/dewalt-ac100-gold-systeme-dancrage-adhesif-en-vinylester\/","title":{"rendered":"Dewalt AC100 GOLD"},"content":{"rendered":"<p><strong>AC100+ Gold \u2013 Syst\u00e8me d\u2019ancrage adh\u00e9sif en vinylester<\/strong><\/p>\n<p>L\u2019AC100+ Gold est un syst\u00e8me adh\u00e9sif \u00e0 deux composants en vinylester con\u00e7u pour l\u2019ancrage professionnel de tiges filet\u00e9es et barres d\u2019armature dans des trous perc\u00e9s dans le b\u00e9ton et la ma\u00e7onnerie. Le syst\u00e8me comprend adh\u00e9sif injectable en cartouches plastiques, buses de m\u00e9lange, outils de distribution et \u00e9quipement de nettoyage des trous. Sa formulation polyvalente assure une performance constante dans le b\u00e9ton de faible \u00e0 haute r\u00e9sistance, convient aux supports pleins et creux, et offre une performance fiable sous des conditions de chargement \u00e0 court et long terme ainsi que cycles gel\/d\u00e9gel. L\u2019adh\u00e9sif \u00e0 faible odeur permet un temps de cure optimis\u00e9 et une application simple gr\u00e2ce aux buses de m\u00e9lange et aux cartouches r\u00e9utilisables.<\/p>\n<p>Caract\u00e9ristiques principales :<br \/>\n\u2022 Syst\u00e8me d\u2019ancrage adh\u00e9sif \u00e0 deux composants en vinylester<br \/>\n\u2022 Con\u00e7u pour les tiges filet\u00e9es et barres d\u2019armature<br \/>\n\u2022 Performance constante dans le b\u00e9ton de faible \u00e0 haute r\u00e9sistance<br \/>\n\u2022 \u00c9valu\u00e9 et reconnu pour la r\u00e9sistance aux cycles gel\/d\u00e9gel et le chargement soutenu<br \/>\n\u2022 Convient \u00e0 une vari\u00e9t\u00e9 de profondeurs d\u2019ancrage<br \/>\n\u2022 Formule polyvalente \u00e0 faible odeur avec temps de cure optimis\u00e9<br \/>\n\u2022 \u00c9valu\u00e9 pour les chargements \u00e0 court et long terme (voir tableaux de performance)<br \/>\n\u2022 Les buses de m\u00e9lange proportionnent l\u2019adh\u00e9sif et simplifient l\u2019application dans les trous perc\u00e9s<br \/>\n\u2022 Conception des cartouches permettant plusieurs utilisations avec des buses de m\u00e9lange suppl\u00e9mentaires<br \/>\n\u2022 Produit universel pour le b\u00e9ton et la ma\u00e7onnerie, supports pleins et creux<\/p>\n<p><a href=\"https:\/\/www.distrocan.ca\/wp-content\/uploads\/2026\/03\/DEWALT-AC100-GOLD-FDS-FR.pdf\" target=\"_blank\" rel=\"noopener\">Fiche de donn\u00e9es de s\u00e9curit\u00e9<\/a><br \/>\n<a href=\"https:\/\/www.distrocan.ca\/wp-content\/uploads\/2026\/03\/DEWALT-AC100-GOLD-TDS-EN.pdf\" target=\"_blank\" rel=\"noopener\">Fiche technique<\/a><\/p>\n","protected":false},"excerpt":{"rendered":"","protected":false},"featured_media":2156,"template":"","meta":[],"product_brand":[],"product_cat":[223,199,65],"product_tag":[],"class_list":{"0":"post-2157","1":"product","2":"type-product","3":"status-publish","4":"has-post-thumbnail","6":"product_cat-ancrage-structurel","7":"product_cat-renfort-structurel","8":"product_cat-tous","9":"no-featured-image-padding","11":"first","12":"instock","13":"shipping-taxable","14":"product-type-simple"},"_links":{"self":[{"href":"https:\/\/www.distrocan.ca\/fr\/wp-json\/wp\/v2\/product\/2157","targetHints":{"allow":["GET"]}}],"collection":[{"href":"https:\/\/www.distrocan.ca\/fr\/wp-json\/wp\/v2\/product"}],"about":[{"href":"https:\/\/www.distrocan.ca\/fr\/wp-json\/wp\/v2\/types\/product"}],"wp:featuredmedia":[{"embeddable":true,"href":"https:\/\/www.distrocan.ca\/fr\/wp-json\/wp\/v2\/media\/2156"}],"wp:attachment":[{"href":"https:\/\/www.distrocan.ca\/fr\/wp-json\/wp\/v2\/media?parent=2157"}],"wp:term":[{"taxonomy":"product_brand","embeddable":true,"href":"https:\/\/www.distrocan.ca\/fr\/wp-json\/wp\/v2\/product_brand?post=2157"},{"taxonomy":"product_cat","embeddable":true,"href":"https:\/\/www.distrocan.ca\/fr\/wp-json\/wp\/v2\/product_cat?post=2157"},{"taxonomy":"product_tag","embeddable":true,"href":"https:\/\/www.distrocan.ca\/fr\/wp-json\/wp\/v2\/product_tag?post=2157"}],"curies":[{"name":"wp","href":"https:\/\/api.w.org\/{rel}","templated":true}]}}