{"id":2147,"date":"2026-03-11T15:51:31","date_gmt":"2026-03-11T19:51:31","guid":{"rendered":"https:\/\/www.distrocan.ca\/product\/hts-tx-3-reparation-de-beton-en-urethane\/"},"modified":"2026-03-20T15:46:23","modified_gmt":"2026-03-20T19:46:23","slug":"hts-tx-3-reparation-de-beton-en-urethane","status":"publish","type":"product","link":"https:\/\/www.distrocan.ca\/fr\/produit\/hts-tx-3-reparation-de-beton-en-urethane\/","title":{"rendered":"HTS TX-3 \u2013 R\u00e9paration de b\u00e9ton en ur\u00e9thane"},"content":{"rendered":"<p>TX-3 est un mat\u00e9riau de r\u00e9paration en ur\u00e9thane <strong>\u00e0 prise rapide, haute r\u00e9sistance et faible viscosit\u00e9<\/strong>. Ce syst\u00e8me bi-composant 1:1, 100 % solide, est con\u00e7u pour reconstruire et r\u00e9parer les joints de contr\u00f4le endommag\u00e9s, combler les vides sous les carreaux et le b\u00e9ton, et r\u00e9parer rapidement les surfaces de b\u00e9ton \u00e9clat\u00e9es. TX-3 est id\u00e9al pour les joints de contr\u00f4le endommag\u00e9s ou les dommages caus\u00e9s dans les entrep\u00f4ts par des chariots \u00e9l\u00e9vateurs ou des chariots \u00e0 roues en acier ou ur\u00e9thane dur.<\/p>\n<p><strong>Caract\u00e9ristiques principales :<\/strong><br \/>\n\u2022 Durcit de -20 \u00b0F \u00e0 130 \u00b0F<br \/>\n\u2022 Circulation possible en 45 minutes<br \/>\n\u2022 Haute r\u00e9sistance produite rapidement<br \/>\n\u2022 Auto-amor\u00e7ant et autonivelant<br \/>\n\u2022 Peut \u00eatre m\u00e9lang\u00e9 avec un agr\u00e9gat sec<br \/>\n\u2022 Conforme aux exigences USDA et FDA<br \/>\n\u2022 Conforme aux standards LEED\u00ae du United States Green Building Council (Cr\u00e9dit IEQ 4.1)<\/p>\n","protected":false},"excerpt":{"rendered":"","protected":false},"featured_media":2146,"template":"","meta":[],"product_brand":[],"product_cat":[223,199,65],"product_tag":[],"class_list":{"0":"post-2147","1":"product","2":"type-product","3":"status-publish","4":"has-post-thumbnail","6":"product_cat-ancrage-structurel","7":"product_cat-renfort-structurel","8":"product_cat-tous","9":"no-featured-image-padding","11":"first","12":"instock","13":"shipping-taxable","14":"product-type-simple"},"_links":{"self":[{"href":"https:\/\/www.distrocan.ca\/fr\/wp-json\/wp\/v2\/product\/2147","targetHints":{"allow":["GET"]}}],"collection":[{"href":"https:\/\/www.distrocan.ca\/fr\/wp-json\/wp\/v2\/product"}],"about":[{"href":"https:\/\/www.distrocan.ca\/fr\/wp-json\/wp\/v2\/types\/product"}],"wp:featuredmedia":[{"embeddable":true,"href":"https:\/\/www.distrocan.ca\/fr\/wp-json\/wp\/v2\/media\/2146"}],"wp:attachment":[{"href":"https:\/\/www.distrocan.ca\/fr\/wp-json\/wp\/v2\/media?parent=2147"}],"wp:term":[{"taxonomy":"product_brand","embeddable":true,"href":"https:\/\/www.distrocan.ca\/fr\/wp-json\/wp\/v2\/product_brand?post=2147"},{"taxonomy":"product_cat","embeddable":true,"href":"https:\/\/www.distrocan.ca\/fr\/wp-json\/wp\/v2\/product_cat?post=2147"},{"taxonomy":"product_tag","embeddable":true,"href":"https:\/\/www.distrocan.ca\/fr\/wp-json\/wp\/v2\/product_tag?post=2147"}],"curies":[{"name":"wp","href":"https:\/\/api.w.org\/{rel}","templated":true}]}}