{"id":2134,"date":"2026-03-11T15:23:46","date_gmt":"2026-03-11T19:23:46","guid":{"rendered":"https:\/\/www.distrocan.ca\/product\/mastic-soudaseal-ap\/"},"modified":"2026-03-30T12:48:49","modified_gmt":"2026-03-30T16:48:49","slug":"mastic-soudaseal-ap","status":"publish","type":"product","link":"https:\/\/www.distrocan.ca\/fr\/produit\/mastic-soudaseal-ap\/","title":{"rendered":"Soudal Mastic Soudaseal AP"},"content":{"rendered":"<p><strong>Soudaseal AP \u2013 Mastic et adh\u00e9sif hybride SMX\u00ae<\/strong><\/p>\n<p>Soudaseal AP est un mastic et adh\u00e9sif hybride SMX\u00ae polyvalent de nouvelle g\u00e9n\u00e9ration, con\u00e7u pour un usage professionnel tout usage. Offrant une capacit\u00e9 de mouvement de \u00b135 %, il garantit flexibilit\u00e9 et durabilit\u00e9 \u00e0 long terme. Sa formulation avanc\u00e9e est <strong>peignable sans attendre la cure compl\u00e8te<\/strong>, ne contient <strong>ni solvants ni isocyanates<\/strong> pour \u00e9viter le retrait, et adh\u00e8re m\u00eame sur des surfaces humides. Stable aux UV et peu odorant, Soudaseal AP assure un r\u00e9sultat propre, sans bulles, m\u00eame dans les applications exigeantes.<\/p>\n<p><strong>Caract\u00e9ristiques principales :<\/strong><br \/>\n\u2022 Mastic et adh\u00e9sif hybride SMX\u00ae tout usage<br \/>\n\u2022 Capacit\u00e9 de mouvement \u00b135 %<br \/>\n\u2022 Technologie de mastic \/ adh\u00e9sif de nouvelle g\u00e9n\u00e9ration<br \/>\n\u2022 Peignable sans attendre la cure compl\u00e8te<br \/>\n\u2022 Sans solvants ni isocyanates (pas de retrait)<br \/>\n\u2022 Faible odeur<br \/>\n\u2022 Adh\u00e8re aux substrats humides<br \/>\n\u2022 Pas de bulles<br \/>\n\u2022 Stable aux UV (sans d\u00e9coloration)<br \/>\n\u2022 Fournie en cartouche plastique<br \/>\n\u2022 Approuv\u00e9 AAMA<br \/>\n\u2022 Conforme \u00e0 ASTM C-920, Type S, Grade NS, Classe 35<\/p>\n<p><strong>Conditionnements :<\/strong><br \/>\n\u2022 300 ml (cartouche)<br \/>\n\u2022 591 ml (saucisse)<\/p>\n<p><a href=\"https:\/\/www.distrocan.ca\/wp-content\/uploads\/2026\/03\/SOUDAL-SOUDASEAL-AP-FDS-FR.pdf\" target=\"_blank\" rel=\"noopener\">Fiche de donn\u00e9es de s\u00e9curit\u00e9<\/a><br \/>\n<a href=\"https:\/\/www.distrocan.ca\/wp-content\/uploads\/2026\/03\/SOUDAL-SOUDASEAL-AP-FT-FR.pdf\" target=\"_blank\" rel=\"noopener\">Fiche technique<\/a><\/p>\n","protected":false},"excerpt":{"rendered":"","protected":false},"featured_media":2133,"template":"","meta":[],"product_brand":[],"product_cat":[178,173,65],"product_tag":[],"class_list":{"0":"post-2134","1":"product","2":"type-product","3":"status-publish","4":"has-post-thumbnail","6":"product_cat-accessoires-cimentaires","7":"product_cat-produits-cimentaires","8":"product_cat-tous","9":"no-featured-image-padding","11":"first","12":"instock","13":"shipping-taxable","14":"product-type-simple"},"_links":{"self":[{"href":"https:\/\/www.distrocan.ca\/fr\/wp-json\/wp\/v2\/product\/2134","targetHints":{"allow":["GET"]}}],"collection":[{"href":"https:\/\/www.distrocan.ca\/fr\/wp-json\/wp\/v2\/product"}],"about":[{"href":"https:\/\/www.distrocan.ca\/fr\/wp-json\/wp\/v2\/types\/product"}],"wp:featuredmedia":[{"embeddable":true,"href":"https:\/\/www.distrocan.ca\/fr\/wp-json\/wp\/v2\/media\/2133"}],"wp:attachment":[{"href":"https:\/\/www.distrocan.ca\/fr\/wp-json\/wp\/v2\/media?parent=2134"}],"wp:term":[{"taxonomy":"product_brand","embeddable":true,"href":"https:\/\/www.distrocan.ca\/fr\/wp-json\/wp\/v2\/product_brand?post=2134"},{"taxonomy":"product_cat","embeddable":true,"href":"https:\/\/www.distrocan.ca\/fr\/wp-json\/wp\/v2\/product_cat?post=2134"},{"taxonomy":"product_tag","embeddable":true,"href":"https:\/\/www.distrocan.ca\/fr\/wp-json\/wp\/v2\/product_tag?post=2134"}],"curies":[{"name":"wp","href":"https:\/\/api.w.org\/{rel}","templated":true}]}}