{"id":2130,"date":"2026-03-11T15:14:56","date_gmt":"2026-03-11T19:14:56","guid":{"rendered":"https:\/\/www.distrocan.ca\/product\/hts-pe-85-polyuree-de-remplissage\/"},"modified":"2026-03-31T14:51:52","modified_gmt":"2026-03-31T18:51:52","slug":"hts-pe-85-polyuree-de-remplissage","status":"publish","type":"product","link":"https:\/\/www.distrocan.ca\/fr\/produit\/hts-pe-85-polyuree-de-remplissage\/","title":{"rendered":"HTS PE-85 Polyur\u00e9e de Remplissage"},"content":{"rendered":"<p>PE-85 est une polyur\u00e9e \u00e9lastom\u00e8re technologiquement avanc\u00e9e, insensible \u00e0 l\u2019humidit\u00e9, autonivelante, non tachante, 100 % solide, \u00e0 deux composants avec un ratio de m\u00e9lange 1:1, con\u00e7ue pour le remplissage des joints et des fissures. Destin\u00e9e aux surfaces de b\u00e9ton soumises \u00e0 de faibles \u00e0 moyens cycles thermiques, la PE-85 durcit rapidement et de fa\u00e7on constante dans une plage de temp\u00e9ratures allant de 30 \u00b0F \u00e0 130 \u00b0F (une formulation pour cong\u00e9lateur est offerte). Le produit devient hors poisse en 4 minutes et les zones trait\u00e9es peuvent \u00eatre rouvertes \u00e0 la circulation pi\u00e9tonni\u00e8re ou v\u00e9hiculaire en moins d\u2019une heure.<\/p>\n<p>Caract\u00e9ristiques :<br \/>\n\u2022 Insensible \u00e0 l\u2019humidit\u00e9<br \/>\n\u2022 Semi-rigide pour prot\u00e9ger les ar\u00eates de joints<br \/>\n\u2022 Formulation 100 % solide, sans COV<br \/>\n\u2022 Peut \u00eatre polie sans bavures<br \/>\n\u2022 Conforme aux exigences de l\u2019USDA et de la FDA<br \/>\n\u2022 Remise en service du chantier en 60 minutes<br \/>\n\u2022 Durcit de 30 \u00b0F \u00e0 130 \u00b0F<br \/>\n\u2022 Inodore, sans vapeurs toxiques<br \/>\n\u2022 R\u00e9sistante aux produits p\u00e9trochimiques<\/p>\n<p>&nbsp;<\/p>\n","protected":false},"excerpt":{"rendered":"","protected":false},"featured_media":2128,"template":"","meta":[],"product_brand":[],"product_cat":[178,173,65],"product_tag":[],"class_list":{"0":"post-2130","1":"product","2":"type-product","3":"status-publish","4":"has-post-thumbnail","6":"product_cat-accessoires-cimentaires","7":"product_cat-produits-cimentaires","8":"product_cat-tous","9":"no-featured-image-padding","11":"first","12":"instock","13":"shipping-taxable","14":"product-type-simple"},"_links":{"self":[{"href":"https:\/\/www.distrocan.ca\/fr\/wp-json\/wp\/v2\/product\/2130","targetHints":{"allow":["GET"]}}],"collection":[{"href":"https:\/\/www.distrocan.ca\/fr\/wp-json\/wp\/v2\/product"}],"about":[{"href":"https:\/\/www.distrocan.ca\/fr\/wp-json\/wp\/v2\/types\/product"}],"wp:featuredmedia":[{"embeddable":true,"href":"https:\/\/www.distrocan.ca\/fr\/wp-json\/wp\/v2\/media\/2128"}],"wp:attachment":[{"href":"https:\/\/www.distrocan.ca\/fr\/wp-json\/wp\/v2\/media?parent=2130"}],"wp:term":[{"taxonomy":"product_brand","embeddable":true,"href":"https:\/\/www.distrocan.ca\/fr\/wp-json\/wp\/v2\/product_brand?post=2130"},{"taxonomy":"product_cat","embeddable":true,"href":"https:\/\/www.distrocan.ca\/fr\/wp-json\/wp\/v2\/product_cat?post=2130"},{"taxonomy":"product_tag","embeddable":true,"href":"https:\/\/www.distrocan.ca\/fr\/wp-json\/wp\/v2\/product_tag?post=2130"}],"curies":[{"name":"wp","href":"https:\/\/api.w.org\/{rel}","templated":true}]}}