{"id":2121,"date":"2026-03-11T14:27:54","date_gmt":"2026-03-11T18:27:54","guid":{"rendered":"https:\/\/www.distrocan.ca\/product\/manometre-en-acier-inoxydable-rempli-de-silicone\/"},"modified":"2026-03-30T13:34:15","modified_gmt":"2026-03-30T17:34:15","slug":"manometre-en-acier-inoxydable-rempli-de-silicone","status":"publish","type":"product","link":"https:\/\/www.distrocan.ca\/fr\/produit\/manometre-en-acier-inoxydable-rempli-de-silicone\/","title":{"rendered":"Manom\u00e8tre Rempli de Silicone"},"content":{"rendered":"<p>Un manom\u00e8tre robuste et r\u00e9sistant \u00e0 la corrosion, rempli de fluide silicone pour un mouvement d\u2019aiguille fluide et une r\u00e9duction des vibrations. Con\u00e7u pour offrir une performance pr\u00e9cise et fiable dans les environnements industriels difficiles.<\/p>\n<p>Disponible en:<\/p>\n<ul>\n<li>1000 PSI<\/li>\n<li>4000 PSI<\/li>\n<li>10000 PSI<\/li>\n<\/ul>\n","protected":false},"excerpt":{"rendered":"","protected":false},"featured_media":2120,"template":"","meta":[],"product_brand":[],"product_cat":[155,153,65],"product_tag":[],"class_list":{"0":"post-2121","1":"product","2":"type-product","3":"status-publish","4":"has-post-thumbnail","6":"product_cat-accessoires-injection","7":"product_cat-produits-dinjection","8":"product_cat-tous","9":"no-featured-image-padding","11":"first","12":"instock","13":"shipping-taxable","14":"product-type-simple"},"_links":{"self":[{"href":"https:\/\/www.distrocan.ca\/fr\/wp-json\/wp\/v2\/product\/2121","targetHints":{"allow":["GET"]}}],"collection":[{"href":"https:\/\/www.distrocan.ca\/fr\/wp-json\/wp\/v2\/product"}],"about":[{"href":"https:\/\/www.distrocan.ca\/fr\/wp-json\/wp\/v2\/types\/product"}],"wp:featuredmedia":[{"embeddable":true,"href":"https:\/\/www.distrocan.ca\/fr\/wp-json\/wp\/v2\/media\/2120"}],"wp:attachment":[{"href":"https:\/\/www.distrocan.ca\/fr\/wp-json\/wp\/v2\/media?parent=2121"}],"wp:term":[{"taxonomy":"product_brand","embeddable":true,"href":"https:\/\/www.distrocan.ca\/fr\/wp-json\/wp\/v2\/product_brand?post=2121"},{"taxonomy":"product_cat","embeddable":true,"href":"https:\/\/www.distrocan.ca\/fr\/wp-json\/wp\/v2\/product_cat?post=2121"},{"taxonomy":"product_tag","embeddable":true,"href":"https:\/\/www.distrocan.ca\/fr\/wp-json\/wp\/v2\/product_tag?post=2121"}],"curies":[{"name":"wp","href":"https:\/\/api.w.org\/{rel}","templated":true}]}}