{"id":2084,"date":"2026-03-10T15:31:54","date_gmt":"2026-03-10T19:31:54","guid":{"rendered":"https:\/\/www.distrocan.ca\/product\/tajima-pistolet-a-resine-double-cartouche-de-haute-qualite\/"},"modified":"2026-03-11T16:42:59","modified_gmt":"2026-03-11T20:42:59","slug":"tajima-pistolet-a-resine-double-cartouche-de-haute-qualite","status":"publish","type":"product","link":"https:\/\/www.distrocan.ca\/fr\/produit\/tajima-pistolet-a-resine-double-cartouche-de-haute-qualite\/","title":{"rendered":"Tajima Pistolet \u00e0 R\u00e9sine Double Cartouche de Haute Qualit\u00e9"},"content":{"rendered":"<p>Pistolet robuste et professionnel con\u00e7u pour une distribution fluide et uniforme des adh\u00e9sifs bi-composants. Fiable, pr\u00e9cis et facile \u00e0 utiliser, il assure un m\u00e9lange exact et une performance durable sur le chantier.<\/p>\n<p><strong>Caract\u00e9ristiques :<\/strong><br \/>\n\u2022 Construction robuste<br \/>\n\u2022 Distribution r\u00e9guli\u00e8re et contr\u00f4l\u00e9e<br \/>\n\u2022 M\u00e9lange pr\u00e9cis des 2 composants<br \/>\n\u2022 Poign\u00e9e ergonomique<br \/>\n\u2022 Performance fiable pour adh\u00e9sifs, scellants et r\u00e9parations<\/p>\n","protected":false},"excerpt":{"rendered":"","protected":false},"featured_media":2176,"template":"","meta":[],"product_brand":[],"product_cat":[155,153,65],"product_tag":[],"class_list":{"0":"post-2084","1":"product","2":"type-product","3":"status-publish","4":"has-post-thumbnail","6":"product_cat-accessoires-injection","7":"product_cat-produits-dinjection","8":"product_cat-tous","9":"no-featured-image-padding","11":"first","12":"instock","13":"shipping-taxable","14":"product-type-simple"},"_links":{"self":[{"href":"https:\/\/www.distrocan.ca\/fr\/wp-json\/wp\/v2\/product\/2084","targetHints":{"allow":["GET"]}}],"collection":[{"href":"https:\/\/www.distrocan.ca\/fr\/wp-json\/wp\/v2\/product"}],"about":[{"href":"https:\/\/www.distrocan.ca\/fr\/wp-json\/wp\/v2\/types\/product"}],"wp:featuredmedia":[{"embeddable":true,"href":"https:\/\/www.distrocan.ca\/fr\/wp-json\/wp\/v2\/media\/2176"}],"wp:attachment":[{"href":"https:\/\/www.distrocan.ca\/fr\/wp-json\/wp\/v2\/media?parent=2084"}],"wp:term":[{"taxonomy":"product_brand","embeddable":true,"href":"https:\/\/www.distrocan.ca\/fr\/wp-json\/wp\/v2\/product_brand?post=2084"},{"taxonomy":"product_cat","embeddable":true,"href":"https:\/\/www.distrocan.ca\/fr\/wp-json\/wp\/v2\/product_cat?post=2084"},{"taxonomy":"product_tag","embeddable":true,"href":"https:\/\/www.distrocan.ca\/fr\/wp-json\/wp\/v2\/product_tag?post=2084"}],"curies":[{"name":"wp","href":"https:\/\/api.w.org\/{rel}","templated":true}]}}