{"id":2082,"date":"2026-03-10T13:43:51","date_gmt":"2026-03-10T17:43:51","guid":{"rendered":"https:\/\/www.distrocan.ca\/product\/graco-pulverisateur-hydraulique-a-essence-gh-833-membrane-d-etancheite\/"},"modified":"2026-04-06T12:56:56","modified_gmt":"2026-04-06T16:56:56","slug":"graco-pulverisateur-hydraulique-a-essence-gh-833-membrane-d-etancheite","status":"publish","type":"product","link":"https:\/\/www.distrocan.ca\/fr\/produit\/graco-pulverisateur-hydraulique-a-essence-gh-833-membrane-d-etancheite\/","title":{"rendered":"Graco &#8211; GH 833 &#8211; Pulv\u00e9risateur hydraulique \u00e0 essence &#8211; Membrane d&#8217; \u00c9tanch\u00e9it\u00e9"},"content":{"rendered":"<p>Le mod\u00e8le GH\u00a0833 est le choix id\u00e9al pour les entrepreneurs professionnels de production qui pulv\u00e9risent une grande vari\u00e9t\u00e9 de mat\u00e9riaux. Cet appareil \u00e0 toute \u00e9preuve est la solution de choix si vous recherchez robustesse, performances et valeur ajout\u00e9e.<\/p>\n<ul>\n<li><strong>Moteur Honda\u00ae<\/strong>\n<ul>\n<li>Moteur 390 cc (13 HP) avec r\u00e9servoir de carburant int\u00e9gr\u00e9 maximisant le rendement<\/li>\n<li>Le moteur \u00e0 alerte d\u2019huile privil\u00e9gi\u00e9 par les entrepreneurs<\/li>\n<\/ul>\n<\/li>\n<li><strong>Syst\u00e8me hydraulique haute performance<\/strong>\n<ul>\n<li>Changement plus rapide et plus r\u00e9actif<\/li>\n<li>Joint torique scell\u00e9 pour \u00e9liminer les fuites<\/li>\n<li>Contr\u00f4le de pression de haute pr\u00e9cision<\/li>\n<li>Aucun bouton de r\u00e9initialisation hydraulique n\u00e9cessaire<\/li>\n<li>Conduites hydrauliques durables pour une longue dur\u00e9e de vie<\/li>\n<\/ul>\n<\/li>\n<li><strong>Syst\u00e8me de refroidissement haute performance<\/strong>\n<ul>\n<li>Grand r\u00e9servoir hydraulique de 4 gallons<\/li>\n<li>Le filtre hydraulique de la conduite de retour prolonge la dur\u00e9e de vie<\/li>\n<li>Aucun fluide hydraulique sp\u00e9cial n\u00e9cessaire<\/li>\n<li>Syst\u00e8me de refroidissement et de soufflerie \u00e9prouv\u00e9<\/li>\n<li>Bouchon de vidange facile \u00e0 utiliser<\/li>\n<\/ul>\n<\/li>\n<li><strong>Cadre en acier robuste haute performance<\/strong>\n<ul>\n<li>Pneus \u00e0 chambre \u00e0 air et roulement ais\u00e9<\/li>\n<li>Tubulure en acier peint \u00e9maill\u00e9 \u2013 protection contre la corrosion<\/li>\n<li>La conception multifonction se convertit en montage sur patin en quelques secondes<\/li>\n<\/ul>\n<\/li>\n<li><strong>Pompe Endurance MaxLife<\/strong>\n<ul>\n<li>Conception et performances \u00e9prouv\u00e9es<\/li>\n<li>Seulement 16 cycles par gallon (4,2 cycles par litre)<\/li>\n<li>La tige et le manchon exclusifs MaxLife offrent une durabilit\u00e9 et une dur\u00e9e de vie in\u00e9gal\u00e9es &#8211; la meilleure de Graco<\/li>\n<li>Le syst\u00e8me de pompe exclusif QuikChange et la soupape d\u2019admission QuikAccess \u00e9liminent les temps d\u2019arr\u00eat<\/li>\n<\/ul>\n<\/li>\n<li><strong>Syst\u00e8me de filtre \u00e0 circulation<\/strong>\n<ul>\n<li>La conception int\u00e9rieure\/ext\u00e9rieure \u00e9limine le risque d\u2019obstruction des filtres<\/li>\n<li>\u00c9limine les bouchons au niveau de la buse<\/li>\n<\/ul>\n<\/li>\n<li><strong>Syst\u00e8me complet pr\u00eat \u00e0 pulv\u00e9riser<\/strong>\n<ul>\n<li>Configur\u00e9 avec 50 pieds de boyau \u00e0 pression nominale, pistolet, buses et tous les raccords dont vous aurez besoin<\/li>\n<\/ul>\n<\/li>\n<\/ul>\n","protected":false},"excerpt":{"rendered":"","protected":false},"featured_media":2081,"template":"","meta":[],"product_brand":[],"product_cat":[225,227,65],"product_tag":[],"class_list":{"0":"post-2082","1":"product","2":"type-product","3":"status-publish","4":"has-post-thumbnail","6":"product_cat-equipement","7":"product_cat-pompes-fr","8":"product_cat-tous","9":"no-featured-image-padding","11":"first","12":"instock","13":"shipping-taxable","14":"product-type-simple"},"_links":{"self":[{"href":"https:\/\/www.distrocan.ca\/fr\/wp-json\/wp\/v2\/product\/2082","targetHints":{"allow":["GET"]}}],"collection":[{"href":"https:\/\/www.distrocan.ca\/fr\/wp-json\/wp\/v2\/product"}],"about":[{"href":"https:\/\/www.distrocan.ca\/fr\/wp-json\/wp\/v2\/types\/product"}],"wp:featuredmedia":[{"embeddable":true,"href":"https:\/\/www.distrocan.ca\/fr\/wp-json\/wp\/v2\/media\/2081"}],"wp:attachment":[{"href":"https:\/\/www.distrocan.ca\/fr\/wp-json\/wp\/v2\/media?parent=2082"}],"wp:term":[{"taxonomy":"product_brand","embeddable":true,"href":"https:\/\/www.distrocan.ca\/fr\/wp-json\/wp\/v2\/product_brand?post=2082"},{"taxonomy":"product_cat","embeddable":true,"href":"https:\/\/www.distrocan.ca\/fr\/wp-json\/wp\/v2\/product_cat?post=2082"},{"taxonomy":"product_tag","embeddable":true,"href":"https:\/\/www.distrocan.ca\/fr\/wp-json\/wp\/v2\/product_tag?post=2082"}],"curies":[{"name":"wp","href":"https:\/\/api.w.org\/{rel}","templated":true}]}}