{"id":2078,"date":"2026-03-10T13:38:56","date_gmt":"2026-03-10T17:38:56","guid":{"rendered":"https:\/\/www.distrocan.ca\/product\/graco-finishpro-gx-19-sans-fil-injection-de-polyurethane\/"},"modified":"2026-04-06T12:54:35","modified_gmt":"2026-04-06T16:54:35","slug":"graco-finishpro-gx-19-sans-fil-injection-de-polyurethane","status":"publish","type":"product","link":"https:\/\/www.distrocan.ca\/fr\/produit\/graco-finishpro-gx-19-sans-fil-injection-de-polyurethane\/","title":{"rendered":"Graco \u2013 Finishpro GX 19 sans Fil &#8211; Injection de Polyur\u00e9thane"},"content":{"rendered":"<p>Le FinishPro GX 19 sans fil, le pulv\u00e9risateur de finition le plus rapide et le plus portable jamais fabriqu\u00e9 dans l&#8217;industrie! Con\u00e7u pour offrir des performances syst\u00e8me compl\u00e8tes avec la libert\u00e9 de travailler n&#8217;importe o\u00f9, m\u00eame l\u00e0 o\u00f9 il n&#8217;y a pas d\u2019alimentation \u00e9lectrique.<\/p>\n<p><strong>Puissance ultime et performances \u00e9prouv\u00e9es<\/strong><\/p>\n<p><strong>Aliment\u00e9 par DEWALT\u00ae<\/strong><\/p>\n<ul>\n<li>Batteries FlexVolt 6 Ah haute capacit\u00e9 &#8211; pulv\u00e9risez jusqu&#8217;\u00e0 6 gallons (23\u00a0litres) avant de devoir les recharger<\/li>\n<li>Livr\u00e9 complet avec deux batteries et le chargeur rapide refroidi par ventilateur<\/li>\n<\/ul>\n<p><strong>Moteur CC sans balais<\/strong><\/p>\n<ul>\n<li>Puissant moteur CC sans balais offrant une autonomie prolong\u00e9e des batteries<\/li>\n<li>Conception l\u00e9g\u00e8re et compacte permettant une meilleure portabilit\u00e9<\/li>\n<li>Finition parfaite sans air<\/li>\n<\/ul>\n<p><strong>Embout r\u00e9versible RAC X SwitchTip pour une finition lisse \u00e0 basse pression (FF LP)<\/strong><\/p>\n<ul>\n<li>Finition parfaite sans air<\/li>\n<li>Chevauchement des motifs le plus facile<\/li>\n<li>Jusqu&#8217;\u00e0 2\u00a0fois la dur\u00e9e de vie des buses standards<\/li>\n<li>Pulv\u00e9risez facilement dans les endroits les plus \u00e9troits<\/li>\n<\/ul>\n<p><strong>Pistolet compact Contractor PC<\/strong><\/p>\n<ul>\n<li style=\"list-style-type: none;\">\n<ul>\n<li>Le pistolet le plus l\u00e9ger du march\u00e9<\/li>\n<li>Une g\u00e2chette 50 % plus l\u00e9g\u00e8re<\/li>\n<li>La cartouche ProConnect permet de reconstruire le pistolet en quelques secondes<\/li>\n<\/ul>\n<\/li>\n<li>Entretien facile et longue dur\u00e9e de vie<\/li>\n<\/ul>\n<p><strong>Pompe \u00e0 piston ProX munie du syst\u00e8me ProXChange<\/strong><\/p>\n<ul>\n<li>La faible pression de la zone morte garantit la meilleure finition possible<\/li>\n<li>Durabilit\u00e9 exceptionnelle et longue dur\u00e9e de vie de la pompe \u00e0 piston<\/li>\n<li>Patin de raclage exclusif lubrifi\u00e9 \u00e0 vie pour un fonctionnement sans entretien<\/li>\n<li>Composants modulaires de la pompe pour un entretien facile<\/li>\n<li>Remplacement rapide et facile de la pompe sur le chantier, sans outils<\/li>\n<li>\u00c9limine les co\u00fbts de main-d&#8217;\u0153uvre et les frais d&#8217;immobilisation<\/li>\n<li>Finissez vos travaux plus rapidement<\/li>\n<\/ul>\n<p><strong>Extr\u00eamement portable<\/strong><\/p>\n<ul>\n<li>Plus l\u00e9ger que tout autre syst\u00e8me concurrent<\/li>\n<li>La poign\u00e9e de transport facilite le transport<\/li>\n<li>Le couvercle emp\u00eache les \u00e9claboussures et les d\u00e9versements lors du transport.<\/li>\n<li>Manipulation facile des mat\u00e9riaux<\/li>\n<\/ul>\n<p><strong>Tr\u00e9mie de 1,5\u00a0gallon (3,78\u00a0litres)<\/strong><\/p>\n<ul>\n<li>Id\u00e9al pour pulv\u00e9riser de petites quantit\u00e9s de mat\u00e9riaux<\/li>\n<li>Nettoyage plus rapide gr\u00e2ce \u00e0 la surface int\u00e9rieure lisse et r\u00e9sistante aux solvants<\/li>\n<li>Plus de d\u00e9g\u00e2ts gr\u00e2ce au tuyau de vidange \u2013 le crochet du tuyau de vidange maintient le tube de vidange en place<\/li>\n<\/ul>\n","protected":false},"excerpt":{"rendered":"","protected":false},"featured_media":2077,"template":"","meta":[],"product_brand":[],"product_cat":[225,227,65],"product_tag":[],"class_list":{"0":"post-2078","1":"product","2":"type-product","3":"status-publish","4":"has-post-thumbnail","6":"product_cat-equipement","7":"product_cat-pompes-fr","8":"product_cat-tous","9":"no-featured-image-padding","10":"resize-featured-image","12":"first","13":"instock","14":"shipping-taxable","15":"product-type-simple"},"_links":{"self":[{"href":"https:\/\/www.distrocan.ca\/fr\/wp-json\/wp\/v2\/product\/2078","targetHints":{"allow":["GET"]}}],"collection":[{"href":"https:\/\/www.distrocan.ca\/fr\/wp-json\/wp\/v2\/product"}],"about":[{"href":"https:\/\/www.distrocan.ca\/fr\/wp-json\/wp\/v2\/types\/product"}],"wp:featuredmedia":[{"embeddable":true,"href":"https:\/\/www.distrocan.ca\/fr\/wp-json\/wp\/v2\/media\/2077"}],"wp:attachment":[{"href":"https:\/\/www.distrocan.ca\/fr\/wp-json\/wp\/v2\/media?parent=2078"}],"wp:term":[{"taxonomy":"product_brand","embeddable":true,"href":"https:\/\/www.distrocan.ca\/fr\/wp-json\/wp\/v2\/product_brand?post=2078"},{"taxonomy":"product_cat","embeddable":true,"href":"https:\/\/www.distrocan.ca\/fr\/wp-json\/wp\/v2\/product_cat?post=2078"},{"taxonomy":"product_tag","embeddable":true,"href":"https:\/\/www.distrocan.ca\/fr\/wp-json\/wp\/v2\/product_tag?post=2078"}],"curies":[{"name":"wp","href":"https:\/\/api.w.org\/{rel}","templated":true}]}}