{"id":2061,"date":"2026-03-09T16:13:32","date_gmt":"2026-03-09T20:13:32","guid":{"rendered":"https:\/\/www.distrocan.ca\/product\/graco-finishpro-gx-19-electrique-injection-de-polyurethane\/"},"modified":"2026-04-06T12:55:07","modified_gmt":"2026-04-06T16:55:07","slug":"graco-finishpro-gx-19-electrique-injection-de-polyurethane","status":"publish","type":"product","link":"https:\/\/www.distrocan.ca\/fr\/produit\/graco-finishpro-gx-19-electrique-injection-de-polyurethane\/","title":{"rendered":"Graco \u2013 Finishpro GX 19 \u00e9lectrique &#8211; Injection de Polyur\u00e9thane"},"content":{"rendered":"<p>La FinishPro GX 19 est une solution rapide, portable et abordable pour des petits travaux de finitions auxquels se confronte tout entrepreneur sp\u00e9cialis\u00e9 dans la finition. La pompe \u00e0 piston \u00e9prouv\u00e9e de Graco et la buse SwitchTip RAC X FF LP permettent d\u2019obtenir rapidement une finition lisse. La pompe ProXChange permet un remplacement rapide de la pompe sur le chantier, sans aucun outil.<\/p>\n<ul>\n<li><strong>Extr\u00eamement portable<\/strong>\n<ul>\n<li>Plus l\u00e9ger que n\u2019importe quel syst\u00e8me concurrent<\/li>\n<li>La poign\u00e9e de transport facile facilite le transport<\/li>\n<li>Le couvercle emp\u00eache les \u00e9claboussures et les d\u00e9versements lors du transport<\/li>\n<\/ul>\n<\/li>\n<li><strong>Tr\u00e9mie de 1,5 gallons<\/strong>\n<ul>\n<li>Id\u00e9ale pour pulv\u00e9riser de petites quantit\u00e9s de produit<\/li>\n<li>La surface int\u00e9rieure lisse se nettoie rapidement<\/li>\n<li>Couvercle inclus pour une portabilit\u00e9 anti-\u00e9claboussures<\/li>\n<li>La tr\u00e9mie se fixe facilement au pulv\u00e9risateur sans outils pour un nettoyage facile<\/li>\n<\/ul>\n<\/li>\n<li><strong>Pompe \u00e0 piston motoris\u00e9 ProX avec ProXChange<\/strong>\n<ul>\n<li>La petite pression de bande morte assure la finition la plus fine possible<\/li>\n<li>Durabilit\u00e9 exceptionnelle et pompe \u00e0 piston longue dur\u00e9e<\/li>\n<li>Tampon d\u2019essuie-glace exclusif \u00e0 vie pour un fonctionnement sans entretien<\/li>\n<li>Composants de pompe modulaires pour un entretien facile<\/li>\n<li>Remplacement rapide et facile de la pompe sur le chantier \u2013 aucun outil n\u00e9cessaire<\/li>\n<li>\u00c9liminez les co\u00fbts de main-d\u2019\u0153uvre et les temps d\u2019arr\u00eat<\/li>\n<\/ul>\n<\/li>\n<li><strong>Pistolet de pulv\u00e9risation Contractor FTx<\/strong>\n<ul>\n<li>La poign\u00e9e ajust\u00e9e offre un maximum de contr\u00f4le et de confort<\/li>\n<li>Filtre de pistolet de 100 mesh inclus pour r\u00e9duire au minimum les colmatages de la buse et prot\u00e9ger la finition<\/li>\n<li>Le syst\u00e8me EasyGlide Swivel offre une flexibilit\u00e9 maximale pour une gestion sans effort du boyau<\/li>\n<\/ul>\n<\/li>\n<li><strong>Buse de pr\u00e9cision SwitchTip RAC X FF LP<\/strong>\n<ul>\n<li>Pulv\u00e9rise \u00e0 des pressions plus basses avec moins d\u2019exc\u00e8s de pulv\u00e9risation et jusqu\u2019\u00e0 2 fois la dur\u00e9e de vie<\/li>\n<li>Atomisation plus fine et bords plus doux pour un chevauchement plus facile gr\u00e2ce \u00e0 la conception \u00e0 pr\u00e9orifice<\/li>\n<li>Permet une application rapide des mat\u00e9riaux<\/li>\n<li>Procure un jet en \u00e9ventail plus doux et mieux contr\u00f4l\u00e9<\/li>\n<li>Capacit\u00e9 de d\u00e9boucher rapidement les buses<\/li>\n<li>Comprend un joint de solvant pour les solvants extr\u00eamement chauds<\/li>\n<\/ul>\n<\/li>\n<\/ul>\n","protected":false},"excerpt":{"rendered":"","protected":false},"featured_media":2060,"template":"","meta":[],"product_brand":[],"product_cat":[225,227,65],"product_tag":[],"class_list":{"0":"post-2061","1":"product","2":"type-product","3":"status-publish","4":"has-post-thumbnail","6":"product_cat-equipement","7":"product_cat-pompes-fr","8":"product_cat-tous","9":"no-featured-image-padding","11":"first","12":"instock","13":"shipping-taxable","14":"product-type-simple"},"_links":{"self":[{"href":"https:\/\/www.distrocan.ca\/fr\/wp-json\/wp\/v2\/product\/2061","targetHints":{"allow":["GET"]}}],"collection":[{"href":"https:\/\/www.distrocan.ca\/fr\/wp-json\/wp\/v2\/product"}],"about":[{"href":"https:\/\/www.distrocan.ca\/fr\/wp-json\/wp\/v2\/types\/product"}],"wp:featuredmedia":[{"embeddable":true,"href":"https:\/\/www.distrocan.ca\/fr\/wp-json\/wp\/v2\/media\/2060"}],"wp:attachment":[{"href":"https:\/\/www.distrocan.ca\/fr\/wp-json\/wp\/v2\/media?parent=2061"}],"wp:term":[{"taxonomy":"product_brand","embeddable":true,"href":"https:\/\/www.distrocan.ca\/fr\/wp-json\/wp\/v2\/product_brand?post=2061"},{"taxonomy":"product_cat","embeddable":true,"href":"https:\/\/www.distrocan.ca\/fr\/wp-json\/wp\/v2\/product_cat?post=2061"},{"taxonomy":"product_tag","embeddable":true,"href":"https:\/\/www.distrocan.ca\/fr\/wp-json\/wp\/v2\/product_tag?post=2061"}],"curies":[{"name":"wp","href":"https:\/\/api.w.org\/{rel}","templated":true}]}}