{"id":2057,"date":"2026-03-09T16:07:51","date_gmt":"2026-03-09T20:07:51","guid":{"rendered":"https:\/\/www.distrocan.ca\/product\/rcf-kit-de-rouleau-unidirectionnel-vertical-400-gsm-fibre-de-carbone-12k-6-avec-adhesif\/"},"modified":"2026-03-30T13:23:52","modified_gmt":"2026-03-30T17:23:52","slug":"rcf-kit-de-rouleau-unidirectionnel-vertical-400-gsm-fibre-de-carbone-12k-6-avec-adhesif","status":"publish","type":"product","link":"https:\/\/www.distrocan.ca\/fr\/produit\/rcf-kit-de-rouleau-unidirectionnel-vertical-400-gsm-fibre-de-carbone-12k-6-avec-adhesif\/","title":{"rendered":"Kit RCF Unidirectionnel Vertical"},"content":{"rendered":"<p>Ce kit RCF comprend une sangle unidirectionnelle en fibre de carbone de 400 GSM, largeur 6&#8243;, avec adh\u00e9sif int\u00e9gr\u00e9. Con\u00e7u pour les applications de renforcement et de r\u00e9paration de fissures, il offre une grande r\u00e9sistance, une installation rapide et un durcissement efficace. Id\u00e9al pour les interventions verticales n\u00e9cessitant un mat\u00e9riau l\u00e9ger, robuste et facile \u00e0 appliquer.<\/p>\n<p><strong>Caract\u00e9ristiques :<\/strong><\/p>\n<ul>\n<li>Poids de fibre de carbone : 400 GSM<\/li>\n<li>Longueur de la sangle: 328 pi<\/li>\n<li>Nombre de sangles dans le kit : 1<\/li>\n<li>Largeur: 6 po<\/li>\n<li>Couleur: Composite noir<\/li>\n<li>Temps de cure : 2 \u00e0 10 h selon la temp\u00e9rature (24 h recommand\u00e9 pour la r\u00e9sistance compl\u00e8te)<\/li>\n<li>Ratio de m\u00e9lange: 1:1<\/li>\n<li>Application finale: R\u00e9paration de fissures<\/li>\n<\/ul>\n","protected":false},"excerpt":{"rendered":"","protected":false},"featured_media":2056,"template":"","meta":[],"product_brand":[],"product_cat":[201,199,65],"product_tag":[],"class_list":{"0":"post-2057","1":"product","2":"type-product","3":"status-publish","4":"has-post-thumbnail","6":"product_cat-kits-de-reparation-structurelle","7":"product_cat-renfort-structurel","8":"product_cat-tous","9":"no-featured-image-padding","11":"first","12":"instock","13":"shipping-taxable","14":"product-type-simple"},"_links":{"self":[{"href":"https:\/\/www.distrocan.ca\/fr\/wp-json\/wp\/v2\/product\/2057","targetHints":{"allow":["GET"]}}],"collection":[{"href":"https:\/\/www.distrocan.ca\/fr\/wp-json\/wp\/v2\/product"}],"about":[{"href":"https:\/\/www.distrocan.ca\/fr\/wp-json\/wp\/v2\/types\/product"}],"wp:featuredmedia":[{"embeddable":true,"href":"https:\/\/www.distrocan.ca\/fr\/wp-json\/wp\/v2\/media\/2056"}],"wp:attachment":[{"href":"https:\/\/www.distrocan.ca\/fr\/wp-json\/wp\/v2\/media?parent=2057"}],"wp:term":[{"taxonomy":"product_brand","embeddable":true,"href":"https:\/\/www.distrocan.ca\/fr\/wp-json\/wp\/v2\/product_brand?post=2057"},{"taxonomy":"product_cat","embeddable":true,"href":"https:\/\/www.distrocan.ca\/fr\/wp-json\/wp\/v2\/product_cat?post=2057"},{"taxonomy":"product_tag","embeddable":true,"href":"https:\/\/www.distrocan.ca\/fr\/wp-json\/wp\/v2\/product_tag?post=2057"}],"curies":[{"name":"wp","href":"https:\/\/api.w.org\/{rel}","templated":true}]}}