{"id":2053,"date":"2026-03-09T15:06:49","date_gmt":"2026-03-09T19:06:49","guid":{"rendered":"https:\/\/www.distrocan.ca\/product\/forets-sds-plus-premium-ucan-4-lames-sdp\/"},"modified":"2026-03-30T13:15:53","modified_gmt":"2026-03-30T17:15:53","slug":"forets-sds-plus-premium-ucan-4-lames-sdp","status":"publish","type":"product","link":"https:\/\/www.distrocan.ca\/fr\/produit\/forets-sds-plus-premium-ucan-4-lames-sdp\/","title":{"rendered":"Forets SDS Plus Premium UCAN \u2013 4 lames"},"content":{"rendered":"<p>*** Grande vari\u00e9t\u00e9 de tailles disponibles<\/p>\n<p>Les nouveaux forets SDS Plus Premium 4 lames (SDP) d\u2019UCAN offrent une dur\u00e9e de vie nettement sup\u00e9rieure dans le b\u00e9ton et la ma\u00e7onnerie par rapport aux forets SDS Plus classiques. Con\u00e7us pour percer rapidement tout en r\u00e9duisant la vibration et en \u00e9vacuant efficacement la poussi\u00e8re, ils permettent \u00e9galement de couper le fer \u00e0 b\u00e9ton.<\/p>\n<p><strong>Caract\u00e9ristiques :<\/strong><\/p>\n<ul>\n<li>Dur\u00e9e de vie 2x sup\u00e9rieure aux forets 2 lames<\/li>\n<li>Coupe le fer \u00e0 b\u00e9ton<\/li>\n<li>Vitesse de per\u00e7age rapide<\/li>\n<li>Faible vibration<\/li>\n<li>\u00c9vacuation efficace de la poussi\u00e8re<\/li>\n<li>Large gamme de tailles : 5\/32\u2033 \u00e0 5\/8\u2033<\/li>\n<li>Pointe en carbure massif : 3\/8\u2033 \u00e0 5\/8\u2033<\/li>\n<\/ul>\n","protected":false},"excerpt":{"rendered":"","protected":false},"featured_media":2052,"template":"","meta":[],"product_brand":[],"product_cat":[223,199,65],"product_tag":[],"class_list":{"0":"post-2053","1":"product","2":"type-product","3":"status-publish","4":"has-post-thumbnail","6":"product_cat-ancrage-structurel","7":"product_cat-renfort-structurel","8":"product_cat-tous","9":"no-featured-image-padding","11":"first","12":"instock","13":"shipping-taxable","14":"product-type-simple"},"_links":{"self":[{"href":"https:\/\/www.distrocan.ca\/fr\/wp-json\/wp\/v2\/product\/2053","targetHints":{"allow":["GET"]}}],"collection":[{"href":"https:\/\/www.distrocan.ca\/fr\/wp-json\/wp\/v2\/product"}],"about":[{"href":"https:\/\/www.distrocan.ca\/fr\/wp-json\/wp\/v2\/types\/product"}],"wp:featuredmedia":[{"embeddable":true,"href":"https:\/\/www.distrocan.ca\/fr\/wp-json\/wp\/v2\/media\/2052"}],"wp:attachment":[{"href":"https:\/\/www.distrocan.ca\/fr\/wp-json\/wp\/v2\/media?parent=2053"}],"wp:term":[{"taxonomy":"product_brand","embeddable":true,"href":"https:\/\/www.distrocan.ca\/fr\/wp-json\/wp\/v2\/product_brand?post=2053"},{"taxonomy":"product_cat","embeddable":true,"href":"https:\/\/www.distrocan.ca\/fr\/wp-json\/wp\/v2\/product_cat?post=2053"},{"taxonomy":"product_tag","embeddable":true,"href":"https:\/\/www.distrocan.ca\/fr\/wp-json\/wp\/v2\/product_tag?post=2053"}],"curies":[{"name":"wp","href":"https:\/\/api.w.org\/{rel}","templated":true}]}}