{"id":2049,"date":"2026-03-09T15:04:42","date_gmt":"2026-03-09T19:04:42","guid":{"rendered":"https:\/\/www.distrocan.ca\/product\/ucan-torpedo-bolt-boulon-en-acier-au-carbone-galvanise-mecaniquement\/"},"modified":"2026-03-30T13:24:55","modified_gmt":"2026-03-30T17:24:55","slug":"ucan-torpedo-bolt-boulon-en-acier-au-carbone-galvanise-mecaniquement","status":"publish","type":"product","link":"https:\/\/www.distrocan.ca\/fr\/produit\/ucan-torpedo-bolt-boulon-en-acier-au-carbone-galvanise-mecaniquement\/","title":{"rendered":"UCAN TORPEDO\u00ae Bolt"},"content":{"rendered":"<p>*** Grande vari\u00e9t\u00e9 de tailles disponibles<\/p>\n<p>Le boulon UCAN TORPEDO\u00ae est une cheville \u00e0 vis robuste en acier au carbone trait\u00e9 thermiquement, avec rev\u00eatement de zinc galvanis\u00e9 m\u00e9canique (0,0021 po \/ 53 \u00b5m). Con\u00e7u pour le b\u00e9ton fissur\u00e9 ou non fissur\u00e9, il offre une performance \u00e9lev\u00e9e sous charges statiques, vent et charges sismiques (cat. A \u00e0 F). Il s\u2019installe rapidement avec le driver UCAN TST et assure un fini propre gr\u00e2ce \u00e0 sa t\u00eate hexagonale \u00e0 bride.<\/p>\n<p><strong>Caract\u00e9ristiques cl\u00e9s :<\/strong><br \/>\n\u2022 Acier au carbone trait\u00e9 thermiquement<br \/>\n\u2022 Galvanisation m\u00e9canique conforme \u00e0 ASTM B695 Classe 65 Type 1<br \/>\n\u2022 Pour b\u00e9ton fissur\u00e9 et non fissur\u00e9 (2 500 \u00e0 8 500 psi \/ 17,2 \u00e0 58,6 MPa)<br \/>\n\u2022 R\u00e9sistance aux charges statiques, vent et sismiques<br \/>\n\u2022 Test\u00e9 selon ASTM E488, ICC-ES AC193, ACI 355.2<br \/>\n\u2022 Homologation ICC-ES ESR-4596<br \/>\n\u2022 Utilisation avec foret UCAN ANSI pour charges constantes<br \/>\n\u2022 Installation rapide avec driver UCAN TST<\/p>\n<p><strong>Id\u00e9al pour :<\/strong><br \/>\n\u2022 Cl\u00f4tures et garde-corps<br \/>\n\u2022 Vitrages et fen\u00eatres<br \/>\n\u2022 Solives et plaques d\u2019appui<\/p>\n<p><a href=\"https:\/\/www.distrocan.ca\/wp-content\/uploads\/2026\/03\/TORPEDO-BOLT-FT-FR.pdf\" target=\"_blank\" rel=\"noopener\">Fiche technique<\/a><\/p>\n","protected":false},"excerpt":{"rendered":"","protected":false},"featured_media":2048,"template":"","meta":[],"product_brand":[],"product_cat":[223,199,65],"product_tag":[],"class_list":{"0":"post-2049","1":"product","2":"type-product","3":"status-publish","4":"has-post-thumbnail","6":"product_cat-ancrage-structurel","7":"product_cat-renfort-structurel","8":"product_cat-tous","9":"no-featured-image-padding","11":"first","12":"instock","13":"shipping-taxable","14":"product-type-simple"},"_links":{"self":[{"href":"https:\/\/www.distrocan.ca\/fr\/wp-json\/wp\/v2\/product\/2049","targetHints":{"allow":["GET"]}}],"collection":[{"href":"https:\/\/www.distrocan.ca\/fr\/wp-json\/wp\/v2\/product"}],"about":[{"href":"https:\/\/www.distrocan.ca\/fr\/wp-json\/wp\/v2\/types\/product"}],"wp:featuredmedia":[{"embeddable":true,"href":"https:\/\/www.distrocan.ca\/fr\/wp-json\/wp\/v2\/media\/2048"}],"wp:attachment":[{"href":"https:\/\/www.distrocan.ca\/fr\/wp-json\/wp\/v2\/media?parent=2049"}],"wp:term":[{"taxonomy":"product_brand","embeddable":true,"href":"https:\/\/www.distrocan.ca\/fr\/wp-json\/wp\/v2\/product_brand?post=2049"},{"taxonomy":"product_cat","embeddable":true,"href":"https:\/\/www.distrocan.ca\/fr\/wp-json\/wp\/v2\/product_cat?post=2049"},{"taxonomy":"product_tag","embeddable":true,"href":"https:\/\/www.distrocan.ca\/fr\/wp-json\/wp\/v2\/product_tag?post=2049"}],"curies":[{"name":"wp","href":"https:\/\/api.w.org\/{rel}","templated":true}]}}