{"id":2045,"date":"2026-03-09T15:01:14","date_gmt":"2026-03-09T19:01:14","guid":{"rendered":"https:\/\/www.distrocan.ca\/product\/ancrage-a-cale-acier-au-carbone-zinguee\/"},"modified":"2026-03-11T16:25:53","modified_gmt":"2026-03-11T20:25:53","slug":"ancrage-a-cale-acier-au-carbone-zinguee","status":"publish","type":"product","link":"https:\/\/www.distrocan.ca\/fr\/produit\/ancrage-a-cale-acier-au-carbone-zinguee\/","title":{"rendered":"Ancrage \u00e0 cale \u2013 Acier au carbone, Zingu\u00e9e"},"content":{"rendered":"<p>*** Grande vari\u00e9t\u00e9 de tailles disponibles<\/p>\n<p><strong>Ancrages m\u00e9caniques \u00e0 expansion UCAN TZ \u00e0 couple contr\u00f4l\u00e9<\/strong><\/p>\n<p>Les ancrages UCAN TZ sont des chevilles m\u00e9caniques \u00e0 expansion de cat\u00e9gorie 1 con\u00e7ues pour offrir des performances fiables sous charges statiques, de vent et sismiques en traction et cisaillement. Con\u00e7us pour une utilisation dans du b\u00e9ton normal fissur\u00e9 ou non fissur\u00e9, ils assurent un ancrage s\u00e9curis\u00e9 dans des b\u00e9tons ayant une r\u00e9sistance \u00e0 la compression de 2 500 \u00e0 8 500 psi (17,2\u201358,6 MPa).<\/p>\n<p><strong>Caract\u00e9ristiques principales :<\/strong><\/p>\n<ul>\n<li>Expansion m\u00e9canique \u00e0 couple contr\u00f4l\u00e9 pour une installation pr\u00e9cise<\/li>\n<li>Convient pour b\u00e9ton fissur\u00e9 et non fissur\u00e9<\/li>\n<li>Applications sismiques et b\u00e9ton fissur\u00e9<\/li>\n<li>R\u00e9siste aux charges statiques, de vent et sismiques en traction et cisaillement<\/li>\n<li>Ancrage en surface, traversant ou d\u00e9port\u00e9<\/li>\n<li>Serrage rapide (\u00ab fast torque-up \u00bb)<\/li>\n<li>Taille de l\u2019ancrage = taille du trou<\/li>\n<li>Enti\u00e8rement filet\u00e9<\/li>\n<li>Code d\u2019identification de longueur et symbole \u201c+\u201d pour ancrage con\u00e7u pour la r\u00e9sistance<\/li>\n<li>Pointe \u201cdog point\u201d pour \u00e9viter d\u2019endommager le filetage lors de l\u2019installation<\/li>\n<li>Classification Cat\u00e9gorie 1<\/li>\n<li>Plage de r\u00e9sistance du b\u00e9ton : 2 500\u20138 500 psi (17,2\u201358,6 MPa)<\/li>\n<li>Id\u00e9al pour les applications d\u2019ancrage structurel lourdes<\/li>\n<\/ul>\n<p><strong>Applications typiques :<\/strong><\/p>\n<ul>\n<li>Plaques de base en acier<\/li>\n<li>Rayonnages de stockage<\/li>\n<li>Conduits et chemins de c\u00e2bles<\/li>\n<li>Si\u00e8ges<\/li>\n<li>Supports de tuyaux<\/li>\n<li>Syst\u00e8mes de sprinklers<\/li>\n<\/ul>\n<p><a href=\"https:\/\/www.distrocan.ca\/wp-content\/uploads\/2026\/03\/WEDGE-ANCHOR-TDS-EN.pdf\" target=\"_blank\" rel=\"noopener\">Fiche technique<\/a><\/p>\n","protected":false},"excerpt":{"rendered":"","protected":false},"featured_media":2044,"template":"","meta":[],"product_brand":[],"product_cat":[223,199,65],"product_tag":[],"class_list":{"0":"post-2045","1":"product","2":"type-product","3":"status-publish","4":"has-post-thumbnail","6":"product_cat-ancrage-structurel","7":"product_cat-renfort-structurel","8":"product_cat-tous","9":"no-featured-image-padding","11":"first","12":"instock","13":"shipping-taxable","14":"product-type-simple"},"_links":{"self":[{"href":"https:\/\/www.distrocan.ca\/fr\/wp-json\/wp\/v2\/product\/2045","targetHints":{"allow":["GET"]}}],"collection":[{"href":"https:\/\/www.distrocan.ca\/fr\/wp-json\/wp\/v2\/product"}],"about":[{"href":"https:\/\/www.distrocan.ca\/fr\/wp-json\/wp\/v2\/types\/product"}],"wp:featuredmedia":[{"embeddable":true,"href":"https:\/\/www.distrocan.ca\/fr\/wp-json\/wp\/v2\/media\/2044"}],"wp:attachment":[{"href":"https:\/\/www.distrocan.ca\/fr\/wp-json\/wp\/v2\/media?parent=2045"}],"wp:term":[{"taxonomy":"product_brand","embeddable":true,"href":"https:\/\/www.distrocan.ca\/fr\/wp-json\/wp\/v2\/product_brand?post=2045"},{"taxonomy":"product_cat","embeddable":true,"href":"https:\/\/www.distrocan.ca\/fr\/wp-json\/wp\/v2\/product_cat?post=2045"},{"taxonomy":"product_tag","embeddable":true,"href":"https:\/\/www.distrocan.ca\/fr\/wp-json\/wp\/v2\/product_tag?post=2045"}],"curies":[{"name":"wp","href":"https:\/\/api.w.org\/{rel}","templated":true}]}}