{"id":2041,"date":"2026-03-06T15:55:08","date_gmt":"2026-03-06T20:55:08","guid":{"rendered":"https:\/\/www.distrocan.ca\/product\/mapefer-1k-mortier-anti-corrosion-pour-armatures\/"},"modified":"2026-03-30T12:42:39","modified_gmt":"2026-03-30T16:42:39","slug":"mapefer-1k-mortier-anti-corrosion-pour-armatures","status":"publish","type":"product","link":"https:\/\/www.distrocan.ca\/fr\/produit\/mapefer-1k-mortier-anti-corrosion-pour-armatures\/","title":{"rendered":"Mapei Mapefer 1K"},"content":{"rendered":"<p>Mortier cimentaire monocouche, modifi\u00e9 aux polym\u00e8res et inhibiteur de corrosion, con\u00e7u pour prot\u00e9ger les barres d\u2019armature en acier et pr\u00e9venir la formation de rouille. Id\u00e9al pour la r\u00e9paration de b\u00e9ton avec des mortiers compensateurs de retrait (gamme Mapegrout) ou des mortiers cimentaires modifi\u00e9s aux latex synth\u00e9tiques. Convient \u00e9galement aux constructions en b\u00e9ton enterr\u00e9.<\/p>\n<p>Caract\u00e9ristiques principales :<\/p>\n<ul>\n<li>Mortier cimentaire monocomposant avec polym\u00e8res et inhibiteurs de corrosion<\/li>\n<li>Application en deux couches au pinceau, \u00e9paisseur totale ~2 mm<\/li>\n<li>Temps d\u2019attente entre les couches : 90\u2013120 min ; s\u00e9chage complet en 6\u201324 h avant l\u2019application du mortier de r\u00e9paration<\/li>\n<li>Granulom\u00e9trie maximale: 0,5 mm<\/li>\n<li>Dosage : 100 parts de Mapefer 1K pour 20\u201322 parts d\u2019eau<\/li>\n<li>Dur\u00e9e de vie du m\u00e9lange : ~1 heure \u00e0 20\u00b0C<\/li>\n<li>Rendement : 100\u2013250 g\/m pour une barre de 8 mm (\u00e9paisseur 2 mm)<\/li>\n<li>Classification: EN 1504-7<\/li>\n<li>Conditionnement : 4 sacs alu de 5 kg par carton<\/li>\n<li>Dur\u00e9e de stockage: 24 mois<\/li>\n<\/ul>\n<p><a href=\"https:\/\/www.distrocan.ca\/wp-content\/uploads\/2026\/03\/MAPEI-MAPEFER-1K-FDS-FR.pdf\" target=\"_blank\" rel=\"noopener\">Fiche de donn\u00e9es de s\u00e9curit\u00e9<\/a><br \/>\n<a href=\"https:\/\/www.distrocan.ca\/wp-content\/uploads\/2026\/03\/MAPEI-MAPEFER-1K-FT-FR.pdf\" target=\"_blank\" rel=\"noopener\">Fiche technique<\/a><\/p>\n","protected":false},"excerpt":{"rendered":"","protected":false},"featured_media":2032,"template":"","meta":[],"product_brand":[],"product_cat":[173,221,65],"product_tag":[],"class_list":{"0":"post-2041","1":"product","2":"type-product","3":"status-publish","4":"has-post-thumbnail","6":"product_cat-produits-cimentaires","7":"product_cat-produits-cimentaires-specilites","8":"product_cat-tous","9":"no-featured-image-padding","11":"first","12":"instock","13":"shipping-taxable","14":"product-type-simple"},"_links":{"self":[{"href":"https:\/\/www.distrocan.ca\/fr\/wp-json\/wp\/v2\/product\/2041","targetHints":{"allow":["GET"]}}],"collection":[{"href":"https:\/\/www.distrocan.ca\/fr\/wp-json\/wp\/v2\/product"}],"about":[{"href":"https:\/\/www.distrocan.ca\/fr\/wp-json\/wp\/v2\/types\/product"}],"wp:featuredmedia":[{"embeddable":true,"href":"https:\/\/www.distrocan.ca\/fr\/wp-json\/wp\/v2\/media\/2032"}],"wp:attachment":[{"href":"https:\/\/www.distrocan.ca\/fr\/wp-json\/wp\/v2\/media?parent=2041"}],"wp:term":[{"taxonomy":"product_brand","embeddable":true,"href":"https:\/\/www.distrocan.ca\/fr\/wp-json\/wp\/v2\/product_brand?post=2041"},{"taxonomy":"product_cat","embeddable":true,"href":"https:\/\/www.distrocan.ca\/fr\/wp-json\/wp\/v2\/product_cat?post=2041"},{"taxonomy":"product_tag","embeddable":true,"href":"https:\/\/www.distrocan.ca\/fr\/wp-json\/wp\/v2\/product_tag?post=2041"}],"curies":[{"name":"wp","href":"https:\/\/api.w.org\/{rel}","templated":true}]}}