{"id":2029,"date":"2026-03-06T15:48:06","date_gmt":"2026-03-06T20:48:06","guid":{"rendered":"https:\/\/www.distrocan.ca\/product\/pointe-de-pieu-en-fonte\/"},"modified":"2026-03-06T15:48:06","modified_gmt":"2026-03-06T20:48:06","slug":"pointe-de-pieu-en-fonte","status":"publish","type":"product","link":"https:\/\/www.distrocan.ca\/fr\/produit\/pointe-de-pieu-en-fonte\/","title":{"rendered":"Pointe de Pieu en Fonte"},"content":{"rendered":"<p>Pointe en fonte durable con\u00e7ue pour \u00eatre fix\u00e9e \u00e0 l\u2019extr\u00e9mit\u00e9 des pieux de fondation, permettant une p\u00e9n\u00e9tration facile dans le sol. Con\u00e7ue pour r\u00e9duire la r\u00e9sistance \u00e0 l\u2019enfoncement, elle permet une installation rapide et efficace tout en maintenant un alignement pr\u00e9cis. Id\u00e9ale pour la stabilisation des sols, les fondations profondes et l\u2019am\u00e9lioration du support structurel global.<\/p>\n<p><strong>Caract\u00e9ristiques principales :<\/strong><\/p>\n<ul>\n<li>En fonte<\/li>\n<li>Disponible en tailles 3&#8243; ou 4&#8243;<\/li>\n<li>Conception creuse pour un montage facile sur les pieux<\/li>\n<\/ul>\n","protected":false},"excerpt":{"rendered":"","protected":false},"featured_media":2028,"template":"","meta":[],"product_brand":[],"product_cat":[203,199,65],"product_tag":[],"class_list":{"0":"post-2029","1":"product","2":"type-product","3":"status-publish","4":"has-post-thumbnail","6":"product_cat-pieutage","7":"product_cat-renfort-structurel","8":"product_cat-tous","9":"no-featured-image-padding","11":"first","12":"instock","13":"shipping-taxable","14":"product-type-simple"},"_links":{"self":[{"href":"https:\/\/www.distrocan.ca\/fr\/wp-json\/wp\/v2\/product\/2029","targetHints":{"allow":["GET"]}}],"collection":[{"href":"https:\/\/www.distrocan.ca\/fr\/wp-json\/wp\/v2\/product"}],"about":[{"href":"https:\/\/www.distrocan.ca\/fr\/wp-json\/wp\/v2\/types\/product"}],"wp:featuredmedia":[{"embeddable":true,"href":"https:\/\/www.distrocan.ca\/fr\/wp-json\/wp\/v2\/media\/2028"}],"wp:attachment":[{"href":"https:\/\/www.distrocan.ca\/fr\/wp-json\/wp\/v2\/media?parent=2029"}],"wp:term":[{"taxonomy":"product_brand","embeddable":true,"href":"https:\/\/www.distrocan.ca\/fr\/wp-json\/wp\/v2\/product_brand?post=2029"},{"taxonomy":"product_cat","embeddable":true,"href":"https:\/\/www.distrocan.ca\/fr\/wp-json\/wp\/v2\/product_cat?post=2029"},{"taxonomy":"product_tag","embeddable":true,"href":"https:\/\/www.distrocan.ca\/fr\/wp-json\/wp\/v2\/product_tag?post=2029"}],"curies":[{"name":"wp","href":"https:\/\/api.w.org\/{rel}","templated":true}]}}