{"id":2025,"date":"2026-03-06T15:45:38","date_gmt":"2026-03-06T20:45:38","guid":{"rendered":"https:\/\/www.distrocan.ca\/product\/pied-de-pieu-stabilisation-de-fondation\/"},"modified":"2026-03-06T15:45:38","modified_gmt":"2026-03-06T20:45:38","slug":"pied-de-pieu-stabilisation-de-fondation","status":"publish","type":"product","link":"https:\/\/www.distrocan.ca\/fr\/produit\/pied-de-pieu-stabilisation-de-fondation\/","title":{"rendered":"Pied de Pieu \u2013 Stabilisation de Fondation"},"content":{"rendered":"<p>Pied de pieu en acier robuste, con\u00e7u pour fournir un soutien stable et une r\u00e9partition efficace des charges pour les fondations. Con\u00e7u pour am\u00e9liorer le contact avec le sol et pr\u00e9venir l\u2019affaissement, il assure une stabilit\u00e9 et une int\u00e9grit\u00e9 structurelle \u00e0 long terme pour les fondations r\u00e9sidentielles, commerciales et industrielles. Id\u00e9al pour les applications de stabilisation des sols et de fondations profondes.<\/p>\n<p><strong>Caract\u00e9ristiques principales :<\/strong><\/p>\n<ul>\n<li>Acier haute r\u00e9sistance<\/li>\n<li>Disponible pour applications de 3&#8243; et 4&#8243;<\/li>\n<li>Corps chanfrein\u00e9 pour faciliter l\u2019insertion des tubes HSS<\/li>\n<li><span style=\"font-size: inherit;\">Soudure en biseau pour une int\u00e9grit\u00e9 structurelle sup\u00e9rieure<\/span><\/li>\n<\/ul>\n","protected":false},"excerpt":{"rendered":"","protected":false},"featured_media":2024,"template":"","meta":[],"product_brand":[],"product_cat":[203,199,65],"product_tag":[],"class_list":{"0":"post-2025","1":"product","2":"type-product","3":"status-publish","4":"has-post-thumbnail","6":"product_cat-pieutage","7":"product_cat-renfort-structurel","8":"product_cat-tous","9":"no-featured-image-padding","11":"first","12":"instock","13":"shipping-taxable","14":"product-type-simple"},"_links":{"self":[{"href":"https:\/\/www.distrocan.ca\/fr\/wp-json\/wp\/v2\/product\/2025","targetHints":{"allow":["GET"]}}],"collection":[{"href":"https:\/\/www.distrocan.ca\/fr\/wp-json\/wp\/v2\/product"}],"about":[{"href":"https:\/\/www.distrocan.ca\/fr\/wp-json\/wp\/v2\/types\/product"}],"wp:featuredmedia":[{"embeddable":true,"href":"https:\/\/www.distrocan.ca\/fr\/wp-json\/wp\/v2\/media\/2024"}],"wp:attachment":[{"href":"https:\/\/www.distrocan.ca\/fr\/wp-json\/wp\/v2\/media?parent=2025"}],"wp:term":[{"taxonomy":"product_brand","embeddable":true,"href":"https:\/\/www.distrocan.ca\/fr\/wp-json\/wp\/v2\/product_brand?post=2025"},{"taxonomy":"product_cat","embeddable":true,"href":"https:\/\/www.distrocan.ca\/fr\/wp-json\/wp\/v2\/product_cat?post=2025"},{"taxonomy":"product_tag","embeddable":true,"href":"https:\/\/www.distrocan.ca\/fr\/wp-json\/wp\/v2\/product_tag?post=2025"}],"curies":[{"name":"wp","href":"https:\/\/api.w.org\/{rel}","templated":true}]}}