{"id":2017,"date":"2026-03-06T15:41:22","date_gmt":"2026-03-06T20:41:22","guid":{"rendered":"https:\/\/www.distrocan.ca\/product\/plaque-de-fondation-structurale-droite\/"},"modified":"2026-03-30T10:03:56","modified_gmt":"2026-03-30T14:03:56","slug":"plaque-de-fondation-structurale-droite","status":"publish","type":"product","link":"https:\/\/www.distrocan.ca\/fr\/produit\/plaque-de-fondation-structurale-droite\/","title":{"rendered":"Plaque de fondation structurale \u2013 Droite"},"content":{"rendered":"<p>Plaque en acier robuste con\u00e7ue pour assurer un transfert de charge stable et un alignement pr\u00e9cis dans les applications de fondation. Id\u00e9ale pour renforcer les connexions et am\u00e9liorer le support structural.<\/p>\n<ul>\n<li>Acier robuste<\/li>\n<li>Dimensions : 60&#8243; x 4&#8243; x 1\/4&#8243;<\/li>\n<li>6 trous de 3&#8243; \u00e9galement espac\u00e9s<\/li>\n<li>Assure un transfert de charge stable et un alignement pr\u00e9cis<\/li>\n<li>Id\u00e9ale pour renforcer les connexions et am\u00e9liorer le support structural<\/li>\n<\/ul>\n","protected":false},"excerpt":{"rendered":"","protected":false},"featured_media":2016,"template":"","meta":[],"product_brand":[],"product_cat":[205,199,65],"product_tag":[],"class_list":{"0":"post-2017","1":"product","2":"type-product","3":"status-publish","4":"has-post-thumbnail","6":"product_cat-plaques-en-acier","7":"product_cat-renfort-structurel","8":"product_cat-tous","9":"no-featured-image-padding","11":"first","12":"instock","13":"shipping-taxable","14":"product-type-simple"},"_links":{"self":[{"href":"https:\/\/www.distrocan.ca\/fr\/wp-json\/wp\/v2\/product\/2017","targetHints":{"allow":["GET"]}}],"collection":[{"href":"https:\/\/www.distrocan.ca\/fr\/wp-json\/wp\/v2\/product"}],"about":[{"href":"https:\/\/www.distrocan.ca\/fr\/wp-json\/wp\/v2\/types\/product"}],"wp:featuredmedia":[{"embeddable":true,"href":"https:\/\/www.distrocan.ca\/fr\/wp-json\/wp\/v2\/media\/2016"}],"wp:attachment":[{"href":"https:\/\/www.distrocan.ca\/fr\/wp-json\/wp\/v2\/media?parent=2017"}],"wp:term":[{"taxonomy":"product_brand","embeddable":true,"href":"https:\/\/www.distrocan.ca\/fr\/wp-json\/wp\/v2\/product_brand?post=2017"},{"taxonomy":"product_cat","embeddable":true,"href":"https:\/\/www.distrocan.ca\/fr\/wp-json\/wp\/v2\/product_cat?post=2017"},{"taxonomy":"product_tag","embeddable":true,"href":"https:\/\/www.distrocan.ca\/fr\/wp-json\/wp\/v2\/product_tag?post=2017"}],"curies":[{"name":"wp","href":"https:\/\/api.w.org\/{rel}","templated":true}]}}