{"id":2012,"date":"2026-03-05T12:45:22","date_gmt":"2026-03-05T17:45:22","guid":{"rendered":"https:\/\/www.distrocan.ca\/product\/kit-rcf-plaque-de-seuil\/"},"modified":"2026-03-05T12:45:22","modified_gmt":"2026-03-05T17:45:22","slug":"kit-rcf-plaque-de-seuil","status":"publish","type":"product","link":"https:\/\/www.distrocan.ca\/fr\/produit\/kit-rcf-plaque-de-seuil\/","title":{"rendered":"Kit RCF Plaque de seuil"},"content":{"rendered":"<p>Assurez des connexions <strong>fiables et s\u00e9curis\u00e9es<\/strong> entre les plinthes de sill et les fondations gr\u00e2ce \u00e0 ce <strong>kit de sabots robuste<\/strong>. Con\u00e7u pour une installation rapide et une durabilit\u00e9 \u00e0 long terme dans la construction r\u00e9sidentielle et commerciale.<\/p>\n","protected":false},"excerpt":{"rendered":"","protected":false},"featured_media":2011,"template":"","meta":[],"product_brand":[],"product_cat":[201,199,65],"product_tag":[],"class_list":{"0":"post-2012","1":"product","2":"type-product","3":"status-publish","4":"has-post-thumbnail","6":"product_cat-kits-de-reparation-structurelle","7":"product_cat-renfort-structurel","8":"product_cat-tous","9":"no-featured-image-padding","11":"first","12":"instock","13":"shipping-taxable","14":"product-type-simple"},"_links":{"self":[{"href":"https:\/\/www.distrocan.ca\/fr\/wp-json\/wp\/v2\/product\/2012","targetHints":{"allow":["GET"]}}],"collection":[{"href":"https:\/\/www.distrocan.ca\/fr\/wp-json\/wp\/v2\/product"}],"about":[{"href":"https:\/\/www.distrocan.ca\/fr\/wp-json\/wp\/v2\/types\/product"}],"wp:featuredmedia":[{"embeddable":true,"href":"https:\/\/www.distrocan.ca\/fr\/wp-json\/wp\/v2\/media\/2011"}],"wp:attachment":[{"href":"https:\/\/www.distrocan.ca\/fr\/wp-json\/wp\/v2\/media?parent=2012"}],"wp:term":[{"taxonomy":"product_brand","embeddable":true,"href":"https:\/\/www.distrocan.ca\/fr\/wp-json\/wp\/v2\/product_brand?post=2012"},{"taxonomy":"product_cat","embeddable":true,"href":"https:\/\/www.distrocan.ca\/fr\/wp-json\/wp\/v2\/product_cat?post=2012"},{"taxonomy":"product_tag","embeddable":true,"href":"https:\/\/www.distrocan.ca\/fr\/wp-json\/wp\/v2\/product_tag?post=2012"}],"curies":[{"name":"wp","href":"https:\/\/api.w.org\/{rel}","templated":true}]}}