{"id":2008,"date":"2026-03-05T12:34:19","date_gmt":"2026-03-05T17:34:19","guid":{"rendered":"https:\/\/www.distrocan.ca\/product\/kit-rcf-reparation-mur-voute-bidirectionnel-560-gsm-55-x-8\/"},"modified":"2026-03-30T13:19:21","modified_gmt":"2026-03-30T17:19:21","slug":"kit-rcf-reparation-mur-voute-bidirectionnel-560-gsm-55-x-8","status":"publish","type":"product","link":"https:\/\/www.distrocan.ca\/fr\/produit\/kit-rcf-reparation-mur-voute-bidirectionnel-560-gsm-55-x-8\/","title":{"rendered":"Kit RCF Mur Vo\u00fbt\u00e9 Bidirectionnel"},"content":{"rendered":"<p><strong>Rhino Fibre de Carbone 560 GSM \u2013 Syst\u00e8me CFRP Bidirectionnel<\/strong><\/p>\n<p>Tissu en fibre de carbone bidirectionnel et haute r\u00e9sistance, con\u00e7u pour le renforcement structurel des \u00e9l\u00e9ments en b\u00e9ton. Lamin\u00e9 sur site avec RCF Saturant-Adh\u00e9sif \u00c9poxy, il forme un syst\u00e8me robuste en polym\u00e8re renforc\u00e9 de fibres de carbone (CFRP) pour une large gamme d\u2019applications.<\/p>\n<p>Domaines d\u2019utilisation :<\/p>\n<ul>\n<li>Augmentation de la capacit\u00e9 portante des \u00e9l\u00e9ments en b\u00e9ton<\/li>\n<li>Installation de machines lourdes dans les b\u00e2timents industriels<\/li>\n<li>Renforcement des structures vibrantes<\/li>\n<li>Adaptation des b\u00e2timents \u00e0 de nouvelles utilisations ou normes<\/li>\n<li>Enveloppement de colonnes pour soutien structurel<\/li>\n<li>Renforcement des murs en ma\u00e7onnerie<\/li>\n<li>R\u00e9paration de mat\u00e9riaux de construction vieillissants<\/li>\n<li>Protection contre les impacts de v\u00e9hicules<\/li>\n<li>Pr\u00e9vention des d\u00e9fauts li\u00e9s aux s\u00e9ismes<\/li>\n<li>Compensation lors de la suppression de murs ou de colonnes<\/li>\n<\/ul>\n<p>Avantages :<\/p>\n<ul>\n<li>Flexible \u2013 s\u2019adapte facilement aux g\u00e9om\u00e9tries complexes<\/li>\n<li>Haute r\u00e9sistance \u2013 offre un renforcement structurel exceptionnel<\/li>\n<li>L\u00e9ger \u2013 facile \u00e0 manipuler et transporter<\/li>\n<li>Orientation des fibres personnalisable \u2013 adapt\u00e9e aux besoins du projet<\/li>\n<li>Non corrosif &amp; r\u00e9sistant aux alcalis \u2013 performance durable<\/li>\n<li>Faible impact esth\u00e9tique \u2013 pr\u00e9serve l\u2019apparence des structures<\/li>\n<\/ul>\n<p><a href=\"https:\/\/www.distrocan.ca\/wp-content\/uploads\/2026\/03\/FG20031-CARBON-FIBER-SDS-EN.pdf\" target=\"_blank\" rel=\"noopener\">Fiche de donn\u00e9es de s\u00e9curit\u00e9 &#8211; Fibre de Carbone<\/a><br \/>\n<a href=\"https:\/\/www.distrocan.ca\/wp-content\/uploads\/2026\/03\/FG20031-EPOXY-ADHESIVE-SDS-EN.pdf\" target=\"_blank\" rel=\"noopener\">Fiche de donn\u00e9es de s\u00e9curit\u00e9 &#8211; Adh\u00e9sif \u00c9poxy<\/a><br \/>\n<a href=\"https:\/\/www.distrocan.ca\/wp-content\/uploads\/2026\/03\/FG20031-560GSM-BIDIRECTIONAL-CARBON-FIBER-TDS-EN.pdf\" target=\"_blank\" rel=\"noopener\">Fiche technique &#8211; Fibre de Carbone<\/a><br \/>\n<a href=\"https:\/\/www.distrocan.ca\/wp-content\/uploads\/2026\/03\/FG20031-EPOXY-ADHESIVE-TDS-EN.pdf\" target=\"_blank\" rel=\"noopener\">Fiche technique &#8211; Adh\u00e9sif \u00c9poxy<\/a><br \/>\n<a href=\"https:\/\/www.distrocan.ca\/wp-content\/uploads\/2026\/03\/FG20031-APPLICATION-INSTRUCTIONS.pdf\" target=\"_blank\" rel=\"noopener\">Fiche technique &#8211; Instructions<\/a><\/p>\n","protected":false},"excerpt":{"rendered":"","protected":false},"featured_media":2007,"template":"","meta":[],"product_brand":[],"product_cat":[201,199,65],"product_tag":[],"class_list":{"0":"post-2008","1":"product","2":"type-product","3":"status-publish","4":"has-post-thumbnail","6":"product_cat-kits-de-reparation-structurelle","7":"product_cat-renfort-structurel","8":"product_cat-tous","9":"no-featured-image-padding","11":"first","12":"instock","13":"shipping-taxable","14":"product-type-simple"},"_links":{"self":[{"href":"https:\/\/www.distrocan.ca\/fr\/wp-json\/wp\/v2\/product\/2008","targetHints":{"allow":["GET"]}}],"collection":[{"href":"https:\/\/www.distrocan.ca\/fr\/wp-json\/wp\/v2\/product"}],"about":[{"href":"https:\/\/www.distrocan.ca\/fr\/wp-json\/wp\/v2\/types\/product"}],"wp:featuredmedia":[{"embeddable":true,"href":"https:\/\/www.distrocan.ca\/fr\/wp-json\/wp\/v2\/media\/2007"}],"wp:attachment":[{"href":"https:\/\/www.distrocan.ca\/fr\/wp-json\/wp\/v2\/media?parent=2008"}],"wp:term":[{"taxonomy":"product_brand","embeddable":true,"href":"https:\/\/www.distrocan.ca\/fr\/wp-json\/wp\/v2\/product_brand?post=2008"},{"taxonomy":"product_cat","embeddable":true,"href":"https:\/\/www.distrocan.ca\/fr\/wp-json\/wp\/v2\/product_cat?post=2008"},{"taxonomy":"product_tag","embeddable":true,"href":"https:\/\/www.distrocan.ca\/fr\/wp-json\/wp\/v2\/product_tag?post=2008"}],"curies":[{"name":"wp","href":"https:\/\/api.w.org\/{rel}","templated":true}]}}