{"id":1995,"date":"2026-03-05T11:49:12","date_gmt":"2026-03-05T16:49:12","guid":{"rendered":"https:\/\/www.distrocan.ca\/product\/rcf-saturant-adhesif-epoxy\/"},"modified":"2026-03-05T11:49:12","modified_gmt":"2026-03-05T16:49:12","slug":"rcf-saturant-adhesif-epoxy","status":"publish","type":"product","link":"https:\/\/www.distrocan.ca\/fr\/produit\/rcf-saturant-adhesif-epoxy\/","title":{"rendered":"RCF Saturant-Adh\u00e9sif \u00c9poxy"},"content":{"rendered":"<p>Adh\u00e9sif <strong>structural \u00e9poxy \u00e0 deux composants, 100 % solide<\/strong>, sp\u00e9cialement con\u00e7u pour <strong>l\u2019impr\u00e9gnation des textiles en fibre de carbone, aramide et verre<\/strong>. Formul\u00e9 pour offrir <strong>force, adh\u00e9rence et facilit\u00e9 d\u2019application<\/strong>.<\/p>\n<p><strong>Caract\u00e9ristiques principales :<\/strong><\/p>\n<ul>\n<li><strong>Faible viscosit\u00e9<\/strong> \u2013 facile \u00e0 m\u00e9langer et \u00e0 appliquer<\/li>\n<li><strong>Sans primaire n\u00e9cessaire<\/strong> \u2013 simplifie l\u2019application<\/li>\n<li><strong>Excellente impr\u00e9gnation des textiles<\/strong> \u2013 assure une saturation et une liaison compl\u00e8tes<\/li>\n<li><strong>Haute r\u00e9sistance<\/strong> \u2013 pour les r\u00e9parations et renforcements exigeants<\/li>\n<li><strong>Adh\u00e9rence sup\u00e9rieure<\/strong> \u2013 compatible avec le b\u00e9ton, la ma\u00e7onnerie, la pierre, l\u2019acier et l\u2019aluminium<\/li>\n<li><strong>Tol\u00e9rant \u00e0 l\u2019humidit\u00e9<\/strong> \u2013 bloque l\u2019humidit\u00e9 une fois durci, adapt\u00e9 aux environnements humides<\/li>\n<\/ul>\n","protected":false},"excerpt":{"rendered":"","protected":false},"featured_media":1994,"template":"","meta":[],"product_brand":[],"product_cat":[219,199,65],"product_tag":[],"class_list":{"0":"post-1995","1":"product","2":"type-product","3":"status-publish","4":"has-post-thumbnail","6":"product_cat-renfort-structurel-accessoires","7":"product_cat-renfort-structurel","8":"product_cat-tous","9":"no-featured-image-padding","11":"first","12":"instock","13":"shipping-taxable","14":"product-type-simple"},"_links":{"self":[{"href":"https:\/\/www.distrocan.ca\/fr\/wp-json\/wp\/v2\/product\/1995","targetHints":{"allow":["GET"]}}],"collection":[{"href":"https:\/\/www.distrocan.ca\/fr\/wp-json\/wp\/v2\/product"}],"about":[{"href":"https:\/\/www.distrocan.ca\/fr\/wp-json\/wp\/v2\/types\/product"}],"wp:featuredmedia":[{"embeddable":true,"href":"https:\/\/www.distrocan.ca\/fr\/wp-json\/wp\/v2\/media\/1994"}],"wp:attachment":[{"href":"https:\/\/www.distrocan.ca\/fr\/wp-json\/wp\/v2\/media?parent=1995"}],"wp:term":[{"taxonomy":"product_brand","embeddable":true,"href":"https:\/\/www.distrocan.ca\/fr\/wp-json\/wp\/v2\/product_brand?post=1995"},{"taxonomy":"product_cat","embeddable":true,"href":"https:\/\/www.distrocan.ca\/fr\/wp-json\/wp\/v2\/product_cat?post=1995"},{"taxonomy":"product_tag","embeddable":true,"href":"https:\/\/www.distrocan.ca\/fr\/wp-json\/wp\/v2\/product_tag?post=1995"}],"curies":[{"name":"wp","href":"https:\/\/api.w.org\/{rel}","templated":true}]}}