{"id":1924,"date":"2026-02-25T20:31:50","date_gmt":"2026-02-26T01:31:50","guid":{"rendered":"https:\/\/www.distrocan.ca\/product\/blueskin-sa\/"},"modified":"2026-03-20T15:52:51","modified_gmt":"2026-03-20T19:52:51","slug":"blueskin-sa","status":"publish","type":"product","link":"https:\/\/www.distrocan.ca\/fr\/produit\/blueskin-sa\/","title":{"rendered":"Blueskin SA"},"content":{"rendered":"<p><strong>Blueskin\u00ae SA<\/strong> est une <strong>barri\u00e8re d\u2019air et d\u2019\u00e9tanch\u00e9it\u00e9 \u00e0 l\u2019eau auto-adh\u00e9sive<\/strong>, con\u00e7ue pour offrir une <strong>protection efficace et fiable<\/strong> dans les applications d\u2019enveloppe de b\u00e2timent.<\/p>\n<p><strong>Caract\u00e9ristiques principales :<\/strong><\/p>\n<ul>\n<li>Compos\u00e9e d\u2019un <strong>asphalte caoutchout\u00e9 SBS<\/strong>.<\/li>\n<li>Lamin\u00e9e sur un <strong>film thermoplastique bleu sp\u00e9cialement con\u00e7u<\/strong> pour une durabilit\u00e9 accrue.<\/li>\n<li><strong>Auto-adh\u00e9sive<\/strong> sur des substrats correctement pr\u00e9par\u00e9s, \u00e9liminant le besoin de fixations suppl\u00e9mentaires.<\/li>\n<li>Fournit une <strong>barri\u00e8re compl\u00e8te contre l\u2019air, la vapeur et l\u2019eau<\/strong> pour :\n<ul>\n<li><strong>Applications sur murs complets<\/strong><\/li>\n<li><strong>Membranes de p\u00e9n\u00e9tration ou de solin<\/strong> lorsqu\u2019elle est int\u00e9gr\u00e9e \u00e0 d\u2019autres syst\u00e8mes de barri\u00e8re d\u2019air.<\/li>\n<\/ul>\n<\/li>\n<\/ul>\n<p><a href=\"https:\/\/www.distrocan.ca\/wp-content\/uploads\/2026\/03\/BLUESKIN-200SA-FDS-FR.pdf\" target=\"_blank\" rel=\"noopener\">Fiche de donn\u00e9es de s\u00e9curit\u00e9<\/a><br \/>\n<a href=\"https:\/\/www.distrocan.ca\/wp-content\/uploads\/2026\/03\/BLUESKIN-SA-FT-FR.pdf\" target=\"_blank\" rel=\"noopener\">Fiche technique<\/a><\/p>\n","protected":false},"excerpt":{"rendered":"","protected":false},"featured_media":1923,"template":"","meta":[],"product_brand":[],"product_cat":[184,170,65],"product_tag":[],"class_list":{"0":"post-1924","1":"product","2":"type-product","3":"status-publish","4":"has-post-thumbnail","6":"product_cat-auto-adhesives","7":"product_cat-membranes-detancheite","8":"product_cat-tous","9":"no-featured-image-padding","11":"first","12":"instock","13":"shipping-taxable","14":"product-type-simple"},"_links":{"self":[{"href":"https:\/\/www.distrocan.ca\/fr\/wp-json\/wp\/v2\/product\/1924","targetHints":{"allow":["GET"]}}],"collection":[{"href":"https:\/\/www.distrocan.ca\/fr\/wp-json\/wp\/v2\/product"}],"about":[{"href":"https:\/\/www.distrocan.ca\/fr\/wp-json\/wp\/v2\/types\/product"}],"wp:featuredmedia":[{"embeddable":true,"href":"https:\/\/www.distrocan.ca\/fr\/wp-json\/wp\/v2\/media\/1923"}],"wp:attachment":[{"href":"https:\/\/www.distrocan.ca\/fr\/wp-json\/wp\/v2\/media?parent=1924"}],"wp:term":[{"taxonomy":"product_brand","embeddable":true,"href":"https:\/\/www.distrocan.ca\/fr\/wp-json\/wp\/v2\/product_brand?post=1924"},{"taxonomy":"product_cat","embeddable":true,"href":"https:\/\/www.distrocan.ca\/fr\/wp-json\/wp\/v2\/product_cat?post=1924"},{"taxonomy":"product_tag","embeddable":true,"href":"https:\/\/www.distrocan.ca\/fr\/wp-json\/wp\/v2\/product_tag?post=1924"}],"curies":[{"name":"wp","href":"https:\/\/api.w.org\/{rel}","templated":true}]}}