{"id":1915,"date":"2026-02-25T16:23:29","date_gmt":"2026-02-25T21:23:29","guid":{"rendered":"https:\/\/www.distrocan.ca\/product\/impermashield-db-express\/"},"modified":"2026-02-25T16:23:29","modified_gmt":"2026-02-25T21:23:29","slug":"impermashield-db-express","status":"publish","type":"product","link":"https:\/\/www.distrocan.ca\/fr\/produit\/impermashield-db-express\/","title":{"rendered":"Impermashield DB Express"},"content":{"rendered":"<p><strong>R COAT DB DB EXPRESS<\/strong> est un <strong>acc\u00e9l\u00e9rateur concentr\u00e9 \u00e0 base d\u2019\u00e9lectrolytes<\/strong>, con\u00e7u pour acc\u00e9l\u00e9rer le durcissement de la s\u00e9rie de membranes pulv\u00e9risables <em>R COAT DB<\/em>. Il est utilis\u00e9 dans un <strong>syst\u00e8me de co-pulv\u00e9risation<\/strong> afin d\u2019assurer un <strong>durcissement instantan\u00e9<\/strong> lors de l\u2019application.<\/p>\n<p><strong>Points cl\u00e9s :<\/strong><\/p>\n<ul>\n<li>Doit \u00eatre <strong>dilu\u00e9 avant utilisation<\/strong>.<\/li>\n<li>Une fois dilu\u00e9, il permet \u00e0 l\u2019applicateur de :\n<ul>\n<li><strong>Appliquer plusieurs couches de membrane<\/strong> en un seul passage.<\/li>\n<li><strong>\u00c9liminer le temps de s\u00e9chage<\/strong> entre les couches.<\/li>\n<\/ul>\n<\/li>\n<\/ul>\n","protected":false},"excerpt":{"rendered":"","protected":false},"featured_media":335,"template":"","meta":[],"product_brand":[],"product_cat":[171,170,65],"product_tag":[],"class_list":{"0":"post-1915","1":"product","2":"type-product","3":"status-publish","4":"has-post-thumbnail","6":"product_cat-a-base-deau","7":"product_cat-membranes-detancheite","8":"product_cat-tous","9":"no-featured-image-padding","11":"first","12":"instock","13":"shipping-taxable","14":"product-type-simple"},"_links":{"self":[{"href":"https:\/\/www.distrocan.ca\/fr\/wp-json\/wp\/v2\/product\/1915","targetHints":{"allow":["GET"]}}],"collection":[{"href":"https:\/\/www.distrocan.ca\/fr\/wp-json\/wp\/v2\/product"}],"about":[{"href":"https:\/\/www.distrocan.ca\/fr\/wp-json\/wp\/v2\/types\/product"}],"wp:featuredmedia":[{"embeddable":true,"href":"https:\/\/www.distrocan.ca\/fr\/wp-json\/wp\/v2\/media\/335"}],"wp:attachment":[{"href":"https:\/\/www.distrocan.ca\/fr\/wp-json\/wp\/v2\/media?parent=1915"}],"wp:term":[{"taxonomy":"product_brand","embeddable":true,"href":"https:\/\/www.distrocan.ca\/fr\/wp-json\/wp\/v2\/product_brand?post=1915"},{"taxonomy":"product_cat","embeddable":true,"href":"https:\/\/www.distrocan.ca\/fr\/wp-json\/wp\/v2\/product_cat?post=1915"},{"taxonomy":"product_tag","embeddable":true,"href":"https:\/\/www.distrocan.ca\/fr\/wp-json\/wp\/v2\/product_tag?post=1915"}],"curies":[{"name":"wp","href":"https:\/\/api.w.org\/{rel}","templated":true}]}}