{"id":1903,"date":"2026-02-25T15:55:02","date_gmt":"2026-02-25T20:55:02","guid":{"rendered":"https:\/\/www.distrocan.ca\/product\/1903\/"},"modified":"2026-03-21T11:11:28","modified_gmt":"2026-03-21T15:11:28","slug":"1903","status":"publish","type":"product","link":"https:\/\/www.distrocan.ca\/fr\/produit\/1903\/","title":{"rendered":"Impermashield T Coat DB"},"content":{"rendered":"<p><strong>Impermashield T Coat DB<\/strong> est un mastic d\u2019\u00e9tanch\u00e9it\u00e9 de qualit\u00e9 sup\u00e9rieure, \u00e0 base d\u2019\u00e9mulsion d\u2019asphalte modifi\u00e9e aux polym\u00e8res, appliqu\u00e9 \u00e0 la truelle. Il est con\u00e7u pour offrir une <strong>protection durable sous le niveau du sol<\/strong> dans les applications d\u2019\u00e9tanch\u00e9it\u00e9 ext\u00e9rieures.<\/p>\n<p><strong>Caract\u00e9ristiques et avantages :<\/strong><\/p>\n<ul>\n<li>Excellente <strong>r\u00e9sistance, adh\u00e9rence et flexibilit\u00e9<\/strong>, m\u00eame dans des conditions exigeantes.<\/li>\n<li>Id\u00e9al pour les <strong>applications d\u00e9taill\u00e9es<\/strong> en construction r\u00e9sidentielle et commerciale.<\/li>\n<li>Peut \u00eatre utilis\u00e9 efficacement comme <strong>scellant ou produit de r\u00e9paration<\/strong> pour :\n<ul>\n<li>les <strong>trous de tiges de coffrage<\/strong>,<\/li>\n<li>les <strong>protrusions et p\u00e9n\u00e9trations<\/strong>,<\/li>\n<li>les <strong>joints froids<\/strong>,<\/li>\n<li>les <strong>nids de gravier (honeycombs)<\/strong>.<\/li>\n<\/ul>\n<\/li>\n<li>Convient parfaitement pour la <strong>r\u00e9paration de fissures<\/strong>, de <strong>d\u00e9fauts d\u2019assemblage<\/strong> et d\u2019autres <strong>points d\u2019infiltration d\u2019eau<\/strong> sur les structures existantes.<\/li>\n<\/ul>\n<p>Sert \u00e9galement d\u2019<strong>adh\u00e9sif<\/strong> pour les <strong>membranes de solin<\/strong> et autres mat\u00e9riaux de finition.<\/p>\n","protected":false},"excerpt":{"rendered":"","protected":false},"featured_media":1899,"template":"","meta":[],"product_brand":[],"product_cat":[171,170,65],"product_tag":[],"class_list":{"0":"post-1903","1":"product","2":"type-product","3":"status-publish","4":"has-post-thumbnail","6":"product_cat-a-base-deau","7":"product_cat-membranes-detancheite","8":"product_cat-tous","9":"no-featured-image-padding","11":"first","12":"instock","13":"shipping-taxable","14":"product-type-simple"},"_links":{"self":[{"href":"https:\/\/www.distrocan.ca\/fr\/wp-json\/wp\/v2\/product\/1903","targetHints":{"allow":["GET"]}}],"collection":[{"href":"https:\/\/www.distrocan.ca\/fr\/wp-json\/wp\/v2\/product"}],"about":[{"href":"https:\/\/www.distrocan.ca\/fr\/wp-json\/wp\/v2\/types\/product"}],"wp:featuredmedia":[{"embeddable":true,"href":"https:\/\/www.distrocan.ca\/fr\/wp-json\/wp\/v2\/media\/1899"}],"wp:attachment":[{"href":"https:\/\/www.distrocan.ca\/fr\/wp-json\/wp\/v2\/media?parent=1903"}],"wp:term":[{"taxonomy":"product_brand","embeddable":true,"href":"https:\/\/www.distrocan.ca\/fr\/wp-json\/wp\/v2\/product_brand?post=1903"},{"taxonomy":"product_cat","embeddable":true,"href":"https:\/\/www.distrocan.ca\/fr\/wp-json\/wp\/v2\/product_cat?post=1903"},{"taxonomy":"product_tag","embeddable":true,"href":"https:\/\/www.distrocan.ca\/fr\/wp-json\/wp\/v2\/product_tag?post=1903"}],"curies":[{"name":"wp","href":"https:\/\/api.w.org\/{rel}","templated":true}]}}