{"id":1874,"date":"2026-02-25T13:35:48","date_gmt":"2026-02-25T18:35:48","guid":{"rendered":"https:\/\/www.distrocan.ca\/product\/mapei-mapeflex-p1-ft\/"},"modified":"2026-03-20T15:55:39","modified_gmt":"2026-03-20T19:55:39","slug":"mapei-mapeflex-p1-ft","status":"publish","type":"product","link":"https:\/\/www.distrocan.ca\/fr\/produit\/mapei-mapeflex-p1-ft\/","title":{"rendered":"Mapei Mapeflex P1 FT"},"content":{"rendered":"<p>300ml: 2UA1516253<br \/>\n600ml: 2UA1516256<\/p>\n<p>Mapeflex P1 FT est un mastic et adh\u00e9sif \u00e9lastom\u00e8re de haute performance, monocomposant, \u00e0 s\u00e9chage rapide, durci par l&#8217;humidit\u00e9 et \u00e0 base de polyur\u00e9thane. Mapeflex P1 FT offre une excellente adh\u00e9rence \u00e0 la plupart des surfaces, une application et un lissage sup\u00e9rieurs, ainsi qu&#8217;une grande flexibilit\u00e9 pour les joints en mouvement.<\/p>\n<ul>\n<li>Durcit pour former une finition lisse et sans vide<\/li>\n<li>Accepte les mouvements de joints de +\/- 35 %<\/li>\n<li>R\u00e9sistance exceptionnelle \u00e0 l&#8217;abrasion et aux d\u00e9chirures<\/li>\n<li>Propri\u00e9t\u00e9s d&#8217;adh\u00e9rence sup\u00e9rieures<\/li>\n<li>Peut \u00eatre peint et ponc\u00e9 apr\u00e8s durcissement<\/li>\n<li>Faible teneur en COV pour une application plus s\u00fbre<\/li>\n<li>Formule non tachante et sans odeur<\/li>\n<li>R\u00e9siste aux intemp\u00e9ries pour une durabilit\u00e9 \u00e0 long terme<\/li>\n<li>Produit monocomposant pour une application et un lissage faciles<\/li>\n<\/ul>\n<p><a contenteditable=\"false\" href=\"https:\/\/www.distrocan.ca\/wp-content\/uploads\/2026\/02\/MAPEI-MAPEFLEX-P1-FT-FDS-FR.pdf\" target=\"_blank\" rel=\"noopener\">Fiche de donn\u00e9es de s\u00e9curit\u00e9<\/a><br \/>\n<a contenteditable=\"false\" href=\"https:\/\/www.distrocan.ca\/wp-content\/uploads\/2026\/02\/MAPEI-MAPEFLEX-P1-FT-FT-FR.pdf\" target=\"_blank\" rel=\"noopener\">Fiche technique<\/a><\/p>\n","protected":false},"excerpt":{"rendered":"","protected":false},"featured_media":1864,"template":"","meta":[],"product_brand":[],"product_cat":[173,207,65],"product_tag":[],"class_list":{"0":"post-1874","1":"product","2":"type-product","3":"status-publish","4":"has-post-thumbnail","6":"product_cat-produits-cimentaires","7":"product_cat-scellants-cimentaires","8":"product_cat-tous","9":"no-featured-image-padding","11":"first","12":"instock","13":"shipping-taxable","14":"product-type-simple"},"_links":{"self":[{"href":"https:\/\/www.distrocan.ca\/fr\/wp-json\/wp\/v2\/product\/1874","targetHints":{"allow":["GET"]}}],"collection":[{"href":"https:\/\/www.distrocan.ca\/fr\/wp-json\/wp\/v2\/product"}],"about":[{"href":"https:\/\/www.distrocan.ca\/fr\/wp-json\/wp\/v2\/types\/product"}],"wp:featuredmedia":[{"embeddable":true,"href":"https:\/\/www.distrocan.ca\/fr\/wp-json\/wp\/v2\/media\/1864"}],"wp:attachment":[{"href":"https:\/\/www.distrocan.ca\/fr\/wp-json\/wp\/v2\/media?parent=1874"}],"wp:term":[{"taxonomy":"product_brand","embeddable":true,"href":"https:\/\/www.distrocan.ca\/fr\/wp-json\/wp\/v2\/product_brand?post=1874"},{"taxonomy":"product_cat","embeddable":true,"href":"https:\/\/www.distrocan.ca\/fr\/wp-json\/wp\/v2\/product_cat?post=1874"},{"taxonomy":"product_tag","embeddable":true,"href":"https:\/\/www.distrocan.ca\/fr\/wp-json\/wp\/v2\/product_tag?post=1874"}],"curies":[{"name":"wp","href":"https:\/\/api.w.org\/{rel}","templated":true}]}}