{"id":1737,"date":"2025-02-24T12:32:18","date_gmt":"2025-02-24T17:32:18","guid":{"rendered":"https:\/\/www.distrocan.ca\/?post_type=product&#038;p=1737"},"modified":"2026-03-30T13:18:23","modified_gmt":"2026-03-30T17:18:23","slug":"kit-de-reparation-de-fissures-bidirectionnel-560gsm-12-x-8","status":"publish","type":"product","link":"https:\/\/www.distrocan.ca\/fr\/produit\/kit-de-reparation-de-fissures-bidirectionnel-560gsm-12-x-8\/","title":{"rendered":"Kit RCF Fissures Bidirectionnel"},"content":{"rendered":"<p class=\"p1\">Le Kit de R\u00e9paration de Fissures Bidirectionnel est une solution avanc\u00e9e pour r\u00e9parer les fissures dans les structures en b\u00e9ton. Ce kit comprend une sangle de haute qualit\u00e9 en fibre de carbone bidirectionnelle, offrant une r\u00e9sistance sup\u00e9rieure avec un poids de 560 GSM. La sangle mesure 12 pouces de largeur et 8 pieds de longueur, offrant une couverture suffisante pour divers besoins de r\u00e9paration. Avec une r\u00e9sistance \u00e0 la traction du stratifi\u00e9 de 102,4 ksi, elle garantit une durabilit\u00e9 et des performances exceptionnelles. Le mat\u00e9riau composite noir am\u00e9liore l&#8217;esth\u00e9tique et la fiabilit\u00e9 du kit. Le temps de durcissement varie de 2 \u00e0 10 heures pour un durcissement initial, selon la temp\u00e9rature, avec un d\u00e9veloppement complet de la r\u00e9sistance recommand\u00e9 apr\u00e8s 24 heures ou plus. Le rapport de m\u00e9lange est de 1:1 pour des r\u00e9sultats optimaux. Id\u00e9al pour la r\u00e9paration de fissures, ce kit offre une solution durable pour l&#8217;int\u00e9grit\u00e9 structurelle.<\/p>\n<ul class=\"ul1\">\n<li class=\"li1\">Poids de la fibre de carbone par zone : 560 GSM<\/li>\n<li class=\"li1\">Orientation des fibres : Bidirectionnelle<\/li>\n<li class=\"li1\">Longueur de la sangle : 8 pieds<\/li>\n<li class=\"li1\">Nombre de sangles dans le kit : 1<\/li>\n<li class=\"li1\">Largeur de la fibre de carbone : 12 pouces<\/li>\n<li class=\"li1\">R\u00e9sistance \u00e0 la traction du stratifi\u00e9 : 102,4 ksi<\/li>\n<li class=\"li1\">Couleur : Composite noir<\/li>\n<li class=\"li1\">Temps de durcissement : 2 \u00e0 10 heures pour un durcissement initial, selon la temp\u00e9rature; il est recommand\u00e9 d&#8217;attendre 24 heures ou plus pour le d\u00e9veloppement complet de la r\u00e9sistance<\/li>\n<li class=\"li1\">Rapport de m\u00e9lange : 1:1<\/li>\n<li class=\"li1\">Application finale : R\u00e9paration de fissures<\/li>\n<\/ul>\n<p><a href=\"https:\/\/www.distrocan.ca\/wp-content\/uploads\/2025\/02\/FG20053-CARBON-FIBER-SAFETY-DATA-SHEET_compressed.pdf\" target=\"_blank\" rel=\"noopener\">Fiche de s\u00e9curit\u00e9 de la fibre de carbone<\/a><br \/>\n<a href=\"https:\/\/www.distrocan.ca\/wp-content\/uploads\/2025\/02\/FG20053-CARBON-FIBER-TECHNICAL-DATA-SHEET_compressed.pdf\" target=\"_blank\" rel=\"noopener\">Fiche technique de la fibre de carbone<\/a><br \/>\n<a href=\"https:\/\/www.distrocan.ca\/wp-content\/uploads\/2025\/02\/FG20053-SATURANT-ADHESIVE-EPOXY-SAFETY-DATA-SHEET_compressed.pdf\" target=\"_blank\" rel=\"noopener\">Fiche de s\u00e9curit\u00e9 saturant adhesive epoxy<\/a><br \/>\n<a href=\"https:\/\/www.distrocan.ca\/wp-content\/uploads\/2025\/02\/FG20053-SATURANT-ADHESIVE-EPOXY-TECHINCAL-DATA-SHEET_compressed.pdf\" target=\"_blank\" rel=\"noopener\">Fiche technique saturant adhesive epoxy<\/a><br \/>\n<a href=\"https:\/\/www.distrocan.ca\/wp-content\/uploads\/2025\/02\/FG20053-KIT-CRACK-REPAIR-BIDIRECTIONAL-APPLICATION-INSTRUCTIONS_compressed.pdf\" target=\"_blank\" rel=\"noopener\">Instructions d&#8217;application du kit de r\u00e9paration de fissures bidirectionnelles<\/a><\/p>\n","protected":false},"excerpt":{"rendered":"","protected":false},"featured_media":1999,"template":"","meta":[],"product_brand":[],"product_cat":[201,199,65],"product_tag":[],"class_list":{"0":"post-1737","1":"product","2":"type-product","3":"status-publish","4":"has-post-thumbnail","6":"product_cat-kits-de-reparation-structurelle","7":"product_cat-renfort-structurel","8":"product_cat-tous","9":"no-featured-image-padding","11":"first","12":"instock","13":"shipping-taxable","14":"product-type-simple"},"_links":{"self":[{"href":"https:\/\/www.distrocan.ca\/fr\/wp-json\/wp\/v2\/product\/1737","targetHints":{"allow":["GET"]}}],"collection":[{"href":"https:\/\/www.distrocan.ca\/fr\/wp-json\/wp\/v2\/product"}],"about":[{"href":"https:\/\/www.distrocan.ca\/fr\/wp-json\/wp\/v2\/types\/product"}],"wp:featuredmedia":[{"embeddable":true,"href":"https:\/\/www.distrocan.ca\/fr\/wp-json\/wp\/v2\/media\/1999"}],"wp:attachment":[{"href":"https:\/\/www.distrocan.ca\/fr\/wp-json\/wp\/v2\/media?parent=1737"}],"wp:term":[{"taxonomy":"product_brand","embeddable":true,"href":"https:\/\/www.distrocan.ca\/fr\/wp-json\/wp\/v2\/product_brand?post=1737"},{"taxonomy":"product_cat","embeddable":true,"href":"https:\/\/www.distrocan.ca\/fr\/wp-json\/wp\/v2\/product_cat?post=1737"},{"taxonomy":"product_tag","embeddable":true,"href":"https:\/\/www.distrocan.ca\/fr\/wp-json\/wp\/v2\/product_tag?post=1737"}],"curies":[{"name":"wp","href":"https:\/\/api.w.org\/{rel}","templated":true}]}}