{"id":1722,"date":"2025-02-24T12:17:17","date_gmt":"2025-02-24T17:18:18","guid":{"rendered":"https:\/\/www.distrocan.ca\/?post_type=product&#038;p=1722"},"modified":"2026-03-11T21:29:30","modified_gmt":"2026-03-12T01:29:30","slug":"rcf-pate-epoxy-dancrage-a-haute-resistance","status":"publish","type":"product","link":"https:\/\/www.distrocan.ca\/fr\/produit\/rcf-pate-epoxy-dancrage-a-haute-resistance\/","title":{"rendered":"RCF P\u00e2te Epoxy d&#8217;Ancrage \u00e0 Haute R\u00e9sistance"},"content":{"rendered":"<p class=\"p1\">La p\u00e2te \u00e9poxy \u00e0 haute r\u00e9sistance RCF est une solution adh\u00e9sive polyvalente et durable, id\u00e9ale pour une large gamme d&#8217;applications. Avec un temps de g\u00e9lification de seulement 10 minutes et un temps de durcissement de 2 \u00e0 3 heures pour \u00eatre non collante \u00e0 23\u00b0C, cette p\u00e2te \u00e9poxy offre un collage rapide et fiable. Elle pr\u00e9sente un ratio de m\u00e9lange de 1:1 et offre une r\u00e9sistance exceptionnelle avec une dur\u00e9e de vie de 24 mois lorsqu&#8217;elle est stock\u00e9e dans des conditions s\u00e8ches entre 60\u00b0F et 95\u00b0F. De couleur grise, cette p\u00e2te est parfaite pour diverses t\u00e2ches de collage et de r\u00e9paration, en faisant un indispensable pour les projets professionnels ou de bricolage.<\/p>\n<ul class=\"ul1\">\n<li class=\"li2\">Conditions de stockage: Conserver dans des conditions s\u00e8ches, entre 60\u00b0F et 95\u00b0F<\/li>\n<li class=\"li2\">Dur\u00e9e de vie: 24 mois<\/li>\n<li class=\"li2\">Couleur: Grise<\/li>\n<li class=\"li2\">Temps de g\u00e9lification: 10 minutes<\/li>\n<li class=\"li2\">Temps de durcissement: 2-3 heures pour \u00eatre non collant \u00e0 23\u00b0C ; il est recommand\u00e9 d&#8217;attendre plus longtemps pour un d\u00e9veloppement de r\u00e9sistance plus \u00e9lev\u00e9<\/li>\n<li class=\"li2\">Ratio de m\u00e9lange: 1:1<\/li>\n<li class=\"li2\">Application finale: Adh\u00e9sif polyvalent<\/li>\n<li class=\"li2\">Disponible en cartouche double de 600 ml ou en kit de 2 gallons<\/li>\n<\/ul>\n<p><a href=\"https:\/\/www.distrocan.ca\/wp-content\/uploads\/2026\/03\/FG20075-PATE-EPOXY-DANCRAGE-A-HAUTE-RESISTANCE-FDS-FR.pdf\" target=\"_blank\" rel=\"noopener\">Fiche de donn\u00e9es de s\u00e9curit\u00e9<\/a><\/p>\n<p>&nbsp;<\/p>\n","protected":false},"excerpt":{"rendered":"","protected":false},"featured_media":2123,"template":"","meta":[],"product_brand":[],"product_cat":[153,197,65],"product_tag":[],"class_list":{"0":"post-1722","1":"product","2":"type-product","3":"status-publish","4":"has-post-thumbnail","6":"product_cat-produits-dinjection","7":"product_cat-produits-epoxy","8":"product_cat-tous","9":"no-featured-image-padding","11":"first","12":"instock","13":"shipping-taxable","14":"product-type-simple"},"_links":{"self":[{"href":"https:\/\/www.distrocan.ca\/fr\/wp-json\/wp\/v2\/product\/1722","targetHints":{"allow":["GET"]}}],"collection":[{"href":"https:\/\/www.distrocan.ca\/fr\/wp-json\/wp\/v2\/product"}],"about":[{"href":"https:\/\/www.distrocan.ca\/fr\/wp-json\/wp\/v2\/types\/product"}],"wp:featuredmedia":[{"embeddable":true,"href":"https:\/\/www.distrocan.ca\/fr\/wp-json\/wp\/v2\/media\/2123"}],"wp:attachment":[{"href":"https:\/\/www.distrocan.ca\/fr\/wp-json\/wp\/v2\/media?parent=1722"}],"wp:term":[{"taxonomy":"product_brand","embeddable":true,"href":"https:\/\/www.distrocan.ca\/fr\/wp-json\/wp\/v2\/product_brand?post=1722"},{"taxonomy":"product_cat","embeddable":true,"href":"https:\/\/www.distrocan.ca\/fr\/wp-json\/wp\/v2\/product_cat?post=1722"},{"taxonomy":"product_tag","embeddable":true,"href":"https:\/\/www.distrocan.ca\/fr\/wp-json\/wp\/v2\/product_tag?post=1722"}],"curies":[{"name":"wp","href":"https:\/\/api.w.org\/{rel}","templated":true}]}}