{"id":1712,"date":"2025-02-24T12:09:41","date_gmt":"2025-02-24T17:09:41","guid":{"rendered":"https:\/\/www.distrocan.ca\/?post_type=product&#038;p=1712"},"modified":"2026-03-20T16:07:38","modified_gmt":"2026-03-20T20:07:38","slug":"mapei-epojet","status":"publish","type":"product","link":"https:\/\/www.distrocan.ca\/fr\/produit\/mapei-epojet\/","title":{"rendered":"Mapei Epojet"},"content":{"rendered":"<p class=\"p1\">Epojet est une r\u00e9sine \u00e9poxy \u00e0 haute r\u00e9sistance, bicomposant, \u00e0 100 % de solides et de faible viscosit\u00e9, con\u00e7ue pour l&#8217;injection sous pression et l&#8217;\u00e9tanch\u00e9it\u00e9 des fissures dans le b\u00e9ton structurel, la ma\u00e7onnerie et le bois.<\/p>\n<ul class=\"ul1\">\n<li class=\"li1\">Offre une haute r\u00e9sistance pr\u00e9coce en tant qu&#8217;adh\u00e9sif structurel, efficace \u00e0 la fois \u00e0 temp\u00e9rature ambiante normale et basse<span class=\"Apple-converted-space\">\u00a0<\/span><\/li>\n<li class=\"li1\">Emballage pratique en cartouche double pour une application facile<\/li>\n<li class=\"li1\">Peut \u00eatre m\u00e9lang\u00e9 avec des granulats pour cr\u00e9er un mortier \u00e9poxy<\/li>\n<li class=\"li1\">Fournit une haute r\u00e9sistance \u00e0 l&#8217;adh\u00e9sion et une injection \u00e9poxy \u00e0 d\u00e9lai rapide<\/li>\n<li class=\"li1\">Tol\u00e9rant \u00e0 l&#8217;humidit\u00e9, r\u00e9duisant l&#8217;intrusion de l&#8217;eau et des chlorures, am\u00e9liorant la durabilit\u00e9 des surfaces en b\u00e9ton<\/li>\n<li class=\"li1\">Offre une excellente r\u00e9sistance aux produits chimiques<\/li>\n<li class=\"li2\">Disponible en cartouches de 399 ml ou en kits de 11,35L<\/li>\n<\/ul>\n<p><a href=\"https:\/\/www.distrocan.ca\/wp-content\/uploads\/2025\/02\/MAPEI-EPOJET-PARTIE-A-FICHE-DE-DONNEES-DE-SECURITE_compressed.pdf\" target=\"_blank\" rel=\"noopener\">Fiche de s\u00e9curit\u00e9 (partie a)<\/a><br \/>\n<a href=\"https:\/\/www.distrocan.ca\/wp-content\/uploads\/2025\/02\/MAPEI-EPOJET-PARTIE-B-FICHE-DE-DONNEES-DE-SECURITE_compressed.pdf\" target=\"_blank\" rel=\"noopener\">Fiche de s\u00e9curit\u00e9 (partie b)<\/a><br \/>\n<a href=\"https:\/\/www.distrocan.ca\/wp-content\/uploads\/2025\/02\/MAPEI-EPOJET-FICHE-TECHNIQUE_compressed.pdf\" target=\"_blank\" rel=\"noopener\">Fiche technique<\/a><\/p>\n","protected":false},"excerpt":{"rendered":"","protected":false},"featured_media":1704,"template":"","meta":[],"product_brand":[],"product_cat":[153,197,65],"product_tag":[],"class_list":{"0":"post-1712","1":"product","2":"type-product","3":"status-publish","4":"has-post-thumbnail","6":"product_cat-produits-dinjection","7":"product_cat-produits-epoxy","8":"product_cat-tous","9":"no-featured-image-padding","11":"first","12":"instock","13":"shipping-taxable","14":"product-type-simple"},"_links":{"self":[{"href":"https:\/\/www.distrocan.ca\/fr\/wp-json\/wp\/v2\/product\/1712","targetHints":{"allow":["GET"]}}],"collection":[{"href":"https:\/\/www.distrocan.ca\/fr\/wp-json\/wp\/v2\/product"}],"about":[{"href":"https:\/\/www.distrocan.ca\/fr\/wp-json\/wp\/v2\/types\/product"}],"wp:featuredmedia":[{"embeddable":true,"href":"https:\/\/www.distrocan.ca\/fr\/wp-json\/wp\/v2\/media\/1704"}],"wp:attachment":[{"href":"https:\/\/www.distrocan.ca\/fr\/wp-json\/wp\/v2\/media?parent=1712"}],"wp:term":[{"taxonomy":"product_brand","embeddable":true,"href":"https:\/\/www.distrocan.ca\/fr\/wp-json\/wp\/v2\/product_brand?post=1712"},{"taxonomy":"product_cat","embeddable":true,"href":"https:\/\/www.distrocan.ca\/fr\/wp-json\/wp\/v2\/product_cat?post=1712"},{"taxonomy":"product_tag","embeddable":true,"href":"https:\/\/www.distrocan.ca\/fr\/wp-json\/wp\/v2\/product_tag?post=1712"}],"curies":[{"name":"wp","href":"https:\/\/api.w.org\/{rel}","templated":true}]}}