{"id":1675,"date":"2025-02-24T11:43:46","date_gmt":"2025-02-24T16:44:14","guid":{"rendered":"https:\/\/www.distrocan.ca\/?post_type=product&#038;p=1675"},"modified":"2025-02-24T11:44:14","modified_gmt":"2025-02-24T16:44:14","slug":"boite-de-50-gants-professionnel-noir-en-nitrile","status":"publish","type":"product","link":"https:\/\/www.distrocan.ca\/fr\/produit\/boite-de-50-gants-professionnel-noir-en-nitrile\/","title":{"rendered":"Boite de 50 Gants Professionnel Noir en Nitrile"},"content":{"rendered":"<ul class=\"ul1\">\n<li class=\"li1\">Polyvalent et l\u00e9ger : Id\u00e9al pour diverses t\u00e2ches<\/li>\n<li class=\"li1\">R\u00e9sistant aux liquides : Offre une protection fiable<\/li>\n<li class=\"li1\">Ambidextre : Convient pour les deux mains<\/li>\n<li class=\"li1\">Sans latex et sans poudre : Confortable et s\u00fbr<\/li>\n<li class=\"li1\">Nitrile noir extra r\u00e9sistant : Sp\u00e9cification de r\u00e9f\u00e9rence pour la taille M : largeur de la paume 8 cm de la base de l&#8217;index \u00e0 la base du petit doigt<\/li>\n<li class=\"li1\">Bouts de doigts textur\u00e9s : Assure une meilleure adh\u00e9rence, avec des longueurs de poignet \u00e9tendues pour une protection accrue<\/li>\n<li class=\"li1\">3x plus r\u00e9sistant que le latex\/vinyle : Durabilit\u00e9 et r\u00e9sistance sup\u00e9rieures<\/li>\n<\/ul>\n","protected":false},"excerpt":{"rendered":"","protected":false},"featured_media":1674,"template":"","meta":[],"product_brand":[],"product_cat":[155,153],"product_tag":[],"class_list":{"0":"post-1675","1":"product","2":"type-product","3":"status-publish","4":"has-post-thumbnail","6":"product_cat-accessoires-injection","7":"product_cat-produits-dinjection","8":"no-featured-image-padding","10":"first","11":"instock","12":"shipping-taxable","13":"product-type-simple"},"_links":{"self":[{"href":"https:\/\/www.distrocan.ca\/fr\/wp-json\/wp\/v2\/product\/1675","targetHints":{"allow":["GET"]}}],"collection":[{"href":"https:\/\/www.distrocan.ca\/fr\/wp-json\/wp\/v2\/product"}],"about":[{"href":"https:\/\/www.distrocan.ca\/fr\/wp-json\/wp\/v2\/types\/product"}],"wp:featuredmedia":[{"embeddable":true,"href":"https:\/\/www.distrocan.ca\/fr\/wp-json\/wp\/v2\/media\/1674"}],"wp:attachment":[{"href":"https:\/\/www.distrocan.ca\/fr\/wp-json\/wp\/v2\/media?parent=1675"}],"wp:term":[{"taxonomy":"product_brand","embeddable":true,"href":"https:\/\/www.distrocan.ca\/fr\/wp-json\/wp\/v2\/product_brand?post=1675"},{"taxonomy":"product_cat","embeddable":true,"href":"https:\/\/www.distrocan.ca\/fr\/wp-json\/wp\/v2\/product_cat?post=1675"},{"taxonomy":"product_tag","embeddable":true,"href":"https:\/\/www.distrocan.ca\/fr\/wp-json\/wp\/v2\/product_tag?post=1675"}],"curies":[{"name":"wp","href":"https:\/\/api.w.org\/{rel}","templated":true}]}}