{"id":1659,"date":"2025-02-24T11:36:04","date_gmt":"2025-02-24T16:36:04","guid":{"rendered":"https:\/\/www.distrocan.ca\/?post_type=product&#038;p=1659"},"modified":"2025-02-24T11:36:36","modified_gmt":"2025-02-24T16:36:36","slug":"alemite-kit-de-reparation-de-ressort","status":"publish","type":"product","link":"https:\/\/www.distrocan.ca\/fr\/produit\/alemite-kit-de-reparation-de-ressort\/","title":{"rendered":"Alemite Kit de r\u00e9paration de ressort"},"content":{"rendered":"<p class=\"p1\">Le Kit de r\u00e9paration de ressort Alemite contient tout le n\u00e9cessaire pour r\u00e9parer ou remplacer les ressorts des pistolets \u00e0 graisse ou autres \u00e9quipements. Il comprend des composants de haute qualit\u00e9, con\u00e7us pour une durabilit\u00e9 et une installation faciles, garantissant des performances fiables et prolongeant la dur\u00e9e de vie de vos outils.<\/p>\n","protected":false},"excerpt":{"rendered":"","protected":false},"featured_media":2348,"template":"","meta":[],"product_brand":[],"product_cat":[155,153],"product_tag":[],"class_list":{"0":"post-1659","1":"product","2":"type-product","3":"status-publish","4":"has-post-thumbnail","6":"product_cat-accessoires-injection","7":"product_cat-produits-dinjection","8":"no-featured-image-padding","10":"first","11":"instock","12":"shipping-taxable","13":"product-type-simple"},"_links":{"self":[{"href":"https:\/\/www.distrocan.ca\/fr\/wp-json\/wp\/v2\/product\/1659","targetHints":{"allow":["GET"]}}],"collection":[{"href":"https:\/\/www.distrocan.ca\/fr\/wp-json\/wp\/v2\/product"}],"about":[{"href":"https:\/\/www.distrocan.ca\/fr\/wp-json\/wp\/v2\/types\/product"}],"wp:featuredmedia":[{"embeddable":true,"href":"https:\/\/www.distrocan.ca\/fr\/wp-json\/wp\/v2\/media\/2348"}],"wp:attachment":[{"href":"https:\/\/www.distrocan.ca\/fr\/wp-json\/wp\/v2\/media?parent=1659"}],"wp:term":[{"taxonomy":"product_brand","embeddable":true,"href":"https:\/\/www.distrocan.ca\/fr\/wp-json\/wp\/v2\/product_brand?post=1659"},{"taxonomy":"product_cat","embeddable":true,"href":"https:\/\/www.distrocan.ca\/fr\/wp-json\/wp\/v2\/product_cat?post=1659"},{"taxonomy":"product_tag","embeddable":true,"href":"https:\/\/www.distrocan.ca\/fr\/wp-json\/wp\/v2\/product_tag?post=1659"}],"curies":[{"name":"wp","href":"https:\/\/api.w.org\/{rel}","templated":true}]}}