{"id":1653,"date":"2025-02-24T11:30:03","date_gmt":"2025-02-24T16:30:03","guid":{"rendered":"https:\/\/www.distrocan.ca\/?post_type=product&#038;p=1653"},"modified":"2026-03-30T13:35:22","modified_gmt":"2026-03-30T17:35:22","slug":"pistolet-a-graisse-alemite-pour-injection-polyurethane","status":"publish","type":"product","link":"https:\/\/www.distrocan.ca\/fr\/produit\/pistolet-a-graisse-alemite-pour-injection-polyurethane\/","title":{"rendered":"Pistolet Alemite pour Injection Polyur\u00e9thane"},"content":{"rendered":"<p class=\"p1\">Les pistolets \u00e0 graisse sans fil Alemite offrent la plus grande capacit\u00e9 de distribution de mat\u00e9riel parmi tous les pistolets du march\u00e9, quel que soit le voltage. Leur conception brevet\u00e9e, avec le moteur situ\u00e9 dans la poign\u00e9e, offre un excellent \u00e9quilibre. De plus, le bo\u00eetier renforc\u00e9 de fibres de verre d&#8217;Alemite est extr\u00eamement durable et r\u00e9sistant aux dommages.<\/p>\n","protected":false},"excerpt":{"rendered":"","protected":false},"featured_media":1654,"template":"","meta":[],"product_brand":[],"product_cat":[155,153,65],"product_tag":[],"class_list":{"0":"post-1653","1":"product","2":"type-product","3":"status-publish","4":"has-post-thumbnail","6":"product_cat-accessoires-injection","7":"product_cat-produits-dinjection","8":"product_cat-tous","9":"no-featured-image-padding","11":"first","12":"instock","13":"shipping-taxable","14":"product-type-simple"},"_links":{"self":[{"href":"https:\/\/www.distrocan.ca\/fr\/wp-json\/wp\/v2\/product\/1653","targetHints":{"allow":["GET"]}}],"collection":[{"href":"https:\/\/www.distrocan.ca\/fr\/wp-json\/wp\/v2\/product"}],"about":[{"href":"https:\/\/www.distrocan.ca\/fr\/wp-json\/wp\/v2\/types\/product"}],"wp:featuredmedia":[{"embeddable":true,"href":"https:\/\/www.distrocan.ca\/fr\/wp-json\/wp\/v2\/media\/1654"}],"wp:attachment":[{"href":"https:\/\/www.distrocan.ca\/fr\/wp-json\/wp\/v2\/media?parent=1653"}],"wp:term":[{"taxonomy":"product_brand","embeddable":true,"href":"https:\/\/www.distrocan.ca\/fr\/wp-json\/wp\/v2\/product_brand?post=1653"},{"taxonomy":"product_cat","embeddable":true,"href":"https:\/\/www.distrocan.ca\/fr\/wp-json\/wp\/v2\/product_cat?post=1653"},{"taxonomy":"product_tag","embeddable":true,"href":"https:\/\/www.distrocan.ca\/fr\/wp-json\/wp\/v2\/product_tag?post=1653"}],"curies":[{"name":"wp","href":"https:\/\/api.w.org\/{rel}","templated":true}]}}