{"id":1651,"date":"2025-02-24T11:28:13","date_gmt":"2025-02-24T16:28:13","guid":{"rendered":"https:\/\/www.distrocan.ca\/?post_type=product&#038;p=1651"},"modified":"2026-03-30T14:00:49","modified_gmt":"2026-03-30T18:00:49","slug":"rcf-mousse-expansible-polyurethane-en-cartouche-double","status":"publish","type":"product","link":"https:\/\/www.distrocan.ca\/fr\/produit\/rcf-mousse-expansible-polyurethane-en-cartouche-double\/","title":{"rendered":"RCF Polyur\u00e9thane en Cartouche Double"},"content":{"rendered":"<p class=\"p1\">La mousse expansible RCF Polyur\u00e9thane en cartouche double est une solution id\u00e9ale pour les applications dans les zones s\u00e8ches et humides. Con\u00e7ue pour l&#8217;injection, cette mousse expansible offre un ratio de m\u00e9lange de 1:1 et un temps de g\u00e9lification de seulement 3 minutes \u00e0 25\u00b0C, ce qui la rend rapide et efficace \u00e0 utiliser. Elle durcit pour devenir non collante en environ 45 minutes \u00e0 25\u00b0C. Avec une dur\u00e9e de conservation de 12 mois et un stockage dans des conditions s\u00e8ches entre 60\u00b0F et 95\u00b0F, cette mousse est de couleur brune\/jaune et est parfaite pour les applications de scellement et de remplissage dans divers environnements.<\/p>\n<ul class=\"ul1\">\n<li class=\"li2\">Conditions de stockage (m\u00e9t\u00e9o) : Conserver dans des conditions s\u00e8ches, entre 60\u00b0F et 95\u00b0F<\/li>\n<li class=\"li2\">Dur\u00e9e de vie (li\u00e9e au temps) : 12 mois<\/li>\n<li class=\"li2\">Couleur : Brune \/ Jaune<\/li>\n<li class=\"li2\">Temps de g\u00e9lification : 3 minutes (temps de travail \u00e0 25\u00b0C)<\/li>\n<li class=\"li2\">Temps de durcissement : 45 minutes pour \u00eatre non collant \u00e0 25\u00b0C<\/li>\n<li class=\"li2\">Ratio de m\u00e9lange : 1:1<\/li>\n<\/ul>\n<p><a href=\"https:\/\/www.distrocan.ca\/wp-content\/uploads\/2026\/03\/FG20077-PLOYURETHNE-INJECTION-FOAM-TDS-EN.pdf\" target=\"_blank\" rel=\"noopener\">Fiche de donn\u00e9es de s\u00e9curit\u00e9<br \/>\nFiche technique<br \/>\n<\/a><\/p>\n","protected":false},"excerpt":{"rendered":"","protected":false},"featured_media":1968,"template":"","meta":[],"product_brand":[],"product_cat":[155,153,65],"product_tag":[],"class_list":{"0":"post-1651","1":"product","2":"type-product","3":"status-publish","4":"has-post-thumbnail","6":"product_cat-accessoires-injection","7":"product_cat-produits-dinjection","8":"product_cat-tous","9":"no-featured-image-padding","11":"first","12":"instock","13":"shipping-taxable","14":"product-type-simple"},"_links":{"self":[{"href":"https:\/\/www.distrocan.ca\/fr\/wp-json\/wp\/v2\/product\/1651","targetHints":{"allow":["GET"]}}],"collection":[{"href":"https:\/\/www.distrocan.ca\/fr\/wp-json\/wp\/v2\/product"}],"about":[{"href":"https:\/\/www.distrocan.ca\/fr\/wp-json\/wp\/v2\/types\/product"}],"wp:featuredmedia":[{"embeddable":true,"href":"https:\/\/www.distrocan.ca\/fr\/wp-json\/wp\/v2\/media\/1968"}],"wp:attachment":[{"href":"https:\/\/www.distrocan.ca\/fr\/wp-json\/wp\/v2\/media?parent=1651"}],"wp:term":[{"taxonomy":"product_brand","embeddable":true,"href":"https:\/\/www.distrocan.ca\/fr\/wp-json\/wp\/v2\/product_brand?post=1651"},{"taxonomy":"product_cat","embeddable":true,"href":"https:\/\/www.distrocan.ca\/fr\/wp-json\/wp\/v2\/product_cat?post=1651"},{"taxonomy":"product_tag","embeddable":true,"href":"https:\/\/www.distrocan.ca\/fr\/wp-json\/wp\/v2\/product_tag?post=1651"}],"curies":[{"name":"wp","href":"https:\/\/api.w.org\/{rel}","templated":true}]}}